{"id":77217,"date":"2023-05-24T17:57:11","date_gmt":"2023-05-24T17:57:11","guid":{"rendered":"https:\/\/skinstudio.ee\/?post_type=product&#038;p=77217"},"modified":"2026-04-28T12:24:58","modified_gmt":"2026-04-28T12:24:58","slug":"estrogen-for-women","status":"publish","type":"product","link":"https:\/\/skinstudio.ee\/lv\/catalog\/life-extension\/estrogen-for-women\/","title":{"rendered":"Estrogen for Women"},"content":{"rendered":"<div class=\"row item-row\">\n<div class=\"col-xs-24\">\n<p data-start=\"1611\" data-end=\"1710\"><strong data-start=\"1618\" data-end=\"1658\">Estrogen for Women no Life Extension<\/strong> ir uztura bag\u0101tin\u0101t\u0101js ar augu ekstraktu kompleksu.<\/p>\n<p data-start=\"1712\" data-end=\"1903\">Formula satur Estro8PN\u00ae \u2014 koncentr\u0113tu api\u0146u ekstraktu, k\u0101 ar\u012b lakricas saknes ekstraktu un parast\u0101s egles lign\u0101nus. Papildus sast\u0101v\u0101 ir broko\u013cu ekstrakts, angelikas saknes ekstrakts un vitex.<\/p>\n<p data-start=\"1905\" data-end=\"1964\">Komplekss apvieno augu izcelsmes sast\u0101vda\u013cas kapsulu form\u0101.<\/p>\n<p data-start=\"1966\" data-end=\"1986\"><strong data-start=\"1966\" data-end=\"1984\">Ra\u017eots Eirop\u0101.<\/strong><\/p>\n<p data-start=\"1988\" data-end=\"2130\"><strong data-start=\"1988\" data-end=\"2007\">Ieteicams l\u012bdz:<\/strong> skat\u012bt uz iepakojuma<br data-start=\"2028\" data-end=\"2031\" \/><strong data-start=\"2031\" data-end=\"2057\">Uzglab\u0101\u0161anas apst\u0101k\u013ci:<\/strong> uzglab\u0101t cie\u0161i nosl\u0113gtu v\u0113s\u0101 un saus\u0101 viet\u0101<br data-start=\"2101\" data-end=\"2104\" \/><strong data-start=\"2104\" data-end=\"2116\">Tilpums:<\/strong> 30 kapsulas<\/p>\n<\/div>\n<\/div>\n","protected":false},"excerpt":{"rendered":"<p data-start=\"2137\" data-end=\"2168\">Uztura bag\u0101tin\u0101t\u0101js sieviet\u0113m<\/p>\n<h2 data-start=\"2170\" data-end=\"2218\"><strong data-start=\"2170\" data-end=\"2218\">\u012apa\u0161\u012bbas Life Extension &#8211; Estrogen for Women<\/strong><\/h2>\n<p data-start=\"2220\" data-end=\"2377\">\u2714\ufe0f Daudzkomponentu augu formula<br data-start=\"2251\" data-end=\"2254\" \/>\u2714\ufe0f Ekstraktu kombin\u0101cija vien\u0101 kapsul\u0101<br data-start=\"2292\" data-end=\"2295\" \/>\u2714\ufe0f Kapsulu forma \u0113rtai lieto\u0161anai<br data-start=\"2328\" data-end=\"2331\" \/>\u2714\ufe0f Bez hormoniem<br data-start=\"2347\" data-end=\"2350\" \/>\u2714\ufe0f Bez glut\u0113na un bez \u0122MO<\/p>\n","protected":false},"featured_media":92099,"template":"","meta":[],"pwb-brand":[774],"product_brand":[],"product_cat":[768],"product_tag":[],"giftcard-category":[],"class_list":{"0":"post-77217","1":"product","2":"type-product","3":"status-publish","4":"has-post-thumbnail","6":"pwb-brand-life-extension","7":"product_cat-vitamini","9":"first","10":"instock","11":"taxable","12":"shipping-taxable","13":"purchasable","14":"product-type-simple"},"acf":[],"brands":[{"id":774,"name":"Life Extension","slug":"life-extension"}],"_links":{"self":[{"href":"https:\/\/skinstudio.ee\/lv\/wp-json\/wp\/v2\/product\/77217","targetHints":{"allow":["GET"]}}],"collection":[{"href":"https:\/\/skinstudio.ee\/lv\/wp-json\/wp\/v2\/product"}],"about":[{"href":"https:\/\/skinstudio.ee\/lv\/wp-json\/wp\/v2\/types\/product"}],"version-history":[{"count":2,"href":"https:\/\/skinstudio.ee\/lv\/wp-json\/wp\/v2\/product\/77217\/revisions"}],"predecessor-version":[{"id":88190,"href":"https:\/\/skinstudio.ee\/lv\/wp-json\/wp\/v2\/product\/77217\/revisions\/88190"}],"wp:featuredmedia":[{"embeddable":true,"href":"https:\/\/skinstudio.ee\/lv\/wp-json\/wp\/v2\/media\/92099"}],"wp:attachment":[{"href":"https:\/\/skinstudio.ee\/lv\/wp-json\/wp\/v2\/media?parent=77217"}],"wp:term":[{"taxonomy":"pwb-brand","embeddable":true,"href":"https:\/\/skinstudio.ee\/lv\/wp-json\/wp\/v2\/pwb-brand?post=77217"},{"taxonomy":"product_brand","embeddable":true,"href":"https:\/\/skinstudio.ee\/lv\/wp-json\/wp\/v2\/product_brand?post=77217"},{"taxonomy":"product_cat","embeddable":true,"href":"https:\/\/skinstudio.ee\/lv\/wp-json\/wp\/v2\/product_cat?post=77217"},{"taxonomy":"product_tag","embeddable":true,"href":"https:\/\/skinstudio.ee\/lv\/wp-json\/wp\/v2\/product_tag?post=77217"},{"taxonomy":"giftcard-category","embeddable":true,"href":"https:\/\/skinstudio.ee\/lv\/wp-json\/wp\/v2\/giftcard-category?post=77217"}],"curies":[{"name":"wp","href":"https:\/\/api.w.org\/{rel}","templated":true}]}}