{"id":77225,"date":"2023-05-24T17:57:11","date_gmt":"2023-05-24T17:57:11","guid":{"rendered":"https:\/\/skinstudio.ee\/?post_type=product&#038;p=77225"},"modified":"2026-04-07T12:38:48","modified_gmt":"2026-04-07T12:38:48","slug":"vitamins-d-k","status":"publish","type":"product","link":"https:\/\/skinstudio.ee\/lv\/catalog\/life-extension\/vitamins-d-k\/","title":{"rendered":"Vitamins D &amp; K"},"content":{"rendered":"<p data-start=\"1456\" data-end=\"1545\"><strong data-start=\"1463\" data-end=\"1499\">Vitamins D &amp; K no Life Extension<\/strong> ir uztura bag\u0101tin\u0101t\u0101js ar vitam\u012bniem D3 un K.<\/p>\n<p data-start=\"1547\" data-end=\"1646\">Formula apvieno vitam\u012bnus D un K vien\u0101 kapsul\u0101. \u0160\u012b kombin\u0101cija tiek izmantota uztura bag\u0101tin\u0101t\u0101jos.<\/p>\n<p data-start=\"1648\" data-end=\"1691\">Produkts ir kapsulu form\u0101 \u0113rtai lieto\u0161anai.<\/p>\n<p data-start=\"1693\" data-end=\"1713\"><strong data-start=\"1693\" data-end=\"1711\">Ra\u017eots Eirop\u0101.<\/strong><\/p>\n<p data-start=\"1715\" data-end=\"1857\"><strong data-start=\"1715\" data-end=\"1734\">Ieteicams l\u012bdz:<\/strong> skat\u012bt uz iepakojuma<br data-start=\"1755\" data-end=\"1758\" \/><strong data-start=\"1758\" data-end=\"1784\">Uzglab\u0101\u0161anas apst\u0101k\u013ci:<\/strong> uzglab\u0101t cie\u0161i nosl\u0113gtu v\u0113s\u0101 un saus\u0101 viet\u0101<br data-start=\"1828\" data-end=\"1831\" \/><strong data-start=\"1831\" data-end=\"1843\">Tilpums:<\/strong> 60 kapsulas<\/p>\n","protected":false},"excerpt":{"rendered":"<p data-start=\"1864\" data-end=\"1906\">Uztura bag\u0101tin\u0101t\u0101js ar vitam\u012bniem D un K<\/p>\n<h2 data-start=\"1908\" data-end=\"1952\"><strong data-start=\"1908\" data-end=\"1952\">\u012apa\u0161\u012bbas Life Extension &#8211; Vitamins D &amp; K<\/strong><\/h2>\n<p data-start=\"1954\" data-end=\"2142\">\u2714\ufe0f Vitam\u012bnu D un K kombin\u0101cija vien\u0101 formul\u0101<br data-start=\"1998\" data-end=\"2001\" \/>\u2714\ufe0f Divi taukos \u0161\u0137\u012bsto\u0161i vitam\u012bni sast\u0101v\u0101<br data-start=\"2041\" data-end=\"2044\" \/>\u2714\ufe0f Kapsulu forma \u0113rtai lieto\u0161anai<br data-start=\"2077\" data-end=\"2080\" \/>\u2714\ufe0f Piem\u0113rots ikdienas lieto\u0161anai<br data-start=\"2112\" data-end=\"2115\" \/>\u2714\ufe0f Bez glut\u0113na un bez \u0122MO<\/p>\n","protected":false},"featured_media":77226,"template":"","meta":[],"pwb-brand":[774],"product_brand":[],"product_cat":[768],"product_tag":[],"giftcard-category":[],"class_list":{"0":"post-77225","1":"product","2":"type-product","3":"status-publish","4":"has-post-thumbnail","6":"pwb-brand-life-extension","7":"product_cat-vitamini","9":"first","10":"instock","11":"taxable","12":"shipping-taxable","13":"purchasable","14":"product-type-simple"},"acf":[],"brands":[{"id":774,"name":"Life Extension","slug":"life-extension"}],"_links":{"self":[{"href":"https:\/\/skinstudio.ee\/lv\/wp-json\/wp\/v2\/product\/77225","targetHints":{"allow":["GET"]}}],"collection":[{"href":"https:\/\/skinstudio.ee\/lv\/wp-json\/wp\/v2\/product"}],"about":[{"href":"https:\/\/skinstudio.ee\/lv\/wp-json\/wp\/v2\/types\/product"}],"version-history":[{"count":3,"href":"https:\/\/skinstudio.ee\/lv\/wp-json\/wp\/v2\/product\/77225\/revisions"}],"predecessor-version":[{"id":89704,"href":"https:\/\/skinstudio.ee\/lv\/wp-json\/wp\/v2\/product\/77225\/revisions\/89704"}],"wp:featuredmedia":[{"embeddable":true,"href":"https:\/\/skinstudio.ee\/lv\/wp-json\/wp\/v2\/media\/77226"}],"wp:attachment":[{"href":"https:\/\/skinstudio.ee\/lv\/wp-json\/wp\/v2\/media?parent=77225"}],"wp:term":[{"taxonomy":"pwb-brand","embeddable":true,"href":"https:\/\/skinstudio.ee\/lv\/wp-json\/wp\/v2\/pwb-brand?post=77225"},{"taxonomy":"product_brand","embeddable":true,"href":"https:\/\/skinstudio.ee\/lv\/wp-json\/wp\/v2\/product_brand?post=77225"},{"taxonomy":"product_cat","embeddable":true,"href":"https:\/\/skinstudio.ee\/lv\/wp-json\/wp\/v2\/product_cat?post=77225"},{"taxonomy":"product_tag","embeddable":true,"href":"https:\/\/skinstudio.ee\/lv\/wp-json\/wp\/v2\/product_tag?post=77225"},{"taxonomy":"giftcard-category","embeddable":true,"href":"https:\/\/skinstudio.ee\/lv\/wp-json\/wp\/v2\/giftcard-category?post=77225"}],"curies":[{"name":"wp","href":"https:\/\/api.w.org\/{rel}","templated":true}]}}