{"id":77233,"date":"2023-05-24T17:57:10","date_gmt":"2023-05-24T17:57:10","guid":{"rendered":"https:\/\/skinstudio.ee\/?post_type=product&#038;p=77233"},"modified":"2026-04-07T12:43:20","modified_gmt":"2026-04-07T12:43:20","slug":"vitamin-c-24-hour-liposomal-hydrogel-formula","status":"publish","type":"product","link":"https:\/\/skinstudio.ee\/lv\/catalog\/life-extension\/vitamin-c-24-hour-liposomal-hydrogel-formula\/","title":{"rendered":"Vitamin C 24-Hour Liposomal Hydrogel\u2122 Formula"},"content":{"rendered":"<p data-start=\"1889\" data-end=\"2012\"><strong data-start=\"1896\" data-end=\"1963\">Vitamin C 24-Hour Liposomal Hydrogel\u2122 Formula no Life Extension<\/strong> ir uztura bag\u0101tin\u0101t\u0101js ar liposom\u0101lo C vitam\u012bnu.<\/p>\n<p data-start=\"2014\" data-end=\"2203\">Formula nodro\u0161ina 350 mg C vitam\u012bna, kas apvienots ar liposom\u0101lu pieg\u0101des sist\u0113mu uz saulespu\u0137u e\u013c\u013cas lip\u012bdu b\u0101zes. Papildus sast\u0101v\u0101 ir hidrog\u0113ls no grie\u0137u sier\u0101boli\u0146a s\u0113klu galaktomann\u0101na.<\/p>\n<p data-start=\"2205\" data-end=\"2310\">Kombin\u0101cija nodro\u0161ina pak\u0101penisku C vitam\u012bna izdal\u012b\u0161anos ilg\u0101k\u0101 laika period\u0101. Produkts ir kapsulu form\u0101.<\/p>\n<p data-start=\"2312\" data-end=\"2332\"><strong data-start=\"2312\" data-end=\"2330\">Ra\u017eots Eirop\u0101.<\/strong><\/p>\n<p data-start=\"2334\" data-end=\"2476\"><strong data-start=\"2334\" data-end=\"2353\">Ieteicams l\u012bdz:<\/strong> skat\u012bt uz iepakojuma<br data-start=\"2374\" data-end=\"2377\" \/><strong data-start=\"2377\" data-end=\"2403\">Uzglab\u0101\u0161anas apst\u0101k\u013ci:<\/strong> uzglab\u0101t cie\u0161i nosl\u0113gtu v\u0113s\u0101 un saus\u0101 viet\u0101<br data-start=\"2447\" data-end=\"2450\" \/><strong data-start=\"2450\" data-end=\"2462\">Tilpums:<\/strong> 60 kapsulas<\/p>\n","protected":false},"excerpt":{"rendered":"<p data-start=\"2483\" data-end=\"2529\">Uztura bag\u0101tin\u0101t\u0101js ar liposom\u0101lo C vitam\u012bnu<\/p>\n<h2 data-start=\"2531\" data-end=\"2606\"><strong data-start=\"2531\" data-end=\"2606\">\u012apa\u0161\u012bbas Life Extension &#8211; Vitamin C 24-Hour Liposomal Hydrogel\u2122 Formula<\/strong><\/h2>\n<p data-start=\"2608\" data-end=\"2788\">\u2714\ufe0f 350 mg C vitam\u012bna vien\u0101 porcij\u0101<br data-start=\"2642\" data-end=\"2645\" \/>\u2714\ufe0f Liposom\u0101l\u0101 pieg\u0101des sist\u0113ma<br data-start=\"2675\" data-end=\"2678\" \/>\u2714\ufe0f Formula ar galaktomann\u0101na hidrog\u0113lu<br data-start=\"2716\" data-end=\"2719\" \/>\u2714\ufe0f Pak\u0101peniska izdal\u012b\u0161an\u0101s dienas laik\u0101<br data-start=\"2758\" data-end=\"2761\" \/>\u2714\ufe0f Bez glut\u0113na un bez \u0122MO<\/p>\n","protected":false},"featured_media":77234,"template":"","meta":[],"pwb-brand":[774],"product_brand":[],"product_cat":[768],"product_tag":[],"giftcard-category":[],"class_list":{"0":"post-77233","1":"product","2":"type-product","3":"status-publish","4":"has-post-thumbnail","6":"pwb-brand-life-extension","7":"product_cat-vitamini","9":"first","10":"instock","11":"taxable","12":"shipping-taxable","13":"purchasable","14":"product-type-simple"},"acf":[],"brands":[{"id":774,"name":"Life Extension","slug":"life-extension"}],"_links":{"self":[{"href":"https:\/\/skinstudio.ee\/lv\/wp-json\/wp\/v2\/product\/77233","targetHints":{"allow":["GET"]}}],"collection":[{"href":"https:\/\/skinstudio.ee\/lv\/wp-json\/wp\/v2\/product"}],"about":[{"href":"https:\/\/skinstudio.ee\/lv\/wp-json\/wp\/v2\/types\/product"}],"version-history":[{"count":2,"href":"https:\/\/skinstudio.ee\/lv\/wp-json\/wp\/v2\/product\/77233\/revisions"}],"predecessor-version":[{"id":88200,"href":"https:\/\/skinstudio.ee\/lv\/wp-json\/wp\/v2\/product\/77233\/revisions\/88200"}],"wp:featuredmedia":[{"embeddable":true,"href":"https:\/\/skinstudio.ee\/lv\/wp-json\/wp\/v2\/media\/77234"}],"wp:attachment":[{"href":"https:\/\/skinstudio.ee\/lv\/wp-json\/wp\/v2\/media?parent=77233"}],"wp:term":[{"taxonomy":"pwb-brand","embeddable":true,"href":"https:\/\/skinstudio.ee\/lv\/wp-json\/wp\/v2\/pwb-brand?post=77233"},{"taxonomy":"product_brand","embeddable":true,"href":"https:\/\/skinstudio.ee\/lv\/wp-json\/wp\/v2\/product_brand?post=77233"},{"taxonomy":"product_cat","embeddable":true,"href":"https:\/\/skinstudio.ee\/lv\/wp-json\/wp\/v2\/product_cat?post=77233"},{"taxonomy":"product_tag","embeddable":true,"href":"https:\/\/skinstudio.ee\/lv\/wp-json\/wp\/v2\/product_tag?post=77233"},{"taxonomy":"giftcard-category","embeddable":true,"href":"https:\/\/skinstudio.ee\/lv\/wp-json\/wp\/v2\/giftcard-category?post=77233"}],"curies":[{"name":"wp","href":"https:\/\/api.w.org\/{rel}","templated":true}]}}