{"id":77241,"date":"2023-05-24T17:57:10","date_gmt":"2023-05-24T17:57:10","guid":{"rendered":"https:\/\/skinstudio.ee\/?post_type=product&#038;p=77241"},"modified":"2026-04-07T12:44:51","modified_gmt":"2026-04-07T12:44:51","slug":"vitamin-d3-3000-iu","status":"publish","type":"product","link":"https:\/\/skinstudio.ee\/lv\/catalog\/life-extension\/vitamin-d3-3000-iu\/","title":{"rendered":"Vitamin D3 (3000 IU)"},"content":{"rendered":"<div class=\"row item-row\">\n<div class=\"col-xs-24\">\n<p data-start=\"2767\" data-end=\"2865\"><strong data-start=\"2767\" data-end=\"2809\">Vitamin D3 (3000 IU) no Life Extension<\/strong> &#8211; uztura bag\u0101tin\u0101t\u0101js ar D3 vitam\u012bnu (holekalciferolu).<\/p>\n<p data-start=\"2867\" data-end=\"3034\">D vitam\u012bns veicina norm\u0101lu kalcija un fosfora uzs\u016bk\u0161anos, norm\u0101lu kaulu un zobu st\u0101vokli, k\u0101 ar\u012b norm\u0101lu im\u016bnsist\u0113mas darb\u012bbu. Tas ar\u012b veicina norm\u0101lu musku\u013cu darb\u012bbu.<\/p>\n<p data-start=\"3036\" data-end=\"3124\">Formula satur 75 \u03bcg (3000 IU) D3 vitam\u012bna un ir kapsulu veid\u0101 \u0113rtai ikdienas lieto\u0161anai.<\/p>\n<p data-start=\"3126\" data-end=\"3282\"><strong data-start=\"3126\" data-end=\"3144\">Ra\u017eots Eirop\u0101.<\/strong><br data-start=\"3144\" data-end=\"3147\" \/><strong data-start=\"3147\" data-end=\"3168\">Der\u012bguma termi\u0146\u0161:<\/strong> skat\u012bt uz iepakojuma<br data-start=\"3189\" data-end=\"3192\" \/><strong data-start=\"3192\" data-end=\"3208\">Uzglab\u0101\u0161ana:<\/strong> uzglab\u0101t cie\u0161i nosl\u0113gtu v\u0113s\u0101 un saus\u0101 viet\u0101<br data-start=\"3252\" data-end=\"3255\" \/><strong data-start=\"3255\" data-end=\"3267\">Tilpums:<\/strong> 120 kapsulas<\/p>\n<\/div>\n<\/div>\n","protected":false},"excerpt":{"rendered":"<p data-start=\"3289\" data-end=\"3325\">Uztura bag\u0101tin\u0101t\u0101js ar D3 vitam\u012bnu<\/p>\n<h2 data-section-id=\"1amdhj0\" data-start=\"3327\" data-end=\"3381\"><strong data-start=\"3331\" data-end=\"3381\">\u012apa\u0161\u012bbas Life Extension &#8211; Vitamin D3 (3000 IU)<\/strong><\/h2>\n<p data-start=\"3383\" data-end=\"3539\">\u2714\ufe0f 75 \u03bcg (3000 IU) D3 vitam\u012bna kapsul\u0101<br data-start=\"3421\" data-end=\"3424\" \/>\u2714\ufe0f Holekalciferola (D3) forma<br data-start=\"3453\" data-end=\"3456\" \/>\u2714\ufe0f Kapsulu forma \u0113rtai lieto\u0161anai<br data-start=\"3489\" data-end=\"3492\" \/>\u2714\ufe0f Piem\u0113rots ikdienas lieto\u0161anai<br data-start=\"3524\" data-end=\"3527\" \/>\u2714\ufe0f Bez \u0122\u041c\u041e<\/p>\n","protected":false},"featured_media":77242,"template":"","meta":[],"pwb-brand":[774],"product_brand":[],"product_cat":[768],"product_tag":[],"giftcard-category":[],"class_list":{"0":"post-77241","1":"product","2":"type-product","3":"status-publish","4":"has-post-thumbnail","6":"pwb-brand-life-extension","7":"product_cat-vitamini","9":"first","10":"instock","11":"taxable","12":"shipping-taxable","13":"purchasable","14":"product-type-simple"},"acf":[],"brands":[{"id":774,"name":"Life Extension","slug":"life-extension"}],"_links":{"self":[{"href":"https:\/\/skinstudio.ee\/lv\/wp-json\/wp\/v2\/product\/77241","targetHints":{"allow":["GET"]}}],"collection":[{"href":"https:\/\/skinstudio.ee\/lv\/wp-json\/wp\/v2\/product"}],"about":[{"href":"https:\/\/skinstudio.ee\/lv\/wp-json\/wp\/v2\/types\/product"}],"version-history":[{"count":3,"href":"https:\/\/skinstudio.ee\/lv\/wp-json\/wp\/v2\/product\/77241\/revisions"}],"predecessor-version":[{"id":89706,"href":"https:\/\/skinstudio.ee\/lv\/wp-json\/wp\/v2\/product\/77241\/revisions\/89706"}],"wp:featuredmedia":[{"embeddable":true,"href":"https:\/\/skinstudio.ee\/lv\/wp-json\/wp\/v2\/media\/77242"}],"wp:attachment":[{"href":"https:\/\/skinstudio.ee\/lv\/wp-json\/wp\/v2\/media?parent=77241"}],"wp:term":[{"taxonomy":"pwb-brand","embeddable":true,"href":"https:\/\/skinstudio.ee\/lv\/wp-json\/wp\/v2\/pwb-brand?post=77241"},{"taxonomy":"product_brand","embeddable":true,"href":"https:\/\/skinstudio.ee\/lv\/wp-json\/wp\/v2\/product_brand?post=77241"},{"taxonomy":"product_cat","embeddable":true,"href":"https:\/\/skinstudio.ee\/lv\/wp-json\/wp\/v2\/product_cat?post=77241"},{"taxonomy":"product_tag","embeddable":true,"href":"https:\/\/skinstudio.ee\/lv\/wp-json\/wp\/v2\/product_tag?post=77241"},{"taxonomy":"giftcard-category","embeddable":true,"href":"https:\/\/skinstudio.ee\/lv\/wp-json\/wp\/v2\/giftcard-category?post=77241"}],"curies":[{"name":"wp","href":"https:\/\/api.w.org\/{rel}","templated":true}]}}