{"id":77252,"date":"2023-05-24T17:57:10","date_gmt":"2023-05-24T17:57:10","guid":{"rendered":"https:\/\/skinstudio.ee\/?post_type=product&#038;p=77252"},"modified":"2026-04-07T12:48:12","modified_gmt":"2026-04-07T12:48:12","slug":"magnesium-caps","status":"publish","type":"product","link":"https:\/\/skinstudio.ee\/lv\/catalog\/life-extension\/magnesium-caps\/","title":{"rendered":"Magnesium Caps"},"content":{"rendered":"<div class=\"row item-row\">\n<div class=\"col-xs-24\">\n<p data-start=\"1512\" data-end=\"1604\"><strong data-start=\"1519\" data-end=\"1555\">Magnesium Caps no Life Extension<\/strong> ir uztura bag\u0101tin\u0101t\u0101js ar magniju kapsulu form\u0101.<\/p>\n<p data-start=\"1606\" data-end=\"1729\">Formula apvieno tr\u012bs magnija formas: oks\u012bdu, citr\u0101tu un sukcin\u0101tu. Komplekss apvieno da\u017e\u0101das miner\u0101la formas vien\u0101 formul\u0101.<\/p>\n<p data-start=\"1731\" data-end=\"1774\">Produkts ir kapsulu form\u0101 \u0113rtai lieto\u0161anai.<\/p>\n<p data-start=\"1776\" data-end=\"1796\"><strong data-start=\"1776\" data-end=\"1794\">Ra\u017eots Eirop\u0101.<\/strong><\/p>\n<p data-start=\"1798\" data-end=\"1941\"><strong data-start=\"1798\" data-end=\"1817\">Ieteicams l\u012bdz:<\/strong> skat\u012bt uz iepakojuma<br data-start=\"1838\" data-end=\"1841\" \/><strong data-start=\"1841\" data-end=\"1867\">Uzglab\u0101\u0161anas apst\u0101k\u013ci:<\/strong> uzglab\u0101t cie\u0161i nosl\u0113gtu v\u0113s\u0101 un saus\u0101 viet\u0101<br data-start=\"1911\" data-end=\"1914\" \/><strong data-start=\"1914\" data-end=\"1926\">Tilpums:<\/strong> 100 kapsulas<\/p>\n<\/div>\n<\/div>\n","protected":false},"excerpt":{"rendered":"<p data-start=\"1948\" data-end=\"1980\">Uztura bag\u0101tin\u0101t\u0101js ar magniju<\/p>\n<h2 data-start=\"1982\" data-end=\"2026\"><strong data-start=\"1982\" data-end=\"2026\">\u012apa\u0161\u012bbas Life Extension &#8211; Magnesium Caps<\/strong><\/h2>\n<p data-start=\"2028\" data-end=\"2207\">\u2714\ufe0f Tr\u012bs magnija formas vien\u0101 formul\u0101<br data-start=\"2064\" data-end=\"2067\" \/>\u2714\ufe0f Magnija oks\u012bds, citr\u0101ts un sukcin\u0101ts<br data-start=\"2106\" data-end=\"2109\" \/>\u2714\ufe0f Kapsulu forma \u0113rtai lieto\u0161anai<br data-start=\"2142\" data-end=\"2145\" \/>\u2714\ufe0f Piem\u0113rots ikdienas lieto\u0161anai<br data-start=\"2177\" data-end=\"2180\" \/>\u2714\ufe0f Bez glut\u0113na un bez \u0122MO<\/p>\n","protected":false},"featured_media":92008,"template":"","meta":[],"pwb-brand":[774],"product_brand":[],"product_cat":[768],"product_tag":[],"giftcard-category":[],"class_list":{"0":"post-77252","1":"product","2":"type-product","3":"status-publish","4":"has-post-thumbnail","6":"pwb-brand-life-extension","7":"product_cat-vitamini","9":"first","10":"instock","11":"taxable","12":"shipping-taxable","13":"purchasable","14":"product-type-simple"},"acf":[],"brands":[{"id":774,"name":"Life Extension","slug":"life-extension"}],"_links":{"self":[{"href":"https:\/\/skinstudio.ee\/lv\/wp-json\/wp\/v2\/product\/77252","targetHints":{"allow":["GET"]}}],"collection":[{"href":"https:\/\/skinstudio.ee\/lv\/wp-json\/wp\/v2\/product"}],"about":[{"href":"https:\/\/skinstudio.ee\/lv\/wp-json\/wp\/v2\/types\/product"}],"version-history":[{"count":3,"href":"https:\/\/skinstudio.ee\/lv\/wp-json\/wp\/v2\/product\/77252\/revisions"}],"predecessor-version":[{"id":89707,"href":"https:\/\/skinstudio.ee\/lv\/wp-json\/wp\/v2\/product\/77252\/revisions\/89707"}],"wp:featuredmedia":[{"embeddable":true,"href":"https:\/\/skinstudio.ee\/lv\/wp-json\/wp\/v2\/media\/92008"}],"wp:attachment":[{"href":"https:\/\/skinstudio.ee\/lv\/wp-json\/wp\/v2\/media?parent=77252"}],"wp:term":[{"taxonomy":"pwb-brand","embeddable":true,"href":"https:\/\/skinstudio.ee\/lv\/wp-json\/wp\/v2\/pwb-brand?post=77252"},{"taxonomy":"product_brand","embeddable":true,"href":"https:\/\/skinstudio.ee\/lv\/wp-json\/wp\/v2\/product_brand?post=77252"},{"taxonomy":"product_cat","embeddable":true,"href":"https:\/\/skinstudio.ee\/lv\/wp-json\/wp\/v2\/product_cat?post=77252"},{"taxonomy":"product_tag","embeddable":true,"href":"https:\/\/skinstudio.ee\/lv\/wp-json\/wp\/v2\/product_tag?post=77252"},{"taxonomy":"giftcard-category","embeddable":true,"href":"https:\/\/skinstudio.ee\/lv\/wp-json\/wp\/v2\/giftcard-category?post=77252"}],"curies":[{"name":"wp","href":"https:\/\/api.w.org\/{rel}","templated":true}]}}