{"id":77260,"date":"2023-05-24T17:57:10","date_gmt":"2023-05-24T17:57:10","guid":{"rendered":"https:\/\/skinstudio.ee\/?post_type=product&#038;p=77260"},"modified":"2026-04-07T12:41:50","modified_gmt":"2026-04-07T12:41:50","slug":"melatonin-ir-xr","status":"publish","type":"product","link":"https:\/\/skinstudio.ee\/lv\/catalog\/life-extension\/melatonin-ir-xr\/","title":{"rendered":"Melatonin IR\/XR"},"content":{"rendered":"<div class=\"row item-row\">\n<div class=\"col-xs-24\">\n<p data-start=\"132\" data-end=\"337\">Melatonin IR\/XR no Life Extension ir uztura bag\u0101tin\u0101t\u0101js, kas satur MicroActive\u00ae melaton\u012bnu. Formula apvieno t\u016bl\u012bt\u0113ju un pagarin\u0101tu izdal\u012b\u0161anos, \u013caujot melaton\u012bnam pak\u0101peniski izdal\u012bties visas nakts laik\u0101.<\/p>\n<p data-start=\"339\" data-end=\"527\">Katra kapsula satur 1,5 mg MicroActive\u00ae melaton\u012bna &#8211; patent\u0113tu formu ar uzlabotu biopieejam\u012bbu. Divk\u0101r\u0161\u0101s izdal\u012b\u0161an\u0101s tehnolo\u0123ija apvieno \u0101tro un pagarin\u0101to izdal\u012b\u0161an\u0101s f\u0101zi vien\u0101 kapsul\u0101.<\/p>\n<p data-start=\"529\" data-end=\"677\">Melatonin IR\/XR ir izstr\u0101d\u0101ts \u0113rtai lieto\u0161anai pirms miega.<\/p>\n<p data-start=\"679\" data-end=\"693\"><strong>Ra\u017eots Eirop\u0101.<\/strong><\/p>\n<p data-start=\"695\" data-end=\"825\"><strong>Der\u012bguma termi\u0146\u0161:<\/strong> skat\u012bt uz iepakojuma<br data-start=\"733\" data-end=\"736\" \/><strong>Uzglab\u0101\u0161anas apst\u0101k\u013ci:<\/strong> uzglab\u0101t cie\u0161i nosl\u0113gtu v\u0113s\u0101 un saus\u0101 viet\u0101<br data-start=\"802\" data-end=\"805\" \/><strong>Tilpums:<\/strong> 60 kapsulas<\/p>\n<\/div>\n<\/div>\n","protected":false},"excerpt":{"rendered":"<p data-start=\"1646\" data-end=\"1679\">Uztura bag\u0101tin\u0101t\u0101js ar melaton\u012bnu<\/p>\n<h2 data-start=\"1681\" data-end=\"1722\"><strong>\u012apa\u0161\u012bbas Life Extension &#8211; Melatonin IR\/XR<\/strong><\/h2>\n<p data-start=\"1724\" data-end=\"1912\">\u2714\ufe0f MicroActive\u00ae melaton\u012bns kapsul\u0101s<br data-start=\"1759\" data-end=\"1762\" \/>\u2714\ufe0f T\u016bl\u012bt\u0113jas un pagarin\u0101tas izdal\u012b\u0161an\u0101s kombin\u0101cija<br data-start=\"1813\" data-end=\"1816\" \/>\u2714\ufe0f 1,5 mg melaton\u012bna vien\u0101 kapsul\u0101<br data-start=\"1850\" data-end=\"1853\" \/>\u2714\ufe0f Nesatur glut\u0113nu<br data-start=\"1871\" data-end=\"1874\" \/>\u2714\ufe0f Bez GMO<\/p>\n","protected":false},"featured_media":92094,"template":"","meta":[],"pwb-brand":[774],"product_brand":[],"product_cat":[768],"product_tag":[],"giftcard-category":[],"class_list":{"0":"post-77260","1":"product","2":"type-product","3":"status-publish","4":"has-post-thumbnail","6":"pwb-brand-life-extension","7":"product_cat-vitamini","9":"first","10":"instock","11":"taxable","12":"shipping-taxable","13":"purchasable","14":"product-type-simple"},"acf":[],"brands":[{"id":774,"name":"Life Extension","slug":"life-extension"}],"_links":{"self":[{"href":"https:\/\/skinstudio.ee\/lv\/wp-json\/wp\/v2\/product\/77260","targetHints":{"allow":["GET"]}}],"collection":[{"href":"https:\/\/skinstudio.ee\/lv\/wp-json\/wp\/v2\/product"}],"about":[{"href":"https:\/\/skinstudio.ee\/lv\/wp-json\/wp\/v2\/types\/product"}],"version-history":[{"count":3,"href":"https:\/\/skinstudio.ee\/lv\/wp-json\/wp\/v2\/product\/77260\/revisions"}],"predecessor-version":[{"id":85113,"href":"https:\/\/skinstudio.ee\/lv\/wp-json\/wp\/v2\/product\/77260\/revisions\/85113"}],"wp:featuredmedia":[{"embeddable":true,"href":"https:\/\/skinstudio.ee\/lv\/wp-json\/wp\/v2\/media\/92094"}],"wp:attachment":[{"href":"https:\/\/skinstudio.ee\/lv\/wp-json\/wp\/v2\/media?parent=77260"}],"wp:term":[{"taxonomy":"pwb-brand","embeddable":true,"href":"https:\/\/skinstudio.ee\/lv\/wp-json\/wp\/v2\/pwb-brand?post=77260"},{"taxonomy":"product_brand","embeddable":true,"href":"https:\/\/skinstudio.ee\/lv\/wp-json\/wp\/v2\/product_brand?post=77260"},{"taxonomy":"product_cat","embeddable":true,"href":"https:\/\/skinstudio.ee\/lv\/wp-json\/wp\/v2\/product_cat?post=77260"},{"taxonomy":"product_tag","embeddable":true,"href":"https:\/\/skinstudio.ee\/lv\/wp-json\/wp\/v2\/product_tag?post=77260"},{"taxonomy":"giftcard-category","embeddable":true,"href":"https:\/\/skinstudio.ee\/lv\/wp-json\/wp\/v2\/giftcard-category?post=77260"}],"curies":[{"name":"wp","href":"https:\/\/api.w.org\/{rel}","templated":true}]}}