{"id":77282,"date":"2025-08-07T09:55:41","date_gmt":"2025-08-07T09:55:41","guid":{"rendered":"https:\/\/skinstudio.ee\/?post_type=product&#038;p=77282"},"modified":"2026-04-28T13:07:27","modified_gmt":"2026-04-28T13:07:27","slug":"ergo-thione","status":"publish","type":"product","link":"https:\/\/skinstudio.ee\/lv\/catalog\/quicksilver\/ergo-thione\/","title":{"rendered":"Ergo-Thione+"},"content":{"rendered":"<p data-start=\"3016\" data-end=\"3160\"><strong data-start=\"3016\" data-end=\"3047\">Ergo-Thione+ no Quicksilver<\/strong> ir uztura bag\u0101tin\u0101t\u0101js ar ergotion\u012bnu liposom\u0101l\u0101 form\u0101. Ergotion\u012bns ir dabisks savienojums, kas sastopams s\u0113n\u0113s.<\/p>\n<p data-start=\"3162\" data-end=\"3325\">Formula apvieno ergotion\u012bnu ar C vitam\u012bnu, glutationu, sel\u0113nu un E vitam\u012bnu. Liposom\u0101l\u0101 tehnolo\u0123ija tiek izmantota akt\u012bvo vielu aizsardz\u012bbai un to transport\u0113\u0161anai.<\/p>\n<p data-start=\"3327\" data-end=\"3352\">Produkts ir \u0161\u0137idr\u0101 form\u0101.<\/p>\n<p data-start=\"3354\" data-end=\"3391\">Ra\u017eots ASV, Quicksilver Scientific.<\/p>\n<p data-start=\"3393\" data-end=\"3572\"><strong data-start=\"3393\" data-end=\"3414\">Der\u012bguma termi\u0146\u0161:<\/strong> skat\u012bt uz iepakojuma<br data-start=\"3435\" data-end=\"3438\" \/><strong data-start=\"3438\" data-end=\"3464\">Uzglab\u0101\u0161anas apst\u0101k\u013ci:<\/strong> p\u0113c atv\u0113r\u0161anas uzglab\u0101t ledusskap\u012b, stabilit\u0101te l\u012bdz 18 m\u0113ne\u0161iem pareizos apst\u0101k\u013cos<br data-start=\"3548\" data-end=\"3551\" \/><strong data-start=\"3551\" data-end=\"3563\">Tilpums:<\/strong> 100 ml<\/p>\n","protected":false},"excerpt":{"rendered":"<p data-start=\"2742\" data-end=\"2797\">Uztura bag\u0101tin\u0101t\u0101js ar liposom\u0101lu ergotion\u012bna formulu<\/p>\n<h2 data-start=\"2799\" data-end=\"2838\"><strong data-start=\"2799\" data-end=\"2838\">\u012apa\u0161\u012bbas Quicksilver &#8211; Ergo-Thione+<\/strong><\/h2>\n<p data-start=\"2840\" data-end=\"3009\">\u2714\ufe0f Liposom\u0101la akt\u012bvo vielu forma<br data-start=\"2872\" data-end=\"2875\" \/>\u2714\ufe0f Satur ergotion\u012bnu<br data-start=\"2895\" data-end=\"2898\" \/>\u2714\ufe0f Kombin\u0101cija ar C, E vitam\u012bnu, sel\u0113nu un glutationu<br data-start=\"2951\" data-end=\"2954\" \/>\u2714\ufe0f \u0160\u0137idr\u0101 forma \u0113rtai lieto\u0161anai<br data-start=\"2986\" data-end=\"2989\" \/>\u2714\ufe0f Nesatur glut\u0113nu<\/p>\n","protected":false},"featured_media":40085,"template":"","meta":[],"pwb-brand":[1251],"product_brand":[],"product_cat":[768],"product_tag":[],"giftcard-category":[],"class_list":{"0":"post-77282","1":"product","2":"type-product","3":"status-publish","4":"has-post-thumbnail","6":"pwb-brand-quicksilver","7":"product_cat-vitamini","9":"first","10":"instock","11":"taxable","12":"shipping-taxable","13":"purchasable","14":"product-type-simple"},"acf":[],"brands":[{"id":1251,"name":"Quicksilver","slug":"quicksilver"}],"_links":{"self":[{"href":"https:\/\/skinstudio.ee\/lv\/wp-json\/wp\/v2\/product\/77282","targetHints":{"allow":["GET"]}}],"collection":[{"href":"https:\/\/skinstudio.ee\/lv\/wp-json\/wp\/v2\/product"}],"about":[{"href":"https:\/\/skinstudio.ee\/lv\/wp-json\/wp\/v2\/types\/product"}],"version-history":[{"count":2,"href":"https:\/\/skinstudio.ee\/lv\/wp-json\/wp\/v2\/product\/77282\/revisions"}],"predecessor-version":[{"id":89464,"href":"https:\/\/skinstudio.ee\/lv\/wp-json\/wp\/v2\/product\/77282\/revisions\/89464"}],"wp:featuredmedia":[{"embeddable":true,"href":"https:\/\/skinstudio.ee\/lv\/wp-json\/wp\/v2\/media\/40085"}],"wp:attachment":[{"href":"https:\/\/skinstudio.ee\/lv\/wp-json\/wp\/v2\/media?parent=77282"}],"wp:term":[{"taxonomy":"pwb-brand","embeddable":true,"href":"https:\/\/skinstudio.ee\/lv\/wp-json\/wp\/v2\/pwb-brand?post=77282"},{"taxonomy":"product_brand","embeddable":true,"href":"https:\/\/skinstudio.ee\/lv\/wp-json\/wp\/v2\/product_brand?post=77282"},{"taxonomy":"product_cat","embeddable":true,"href":"https:\/\/skinstudio.ee\/lv\/wp-json\/wp\/v2\/product_cat?post=77282"},{"taxonomy":"product_tag","embeddable":true,"href":"https:\/\/skinstudio.ee\/lv\/wp-json\/wp\/v2\/product_tag?post=77282"},{"taxonomy":"giftcard-category","embeddable":true,"href":"https:\/\/skinstudio.ee\/lv\/wp-json\/wp\/v2\/giftcard-category?post=77282"}],"curies":[{"name":"wp","href":"https:\/\/api.w.org\/{rel}","templated":true}]}}