{"id":77286,"date":"2025-08-07T09:53:17","date_gmt":"2025-08-07T09:53:17","guid":{"rendered":"https:\/\/skinstudio.ee\/?post_type=product&#038;p=77286"},"modified":"2026-04-28T13:10:27","modified_gmt":"2026-04-28T13:10:27","slug":"performance-cardio","status":"publish","type":"product","link":"https:\/\/skinstudio.ee\/lv\/catalog\/quicksilver\/performance-cardio\/","title":{"rendered":"Performance Cardio+"},"content":{"rendered":"<p data-start=\"3135\" data-end=\"3272\"><strong data-start=\"3135\" data-end=\"3173\">Performance Cardio+ no Quicksilver<\/strong> ir uztura bag\u0101tin\u0101t\u0101js ar liposom\u0101lu formulu, kas satur augu ekstraktus un bot\u0101niskos komponentus.<\/p>\n<p data-start=\"3274\" data-end=\"3416\">Formula apvieno vilk\u0101beles ogu ekstraktu, dan shen, notoginseng un ginkgo lapas. T\u0101pat sast\u0101v\u0101 ir he shou wu, bosvelija, mirre un kan\u0113\u013ca e\u013c\u013ca.<\/p>\n<p data-start=\"3418\" data-end=\"3504\">Liposom\u0101l\u0101 tehnolo\u0123ija tiek izmantota akt\u012bvo vielu aizsardz\u012bbai un to transport\u0113\u0161anai.<\/p>\n<p data-start=\"3506\" data-end=\"3531\">Produkts ir \u0161\u0137idr\u0101 form\u0101.<\/p>\n<p data-start=\"3533\" data-end=\"3570\">Ra\u017eots ASV, Quicksilver Scientific.<\/p>\n<p data-start=\"3572\" data-end=\"3751\"><strong data-start=\"3572\" data-end=\"3593\">Der\u012bguma termi\u0146\u0161:<\/strong> skat\u012bt uz iepakojuma<br data-start=\"3614\" data-end=\"3617\" \/><strong data-start=\"3617\" data-end=\"3643\">Uzglab\u0101\u0161anas apst\u0101k\u013ci:<\/strong> p\u0113c atv\u0113r\u0161anas uzglab\u0101t ledusskap\u012b; stabilit\u0101te l\u012bdz 18 m\u0113ne\u0161iem pareizos apst\u0101k\u013cos<br data-start=\"3727\" data-end=\"3730\" \/><strong data-start=\"3730\" data-end=\"3742\">Tilpums:<\/strong> 100 ml<\/p>\n","protected":false},"excerpt":{"rendered":"<p data-start=\"4366\" data-end=\"4419\">Uztura bag\u0101tin\u0101t\u0101js ar liposom\u0101lu bot\u0101nisko formulu<\/p>\n<h2 data-start=\"4421\" data-end=\"4467\"><strong data-start=\"4421\" data-end=\"4467\">\u012apa\u0161\u012bbas Quicksilver &#8211; Performance Cardio+<\/strong><\/h2>\n<p data-start=\"4469\" data-end=\"4653\">\u2714\ufe0f Liposom\u0101la akt\u012bvo vielu forma<br data-start=\"4501\" data-end=\"4504\" \/>\u2714\ufe0f Satur augu ekstraktus un e\u013c\u013cas<br data-start=\"4537\" data-end=\"4540\" \/>\u2714\ufe0f Rietumu un Austrumu bot\u0101nisko komponentu kombin\u0101cija<br data-start=\"4595\" data-end=\"4598\" \/>\u2714\ufe0f \u0160\u0137idr\u0101 forma \u0113rtai lieto\u0161anai<br data-start=\"4630\" data-end=\"4633\" \/>\u2714\ufe0f Nesatur glut\u0113nu<\/p>\n","protected":false},"featured_media":65641,"template":"","meta":[],"pwb-brand":[1251],"product_brand":[],"product_cat":[768],"product_tag":[],"giftcard-category":[],"class_list":{"0":"post-77286","1":"product","2":"type-product","3":"status-publish","4":"has-post-thumbnail","6":"pwb-brand-quicksilver","7":"product_cat-vitamini","9":"first","10":"instock","11":"taxable","12":"shipping-taxable","13":"purchasable","14":"product-type-simple"},"acf":[],"brands":[{"id":1251,"name":"Quicksilver","slug":"quicksilver"}],"_links":{"self":[{"href":"https:\/\/skinstudio.ee\/lv\/wp-json\/wp\/v2\/product\/77286","targetHints":{"allow":["GET"]}}],"collection":[{"href":"https:\/\/skinstudio.ee\/lv\/wp-json\/wp\/v2\/product"}],"about":[{"href":"https:\/\/skinstudio.ee\/lv\/wp-json\/wp\/v2\/types\/product"}],"version-history":[{"count":2,"href":"https:\/\/skinstudio.ee\/lv\/wp-json\/wp\/v2\/product\/77286\/revisions"}],"predecessor-version":[{"id":89470,"href":"https:\/\/skinstudio.ee\/lv\/wp-json\/wp\/v2\/product\/77286\/revisions\/89470"}],"wp:featuredmedia":[{"embeddable":true,"href":"https:\/\/skinstudio.ee\/lv\/wp-json\/wp\/v2\/media\/65641"}],"wp:attachment":[{"href":"https:\/\/skinstudio.ee\/lv\/wp-json\/wp\/v2\/media?parent=77286"}],"wp:term":[{"taxonomy":"pwb-brand","embeddable":true,"href":"https:\/\/skinstudio.ee\/lv\/wp-json\/wp\/v2\/pwb-brand?post=77286"},{"taxonomy":"product_brand","embeddable":true,"href":"https:\/\/skinstudio.ee\/lv\/wp-json\/wp\/v2\/product_brand?post=77286"},{"taxonomy":"product_cat","embeddable":true,"href":"https:\/\/skinstudio.ee\/lv\/wp-json\/wp\/v2\/product_cat?post=77286"},{"taxonomy":"product_tag","embeddable":true,"href":"https:\/\/skinstudio.ee\/lv\/wp-json\/wp\/v2\/product_tag?post=77286"},{"taxonomy":"giftcard-category","embeddable":true,"href":"https:\/\/skinstudio.ee\/lv\/wp-json\/wp\/v2\/giftcard-category?post=77286"}],"curies":[{"name":"wp","href":"https:\/\/api.w.org\/{rel}","templated":true}]}}