{"id":77290,"date":"2025-08-07T09:52:42","date_gmt":"2025-08-07T09:52:42","guid":{"rendered":"https:\/\/skinstudio.ee\/?post_type=product&#038;p=77290"},"modified":"2026-04-06T12:30:01","modified_gmt":"2026-04-06T12:30:01","slug":"h2-elite","status":"publish","type":"product","link":"https:\/\/skinstudio.ee\/lv\/catalog\/quicksilver-lv\/h2-elite\/","title":{"rendered":"H2 Elite"},"content":{"rendered":"<p data-start=\"2849\" data-end=\"2989\"><strong data-start=\"2849\" data-end=\"2876\">H2 Elite no Quicksilver<\/strong> ir uztura bag\u0101tin\u0101t\u0101js \u0101tri \u0161\u0137\u012bsto\u0161u table\u0161u veid\u0101, kas paredz\u0113ts dz\u0113riena ar molekul\u0101ro \u016bde\u0146radi pagatavo\u0161anai.<\/p>\n<p data-start=\"2991\" data-end=\"3123\">Iz\u0161\u0137\u012bdinot \u016bden\u012b, tablete veido viegli dzirksto\u0161u dz\u0113rienu. Formula nodro\u0161ina molekul\u0101ro \u016bde\u0146radi \u0113rt\u0101 form\u0101 bez papildu apr\u012bkojuma.<\/p>\n<p data-start=\"3125\" data-end=\"3186\">Produkts ir table\u0161u veid\u0101, kas paredz\u0113tas \u0161\u0137\u012bdin\u0101\u0161anai \u016bden\u012b.<\/p>\n<p data-start=\"3188\" data-end=\"3225\">Ra\u017eots ASV, Quicksilver Scientific.<\/p>\n<p data-start=\"3227\" data-end=\"3356\"><strong data-start=\"3227\" data-end=\"3248\">Der\u012bguma termi\u0146\u0161:<\/strong> skat\u012bt uz iepakojuma<br data-start=\"3269\" data-end=\"3272\" \/><strong data-start=\"3272\" data-end=\"3298\">Uzglab\u0101\u0161anas apst\u0101k\u013ci:<\/strong> uzglab\u0101t v\u0113s\u0101 un saus\u0101 viet\u0101<br data-start=\"3327\" data-end=\"3330\" \/><strong data-start=\"3330\" data-end=\"3342\">Tilpums:<\/strong> 30 tabletes<\/p>\n","protected":false},"excerpt":{"rendered":"<p data-start=\"3964\" data-end=\"4008\">Uztura bag\u0101tin\u0101t\u0101js ar molekul\u0101ro \u016bde\u0146radi<\/p>\n<h2 data-start=\"4010\" data-end=\"4045\"><strong data-start=\"4010\" data-end=\"4045\">\u012apa\u0161\u012bbas Quicksilver &#8211; H2 Elite<\/strong><\/h2>\n<p data-start=\"4047\" data-end=\"4221\">\u2714\ufe0f \u0100tri \u0161\u0137\u012bsto\u0161a forma dz\u0113riena pagatavo\u0161anai<br data-start=\"4092\" data-end=\"4095\" \/>\u2714\ufe0f Veido dz\u0113rienu iz\u0161\u0137\u012bdinot \u016bden\u012b<br data-start=\"4129\" data-end=\"4132\" \/>\u2714\ufe0f Satur molekul\u0101ro \u016bde\u0146radi<br data-start=\"4160\" data-end=\"4163\" \/>\u2714\ufe0f \u0112rts form\u0101ts ikdienas lieto\u0161anai<br data-start=\"4198\" data-end=\"4201\" \/>\u2714\ufe0f Nesatur glut\u0113nu<\/p>\n","protected":false},"featured_media":40100,"template":"","meta":[],"pwb-brand":[1251],"product_brand":[],"product_cat":[768],"product_tag":[],"giftcard-category":[],"class_list":{"0":"post-77290","1":"product","2":"type-product","3":"status-publish","4":"has-post-thumbnail","6":"pwb-brand-quicksilver-lv","7":"product_cat-vitamini","9":"first","10":"instock","11":"taxable","12":"shipping-taxable","13":"purchasable","14":"product-type-simple"},"acf":[],"brands":[{"id":1251,"name":"Quicksilver","slug":"quicksilver-lv"}],"_links":{"self":[{"href":"https:\/\/skinstudio.ee\/lv\/wp-json\/wp\/v2\/product\/77290","targetHints":{"allow":["GET"]}}],"collection":[{"href":"https:\/\/skinstudio.ee\/lv\/wp-json\/wp\/v2\/product"}],"about":[{"href":"https:\/\/skinstudio.ee\/lv\/wp-json\/wp\/v2\/types\/product"}],"version-history":[{"count":2,"href":"https:\/\/skinstudio.ee\/lv\/wp-json\/wp\/v2\/product\/77290\/revisions"}],"predecessor-version":[{"id":89476,"href":"https:\/\/skinstudio.ee\/lv\/wp-json\/wp\/v2\/product\/77290\/revisions\/89476"}],"wp:featuredmedia":[{"embeddable":true,"href":"https:\/\/skinstudio.ee\/lv\/wp-json\/wp\/v2\/media\/40100"}],"wp:attachment":[{"href":"https:\/\/skinstudio.ee\/lv\/wp-json\/wp\/v2\/media?parent=77290"}],"wp:term":[{"taxonomy":"pwb-brand","embeddable":true,"href":"https:\/\/skinstudio.ee\/lv\/wp-json\/wp\/v2\/pwb-brand?post=77290"},{"taxonomy":"product_brand","embeddable":true,"href":"https:\/\/skinstudio.ee\/lv\/wp-json\/wp\/v2\/product_brand?post=77290"},{"taxonomy":"product_cat","embeddable":true,"href":"https:\/\/skinstudio.ee\/lv\/wp-json\/wp\/v2\/product_cat?post=77290"},{"taxonomy":"product_tag","embeddable":true,"href":"https:\/\/skinstudio.ee\/lv\/wp-json\/wp\/v2\/product_tag?post=77290"},{"taxonomy":"giftcard-category","embeddable":true,"href":"https:\/\/skinstudio.ee\/lv\/wp-json\/wp\/v2\/giftcard-category?post=77290"}],"curies":[{"name":"wp","href":"https:\/\/api.w.org\/{rel}","templated":true}]}}