{"id":77295,"date":"2025-07-08T13:26:08","date_gmt":"2025-07-08T13:26:08","guid":{"rendered":"https:\/\/skinstudio.ee\/?post_type=product&#038;p=77295"},"modified":"2026-04-06T12:32:26","modified_gmt":"2026-04-06T12:32:26","slug":"the-one","status":"publish","type":"product","link":"https:\/\/skinstudio.ee\/lv\/catalog\/quicksilver-lv\/the-one\/","title":{"rendered":"The One\u00ae"},"content":{"rendered":"<p data-start=\"3077\" data-end=\"3205\"><strong data-start=\"3077\" data-end=\"3104\">The One\u00ae no Quicksilver<\/strong> ir uztura bag\u0101tin\u0101t\u0101js ar nanoemulsijas formulu, kas satur vitam\u012bnus, koenz\u012bmus un augu komponentus.<\/p>\n<p data-start=\"3207\" data-end=\"3303\">Formula satur PQQ, koenz\u012bmu Q10, resveratrolu un tokotrienolus, k\u0101 ar\u012b augu ekstraktu kompleksu.<\/p>\n<p data-start=\"3305\" data-end=\"3394\">Nanoemulsijas tehnolo\u0123ija tiek izmantota akt\u012bvo vielu aizsardz\u012bbai un to transport\u0113\u0161anai.<\/p>\n<p data-start=\"3396\" data-end=\"3421\">Produkts ir \u0161\u0137idr\u0101 form\u0101.<\/p>\n<p data-start=\"3423\" data-end=\"3460\">Ra\u017eots ASV, Quicksilver Scientific.<\/p>\n<p data-start=\"3462\" data-end=\"3691\"><strong data-start=\"3462\" data-end=\"3483\">Der\u012bguma termi\u0146\u0161:<\/strong> skat\u012bt uz iepakojuma<br data-start=\"3504\" data-end=\"3507\" \/><strong data-start=\"3507\" data-end=\"3533\">Uzglab\u0101\u0161anas apst\u0101k\u013ci:<\/strong> p\u0113c sa\u0146em\u0161anas uzglab\u0101t ledusskap\u012b; var uzglab\u0101t istabas temperat\u016br\u0101 l\u012bdz 5\u20137 dien\u0101m bez boj\u0101jumiem, sarg\u0101t no tie\u0161iem saules stariem<br data-start=\"3667\" data-end=\"3670\" \/><strong data-start=\"3670\" data-end=\"3682\">Tilpums:<\/strong> 100 ml<\/p>\n","protected":false},"excerpt":{"rendered":"<p data-start=\"4263\" data-end=\"4309\">Uztura bag\u0101tin\u0101t\u0101js ar nanoemulsijas formulu<\/p>\n<h2 data-start=\"4311\" data-end=\"4346\"><strong data-start=\"4311\" data-end=\"4346\">\u012apa\u0161\u012bbas Quicksilver &#8211; The One\u00ae<\/strong><\/h2>\n<p data-start=\"4348\" data-end=\"4539\">\u2714\ufe0f Nanoemulsijas akt\u012bvo vielu forma<br data-start=\"4383\" data-end=\"4386\" \/>\u2714\ufe0f Satur koenz\u012bmu Q10, PQQ un augu ekstraktus<br data-start=\"4431\" data-end=\"4434\" \/>\u2714\ufe0f Koenz\u012bmu un bot\u0101nisko komponentu kombin\u0101cija<br data-start=\"4481\" data-end=\"4484\" \/>\u2714\ufe0f \u0160\u0137idr\u0101 forma \u0113rtai lieto\u0161anai<br data-start=\"4516\" data-end=\"4519\" \/>\u2714\ufe0f Nesatur glut\u0113nu<\/p>\n","protected":false},"featured_media":65646,"template":"","meta":[],"pwb-brand":[1251],"product_brand":[],"product_cat":[768],"product_tag":[],"giftcard-category":[],"class_list":{"0":"post-77295","1":"product","2":"type-product","3":"status-publish","4":"has-post-thumbnail","6":"pwb-brand-quicksilver-lv","7":"product_cat-vitamini","9":"first","10":"instock","11":"taxable","12":"shipping-taxable","13":"purchasable","14":"product-type-simple"},"acf":[],"brands":[{"id":1251,"name":"Quicksilver","slug":"quicksilver-lv"}],"_links":{"self":[{"href":"https:\/\/skinstudio.ee\/lv\/wp-json\/wp\/v2\/product\/77295","targetHints":{"allow":["GET"]}}],"collection":[{"href":"https:\/\/skinstudio.ee\/lv\/wp-json\/wp\/v2\/product"}],"about":[{"href":"https:\/\/skinstudio.ee\/lv\/wp-json\/wp\/v2\/types\/product"}],"version-history":[{"count":2,"href":"https:\/\/skinstudio.ee\/lv\/wp-json\/wp\/v2\/product\/77295\/revisions"}],"predecessor-version":[{"id":89484,"href":"https:\/\/skinstudio.ee\/lv\/wp-json\/wp\/v2\/product\/77295\/revisions\/89484"}],"wp:featuredmedia":[{"embeddable":true,"href":"https:\/\/skinstudio.ee\/lv\/wp-json\/wp\/v2\/media\/65646"}],"wp:attachment":[{"href":"https:\/\/skinstudio.ee\/lv\/wp-json\/wp\/v2\/media?parent=77295"}],"wp:term":[{"taxonomy":"pwb-brand","embeddable":true,"href":"https:\/\/skinstudio.ee\/lv\/wp-json\/wp\/v2\/pwb-brand?post=77295"},{"taxonomy":"product_brand","embeddable":true,"href":"https:\/\/skinstudio.ee\/lv\/wp-json\/wp\/v2\/product_brand?post=77295"},{"taxonomy":"product_cat","embeddable":true,"href":"https:\/\/skinstudio.ee\/lv\/wp-json\/wp\/v2\/product_cat?post=77295"},{"taxonomy":"product_tag","embeddable":true,"href":"https:\/\/skinstudio.ee\/lv\/wp-json\/wp\/v2\/product_tag?post=77295"},{"taxonomy":"giftcard-category","embeddable":true,"href":"https:\/\/skinstudio.ee\/lv\/wp-json\/wp\/v2\/giftcard-category?post=77295"}],"curies":[{"name":"wp","href":"https:\/\/api.w.org\/{rel}","templated":true}]}}