{"id":77299,"date":"2025-07-08T13:24:48","date_gmt":"2025-07-08T13:24:48","guid":{"rendered":"https:\/\/skinstudio.ee\/?post_type=product&#038;p=77299"},"modified":"2026-04-28T13:15:40","modified_gmt":"2026-04-28T13:15:40","slug":"clear-way-cofactors","status":"publish","type":"product","link":"https:\/\/skinstudio.ee\/lv\/catalog\/quicksilver\/clear-way-cofactors\/","title":{"rendered":"Clear Way Cofactors\u00ae"},"content":{"rendered":"<p data-start=\"2698\" data-end=\"2831\"><strong data-start=\"2698\" data-end=\"2737\">Clear Way Cofactors\u00ae no Quicksilver<\/strong> ir uztura bag\u0101tin\u0101t\u0101js ar kompleksu formulu, kas satur augu ekstraktus, enz\u012bmus un vitam\u012bnus.<\/p>\n<p data-start=\"2833\" data-end=\"2953\">Formula satur haritaki, nattokin\u0101zi, R-lipo\u012bnsk\u0101bi, B grupas vitam\u012bnus un sel\u0113nu, k\u0101 ar\u012b papildu bot\u0101niskos komponentus.<\/p>\n<p data-start=\"2955\" data-end=\"3025\">Sast\u0101vs apvieno augu ekstraktus, enz\u012bmus un uzturvielas vien\u0101 formul\u0101.<\/p>\n<p data-start=\"3027\" data-end=\"3053\">Produkts ir kapsulu veid\u0101.<\/p>\n<p data-start=\"3055\" data-end=\"3092\">Ra\u017eots ASV, Quicksilver Scientific.<\/p>\n<p data-start=\"3094\" data-end=\"3240\"><strong data-start=\"3094\" data-end=\"3115\">Der\u012bguma termi\u0146\u0161:<\/strong> skat\u012bt uz iepakojuma<br data-start=\"3136\" data-end=\"3139\" \/><strong data-start=\"3139\" data-end=\"3165\">Uzglab\u0101\u0161anas apst\u0101k\u013ci:<\/strong> uzglab\u0101t v\u0113s\u0101 un saus\u0101 viet\u0101, cie\u0161i nosl\u0113gtu<br data-start=\"3210\" data-end=\"3213\" \/><strong data-start=\"3213\" data-end=\"3225\">Tilpums:<\/strong> 120 kapsulas<\/p>\n","protected":false},"excerpt":{"rendered":"<p data-start=\"3708\" data-end=\"3750\">Uztura bag\u0101tin\u0101t\u0101js ar kompleksu formulu<\/p>\n<h2 data-start=\"3752\" data-end=\"3799\"><strong data-start=\"3752\" data-end=\"3799\">\u012apa\u0161\u012bbas Quicksilver &#8211; Clear Way Cofactors\u00ae<\/strong><\/h2>\n<p data-start=\"3801\" data-end=\"3980\">\u2714\ufe0f Satur augu ekstraktus, enz\u012bmus un vitam\u012bnus<br data-start=\"3847\" data-end=\"3850\" \/>\u2714\ufe0f Ietver nattokin\u0101zi un R-lipo\u012bnsk\u0101bi<br data-start=\"3888\" data-end=\"3891\" \/>\u2714\ufe0f B vitam\u012bnu un sel\u0113na kombin\u0101cija<br data-start=\"3926\" data-end=\"3929\" \/>\u2714\ufe0f Kapsulas \u0113rtai lieto\u0161anai<br data-start=\"3957\" data-end=\"3960\" \/>\u2714\ufe0f Nesatur glut\u0113nu<\/p>\n","protected":false},"featured_media":37771,"template":"","meta":[],"pwb-brand":[1251],"product_brand":[],"product_cat":[768],"product_tag":[],"giftcard-category":[],"class_list":{"0":"post-77299","1":"product","2":"type-product","3":"status-publish","4":"has-post-thumbnail","6":"pwb-brand-quicksilver","7":"product_cat-vitamini","9":"first","10":"instock","11":"taxable","12":"shipping-taxable","13":"purchasable","14":"product-type-simple"},"acf":[],"brands":[{"id":1251,"name":"Quicksilver","slug":"quicksilver"}],"_links":{"self":[{"href":"https:\/\/skinstudio.ee\/lv\/wp-json\/wp\/v2\/product\/77299","targetHints":{"allow":["GET"]}}],"collection":[{"href":"https:\/\/skinstudio.ee\/lv\/wp-json\/wp\/v2\/product"}],"about":[{"href":"https:\/\/skinstudio.ee\/lv\/wp-json\/wp\/v2\/types\/product"}],"version-history":[{"count":2,"href":"https:\/\/skinstudio.ee\/lv\/wp-json\/wp\/v2\/product\/77299\/revisions"}],"predecessor-version":[{"id":89493,"href":"https:\/\/skinstudio.ee\/lv\/wp-json\/wp\/v2\/product\/77299\/revisions\/89493"}],"wp:featuredmedia":[{"embeddable":true,"href":"https:\/\/skinstudio.ee\/lv\/wp-json\/wp\/v2\/media\/37771"}],"wp:attachment":[{"href":"https:\/\/skinstudio.ee\/lv\/wp-json\/wp\/v2\/media?parent=77299"}],"wp:term":[{"taxonomy":"pwb-brand","embeddable":true,"href":"https:\/\/skinstudio.ee\/lv\/wp-json\/wp\/v2\/pwb-brand?post=77299"},{"taxonomy":"product_brand","embeddable":true,"href":"https:\/\/skinstudio.ee\/lv\/wp-json\/wp\/v2\/product_brand?post=77299"},{"taxonomy":"product_cat","embeddable":true,"href":"https:\/\/skinstudio.ee\/lv\/wp-json\/wp\/v2\/product_cat?post=77299"},{"taxonomy":"product_tag","embeddable":true,"href":"https:\/\/skinstudio.ee\/lv\/wp-json\/wp\/v2\/product_tag?post=77299"},{"taxonomy":"giftcard-category","embeddable":true,"href":"https:\/\/skinstudio.ee\/lv\/wp-json\/wp\/v2\/giftcard-category?post=77299"}],"curies":[{"name":"wp","href":"https:\/\/api.w.org\/{rel}","templated":true}]}}