{"id":77304,"date":"2025-07-08T13:20:49","date_gmt":"2025-07-08T13:20:49","guid":{"rendered":"https:\/\/skinstudio.ee\/?post_type=product&#038;p=77304"},"modified":"2026-04-06T12:39:02","modified_gmt":"2026-04-06T12:39:02","slug":"liposomal-ultra-vitamin","status":"publish","type":"product","link":"https:\/\/skinstudio.ee\/lv\/catalog\/quicksilver-lv\/liposomal-ultra-vitamin\/","title":{"rendered":"Liposomal Ultra Vitamin"},"content":{"rendered":"<p data-start=\"3331\" data-end=\"3485\"><strong data-start=\"3331\" data-end=\"3384\">Liposomal Ultra Vitamin no Quicksilver Scientific<\/strong> ir uztura bag\u0101tin\u0101t\u0101js ar liposom\u0101lu formulu, kas satur vitam\u012bnus, karotino\u012bdus un augu komponentus.<\/p>\n<p data-start=\"3487\" data-end=\"3600\">Formula satur vitam\u012bnus A, C, D\u2083, E un K (K\u2081 un K\u2082), B grupas vitam\u012bnus, k\u0101 ar\u012b lute\u012bnu, zeaksant\u012bnu un likop\u0113nu.<\/p>\n<p data-start=\"3602\" data-end=\"3681\">Sast\u0101vu papildina trimetilglic\u012bns (TMG), tokotrienoli un piena dad\u017ea ekstrakts.<\/p>\n<p data-start=\"3683\" data-end=\"3769\">Liposom\u0101l\u0101 tehnolo\u0123ija tiek izmantota akt\u012bvo vielu aizsardz\u012bbai un to transport\u0113\u0161anai.<\/p>\n<p data-start=\"3771\" data-end=\"3796\">Produkts ir \u0161\u0137idr\u0101 form\u0101.<\/p>\n<p data-start=\"3798\" data-end=\"3835\">Ra\u017eots ASV, Quicksilver Scientific.<\/p>\n<p data-start=\"3837\" data-end=\"4038\"><strong data-start=\"3837\" data-end=\"3858\">Der\u012bguma termi\u0146\u0161:<\/strong> skat\u012bt uz iepakojuma<br data-start=\"3879\" data-end=\"3882\" \/><strong data-start=\"3882\" data-end=\"3908\">Uzglab\u0101\u0161anas apst\u0101k\u013ci:<\/strong> uzglab\u0101t cie\u0161i nosl\u0113gtu istabas temperat\u016br\u0101, saus\u0101 un tum\u0161\u0101 viet\u0101. Izlietot 30 dienu laik\u0101 p\u0113c atv\u0113r\u0161anas<br data-start=\"4014\" data-end=\"4017\" \/><strong data-start=\"4017\" data-end=\"4029\">Tilpums:<\/strong> 100 ml<\/p>\n","protected":false},"excerpt":{"rendered":"<p data-start=\"4608\" data-end=\"4665\">Uztura bag\u0101tin\u0101t\u0101js ar liposom\u0101lu multivitam\u012bnu formulu<\/p>\n<h2 data-start=\"4667\" data-end=\"4717\"><strong data-start=\"4667\" data-end=\"4717\">\u012apa\u0161\u012bbas Quicksilver &#8211; Liposomal Ultra Vitamin<\/strong><\/h2>\n<p data-start=\"4719\" data-end=\"4933\">\u2714\ufe0f Satur vitam\u012bnus A, C, D\u2083, E un K<br data-start=\"4754\" data-end=\"4757\" \/>\u2714\ufe0f Ietver B grupas vitam\u012bnus un karotino\u012bdus<br data-start=\"4801\" data-end=\"4804\" \/>\u2714\ufe0f Papildin\u0101ts ar TMG, tokotrienoliem un augu ekstraktiem<br data-start=\"4861\" data-end=\"4864\" \/>\u2714\ufe0f Liposom\u0101la akt\u012bvo vielu forma<br data-start=\"4896\" data-end=\"4899\" \/>\u2714\ufe0f \u0160\u0137idr\u0101 forma \u0113rtai lieto\u0161anai<\/p>\n","protected":false},"featured_media":65608,"template":"","meta":[],"pwb-brand":[1251],"product_brand":[],"product_cat":[768],"product_tag":[],"giftcard-category":[],"class_list":{"0":"post-77304","1":"product","2":"type-product","3":"status-publish","4":"has-post-thumbnail","6":"pwb-brand-quicksilver-lv","7":"product_cat-vitamini","9":"first","10":"instock","11":"taxable","12":"shipping-taxable","13":"purchasable","14":"product-type-simple"},"acf":[],"brands":[{"id":1251,"name":"Quicksilver","slug":"quicksilver-lv"}],"_links":{"self":[{"href":"https:\/\/skinstudio.ee\/lv\/wp-json\/wp\/v2\/product\/77304","targetHints":{"allow":["GET"]}}],"collection":[{"href":"https:\/\/skinstudio.ee\/lv\/wp-json\/wp\/v2\/product"}],"about":[{"href":"https:\/\/skinstudio.ee\/lv\/wp-json\/wp\/v2\/types\/product"}],"version-history":[{"count":2,"href":"https:\/\/skinstudio.ee\/lv\/wp-json\/wp\/v2\/product\/77304\/revisions"}],"predecessor-version":[{"id":89500,"href":"https:\/\/skinstudio.ee\/lv\/wp-json\/wp\/v2\/product\/77304\/revisions\/89500"}],"wp:featuredmedia":[{"embeddable":true,"href":"https:\/\/skinstudio.ee\/lv\/wp-json\/wp\/v2\/media\/65608"}],"wp:attachment":[{"href":"https:\/\/skinstudio.ee\/lv\/wp-json\/wp\/v2\/media?parent=77304"}],"wp:term":[{"taxonomy":"pwb-brand","embeddable":true,"href":"https:\/\/skinstudio.ee\/lv\/wp-json\/wp\/v2\/pwb-brand?post=77304"},{"taxonomy":"product_brand","embeddable":true,"href":"https:\/\/skinstudio.ee\/lv\/wp-json\/wp\/v2\/product_brand?post=77304"},{"taxonomy":"product_cat","embeddable":true,"href":"https:\/\/skinstudio.ee\/lv\/wp-json\/wp\/v2\/product_cat?post=77304"},{"taxonomy":"product_tag","embeddable":true,"href":"https:\/\/skinstudio.ee\/lv\/wp-json\/wp\/v2\/product_tag?post=77304"},{"taxonomy":"giftcard-category","embeddable":true,"href":"https:\/\/skinstudio.ee\/lv\/wp-json\/wp\/v2\/giftcard-category?post=77304"}],"curies":[{"name":"wp","href":"https:\/\/api.w.org\/{rel}","templated":true}]}}