{"id":77308,"date":"2025-07-08T13:19:03","date_gmt":"2025-07-08T13:19:03","guid":{"rendered":"https:\/\/skinstudio.ee\/?post_type=product&#038;p=77308"},"modified":"2026-04-06T12:40:59","modified_gmt":"2026-04-06T12:40:59","slug":"micellized-pure-pc","status":"publish","type":"product","link":"https:\/\/skinstudio.ee\/lv\/catalog\/quicksilver-lv\/micellized-pure-pc\/","title":{"rendered":"Micellized Pure PC\u00ae"},"content":{"rendered":"<p data-start=\"2710\" data-end=\"2818\"><strong data-start=\"2710\" data-end=\"2759\">Micellized Pure PC\u00ae no Quicksilver Scientific<\/strong> ir uztura bag\u0101tin\u0101t\u0101js ar fosfatidilhol\u012bna micel\u0101ro formu.<\/p>\n<p data-start=\"2820\" data-end=\"2934\">Formula satur fosfatidilhol\u012bnu micel\u0101r\u0101 form\u0101. Pieg\u0101des tehnolo\u0123ija balst\u012bta uz mazu un stabilu sf\u0113ru izmanto\u0161anu.<\/p>\n<p data-start=\"2936\" data-end=\"2961\">Produkts ir \u0161\u0137idr\u0101 form\u0101.<\/p>\n<p data-start=\"2963\" data-end=\"3006\"><strong data-start=\"2963\" data-end=\"3004\">Ra\u017eot\u0101js: Quicksilver Scientific, ASV<\/strong><\/p>\n<p data-start=\"3008\" data-end=\"3138\"><strong data-start=\"3008\" data-end=\"3029\">Der\u012bguma termi\u0146\u0161:<\/strong> skat\u012bt uz iepakojuma<br data-start=\"3050\" data-end=\"3053\" \/><strong data-start=\"3053\" data-end=\"3079\">Uzglab\u0101\u0161anas apst\u0101k\u013ci:<\/strong> uzglab\u0101t cie\u0161i nosl\u0113gtu ledusskap\u012b<br data-start=\"3114\" data-end=\"3117\" \/><strong data-start=\"3117\" data-end=\"3129\">Tilpums:<\/strong> 120 ml<\/p>\n","protected":false},"excerpt":{"rendered":"<p data-start=\"3711\" data-end=\"3767\">Uztura bag\u0101tin\u0101t\u0101js ar fosfatidilhol\u012bna micel\u0101ro formu<\/p>\n<h2 data-start=\"3769\" data-end=\"3815\"><strong data-start=\"3769\" data-end=\"3815\">\u012apa\u0161\u012bbas Quicksilver &#8211; Micellized Pure PC\u00ae<\/strong><\/h2>\n<p data-start=\"3817\" data-end=\"3974\">\u2714\ufe0f Satur fosfatidilhol\u012bnu micel\u0101r\u0101 form\u0101<br data-start=\"3857\" data-end=\"3860\" \/>\u2714\ufe0f \u0160\u0137idr\u0101 forma \u0113rtai lieto\u0161anai<br data-start=\"3892\" data-end=\"3895\" \/>\u2714\ufe0f Micel\u0101r\u0101 pieg\u0101des tehnolo\u0123ija<br data-start=\"3927\" data-end=\"3930\" \/>\u2714\ufe0f Satur fosfolip\u012bdus<br data-start=\"3951\" data-end=\"3954\" \/>\u2714\ufe0f Nesatur glut\u0113nu<\/p>\n","protected":false},"featured_media":65614,"template":"","meta":[],"pwb-brand":[1251],"product_brand":[],"product_cat":[768],"product_tag":[],"giftcard-category":[],"class_list":{"0":"post-77308","1":"product","2":"type-product","3":"status-publish","4":"has-post-thumbnail","6":"pwb-brand-quicksilver-lv","7":"product_cat-vitamini","9":"first","10":"instock","11":"taxable","12":"shipping-taxable","13":"purchasable","14":"product-type-simple"},"acf":[],"brands":[{"id":1251,"name":"Quicksilver","slug":"quicksilver-lv"}],"_links":{"self":[{"href":"https:\/\/skinstudio.ee\/lv\/wp-json\/wp\/v2\/product\/77308","targetHints":{"allow":["GET"]}}],"collection":[{"href":"https:\/\/skinstudio.ee\/lv\/wp-json\/wp\/v2\/product"}],"about":[{"href":"https:\/\/skinstudio.ee\/lv\/wp-json\/wp\/v2\/types\/product"}],"version-history":[{"count":2,"href":"https:\/\/skinstudio.ee\/lv\/wp-json\/wp\/v2\/product\/77308\/revisions"}],"predecessor-version":[{"id":89505,"href":"https:\/\/skinstudio.ee\/lv\/wp-json\/wp\/v2\/product\/77308\/revisions\/89505"}],"wp:featuredmedia":[{"embeddable":true,"href":"https:\/\/skinstudio.ee\/lv\/wp-json\/wp\/v2\/media\/65614"}],"wp:attachment":[{"href":"https:\/\/skinstudio.ee\/lv\/wp-json\/wp\/v2\/media?parent=77308"}],"wp:term":[{"taxonomy":"pwb-brand","embeddable":true,"href":"https:\/\/skinstudio.ee\/lv\/wp-json\/wp\/v2\/pwb-brand?post=77308"},{"taxonomy":"product_brand","embeddable":true,"href":"https:\/\/skinstudio.ee\/lv\/wp-json\/wp\/v2\/product_brand?post=77308"},{"taxonomy":"product_cat","embeddable":true,"href":"https:\/\/skinstudio.ee\/lv\/wp-json\/wp\/v2\/product_cat?post=77308"},{"taxonomy":"product_tag","embeddable":true,"href":"https:\/\/skinstudio.ee\/lv\/wp-json\/wp\/v2\/product_tag?post=77308"},{"taxonomy":"giftcard-category","embeddable":true,"href":"https:\/\/skinstudio.ee\/lv\/wp-json\/wp\/v2\/giftcard-category?post=77308"}],"curies":[{"name":"wp","href":"https:\/\/api.w.org\/{rel}","templated":true}]}}