{"id":77315,"date":"2025-07-08T13:18:03","date_gmt":"2025-07-08T13:18:03","guid":{"rendered":"https:\/\/skinstudio.ee\/?post_type=product&#038;p=77315"},"modified":"2026-04-28T13:22:42","modified_gmt":"2026-04-28T13:22:42","slug":"vitamin-c-elderberry","status":"publish","type":"product","link":"https:\/\/skinstudio.ee\/lv\/catalog\/quicksilver\/vitamin-c-elderberry\/","title":{"rendered":"Vitamin C+ Elderberry"},"content":{"rendered":"<p data-start=\"2934\" data-end=\"3072\"><strong data-start=\"2934\" data-end=\"2985\">Vitamin C+ Elderberry no Quicksilver Scientific<\/strong> ir uztura bag\u0101tin\u0101t\u0101js ar liposom\u0101lu formulu, kas satur vitam\u012bnus un augu komponentus.<\/p>\n<p data-start=\"3074\" data-end=\"3154\">Formula satur C vitam\u012bnu, E vitam\u012bnu (tokotrienolu form\u0101) un pl\u016b\u0161koka ekstraktu.<\/p>\n<p data-start=\"3156\" data-end=\"3242\">Liposom\u0101l\u0101 tehnolo\u0123ija tiek izmantota akt\u012bvo vielu aizsardz\u012bbai un to transport\u0113\u0161anai.<\/p>\n<p data-start=\"3244\" data-end=\"3269\">Produkts ir \u0161\u0137idr\u0101 form\u0101.<\/p>\n<p data-start=\"3271\" data-end=\"3314\"><strong data-start=\"3271\" data-end=\"3312\">Ra\u017eot\u0101js: Quicksilver Scientific, ASV<\/strong><\/p>\n<p data-start=\"3316\" data-end=\"3469\"><strong data-start=\"3316\" data-end=\"3337\">Der\u012bguma termi\u0146\u0161:<\/strong> skat\u012bt uz iepakojuma<br data-start=\"3358\" data-end=\"3361\" \/><strong data-start=\"3361\" data-end=\"3387\">Uzglab\u0101\u0161anas apst\u0101k\u013ci:<\/strong> uzglab\u0101t istabas temperat\u016br\u0101; p\u0113c atv\u0113r\u0161anas \u2014 ledusskap\u012b<br data-start=\"3445\" data-end=\"3448\" \/><strong data-start=\"3448\" data-end=\"3460\">Tilpums:<\/strong> 100 ml<\/p>\n","protected":false},"excerpt":{"rendered":"<p data-start=\"4036\" data-end=\"4100\">Uztura bag\u0101tin\u0101t\u0101js ar liposom\u0101lu vitam\u012bnu un pl\u016b\u0161koka formulu<\/p>\n<h2 data-start=\"4102\" data-end=\"4150\"><strong data-start=\"4102\" data-end=\"4150\">\u012apa\u0161\u012bbas Quicksilver &#8211; Vitamin C+ Elderberry<\/strong><\/h2>\n<p data-start=\"4152\" data-end=\"4316\">\u2714\ufe0f Satur C un E vitam\u012bnu un pl\u016b\u0161koka ekstraktu<br data-start=\"4198\" data-end=\"4201\" \/>\u2714\ufe0f Liposom\u0101la akt\u012bvo vielu forma<br data-start=\"4233\" data-end=\"4236\" \/>\u2714\ufe0f \u0160\u0137idr\u0101 forma \u0113rtai lieto\u0161anai<br data-start=\"4268\" data-end=\"4271\" \/>\u2714\ufe0f Satur tokotrienolus<br data-start=\"4293\" data-end=\"4296\" \/>\u2714\ufe0f Nesatur glut\u0113nu<\/p>\n","protected":false},"featured_media":65620,"template":"","meta":[],"pwb-brand":[1251],"product_brand":[],"product_cat":[768],"product_tag":[],"giftcard-category":[],"class_list":{"0":"post-77315","1":"product","2":"type-product","3":"status-publish","4":"has-post-thumbnail","6":"pwb-brand-quicksilver","7":"product_cat-vitamini","9":"first","10":"instock","11":"taxable","12":"shipping-taxable","13":"purchasable","14":"product-type-simple"},"acf":[],"brands":[{"id":1251,"name":"Quicksilver","slug":"quicksilver"}],"_links":{"self":[{"href":"https:\/\/skinstudio.ee\/lv\/wp-json\/wp\/v2\/product\/77315","targetHints":{"allow":["GET"]}}],"collection":[{"href":"https:\/\/skinstudio.ee\/lv\/wp-json\/wp\/v2\/product"}],"about":[{"href":"https:\/\/skinstudio.ee\/lv\/wp-json\/wp\/v2\/types\/product"}],"version-history":[{"count":2,"href":"https:\/\/skinstudio.ee\/lv\/wp-json\/wp\/v2\/product\/77315\/revisions"}],"predecessor-version":[{"id":89510,"href":"https:\/\/skinstudio.ee\/lv\/wp-json\/wp\/v2\/product\/77315\/revisions\/89510"}],"wp:featuredmedia":[{"embeddable":true,"href":"https:\/\/skinstudio.ee\/lv\/wp-json\/wp\/v2\/media\/65620"}],"wp:attachment":[{"href":"https:\/\/skinstudio.ee\/lv\/wp-json\/wp\/v2\/media?parent=77315"}],"wp:term":[{"taxonomy":"pwb-brand","embeddable":true,"href":"https:\/\/skinstudio.ee\/lv\/wp-json\/wp\/v2\/pwb-brand?post=77315"},{"taxonomy":"product_brand","embeddable":true,"href":"https:\/\/skinstudio.ee\/lv\/wp-json\/wp\/v2\/product_brand?post=77315"},{"taxonomy":"product_cat","embeddable":true,"href":"https:\/\/skinstudio.ee\/lv\/wp-json\/wp\/v2\/product_cat?post=77315"},{"taxonomy":"product_tag","embeddable":true,"href":"https:\/\/skinstudio.ee\/lv\/wp-json\/wp\/v2\/product_tag?post=77315"},{"taxonomy":"giftcard-category","embeddable":true,"href":"https:\/\/skinstudio.ee\/lv\/wp-json\/wp\/v2\/giftcard-category?post=77315"}],"curies":[{"name":"wp","href":"https:\/\/api.w.org\/{rel}","templated":true}]}}