{"id":77319,"date":"2025-07-08T13:17:21","date_gmt":"2025-07-08T13:17:21","guid":{"rendered":"https:\/\/skinstudio.ee\/?post_type=product&#038;p=77319"},"modified":"2026-04-06T12:48:18","modified_gmt":"2026-04-06T12:48:18","slug":"nanoemulsified-cats-claw-elite","status":"publish","type":"product","link":"https:\/\/skinstudio.ee\/lv\/catalog\/quicksilver-lv\/nanoemulsified-cats-claw-elite\/","title":{"rendered":"Nanoemulsified Cat&#8217;s Claw Elite\u2122"},"content":{"rendered":"<p data-start=\"3270\" data-end=\"3421\"><strong data-start=\"3270\" data-end=\"3332\">Nanoemulsified Cat\u2019s Claw Elite\u2122 no Quicksilver Scientific<\/strong> ir uztura bag\u0101tin\u0101t\u0101js ar nanoemulsijas formulu, kas satur augu ekstraktus un vitam\u012bnus.<\/p>\n<p data-start=\"3423\" data-end=\"3522\">Formula satur ka\u0137a naga ekstraktu (Uncaria tomentosa), D\u2083 vitam\u012bnu, monolaur\u012bnu un \u0113terisk\u0101s e\u013c\u013cas.<\/p>\n<p data-start=\"3524\" data-end=\"3612\">Sast\u0101vs apvieno bot\u0101niskos komponentus, vitam\u012bnus un citas akt\u012bv\u0101s vielas vien\u0101 formul\u0101.<\/p>\n<p data-start=\"3614\" data-end=\"3703\">Nanoemulsijas tehnolo\u0123ija tiek izmantota akt\u012bvo vielu aizsardz\u012bbai un to transport\u0113\u0161anai.<\/p>\n<p data-start=\"3705\" data-end=\"3730\">Produkts ir \u0161\u0137idr\u0101 form\u0101.<\/p>\n<p data-start=\"3732\" data-end=\"3775\"><strong data-start=\"3732\" data-end=\"3773\">Ra\u017eot\u0101js: Quicksilver Scientific, ASV<\/strong><\/p>\n<p data-start=\"3777\" data-end=\"3951\"><strong data-start=\"3777\" data-end=\"3798\">Der\u012bguma termi\u0146\u0161:<\/strong> skat\u012bt uz iepakojuma<br data-start=\"3819\" data-end=\"3822\" \/><strong data-start=\"3822\" data-end=\"3848\">Uzglab\u0101\u0161anas apst\u0101k\u013ci:<\/strong> uzglab\u0101t cie\u0161i nosl\u0113gtu v\u0113s\u0101 un saus\u0101 viet\u0101. P\u0113c atv\u0113r\u0161anas uzglab\u0101t ledusskap\u012b<br data-start=\"3928\" data-end=\"3931\" \/><strong data-start=\"3931\" data-end=\"3943\">Tilpums:<\/strong> 50 ml<\/p>\n","protected":false},"excerpt":{"rendered":"<p data-start=\"4524\" data-end=\"4580\">Uztura bag\u0101tin\u0101t\u0101js ar nanoemulsijas ka\u0137a naga formulu<\/p>\n<h2 data-start=\"4582\" data-end=\"4641\"><strong data-start=\"4582\" data-end=\"4641\">\u012apa\u0161\u012bbas Quicksilver &#8211; Nanoemulsified Cat\u2019s Claw Elite\u2122<\/strong><\/h2>\n<p data-start=\"4643\" data-end=\"4825\">\u2714\ufe0f Satur ka\u0137a naga ekstraktu un D\u2083 vitam\u012bnu<br data-start=\"4686\" data-end=\"4689\" \/>\u2714\ufe0f Ietver monolaur\u012bnu un \u0113terisk\u0101s e\u013c\u013cas<br data-start=\"4729\" data-end=\"4732\" \/>\u2714\ufe0f Nanoemulsijas akt\u012bvo vielu forma<br data-start=\"4767\" data-end=\"4770\" \/>\u2714\ufe0f \u0160\u0137idr\u0101 forma \u0113rtai lieto\u0161anai<br data-start=\"4802\" data-end=\"4805\" \/>\u2714\ufe0f Nesatur glut\u0113nu<\/p>\n","protected":false},"featured_media":37846,"template":"","meta":[],"pwb-brand":[1251],"product_brand":[],"product_cat":[768],"product_tag":[],"giftcard-category":[],"class_list":{"0":"post-77319","1":"product","2":"type-product","3":"status-publish","4":"has-post-thumbnail","6":"pwb-brand-quicksilver-lv","7":"product_cat-vitamini","9":"first","10":"instock","11":"taxable","12":"shipping-taxable","13":"purchasable","14":"product-type-simple"},"acf":[],"brands":[{"id":1251,"name":"Quicksilver","slug":"quicksilver-lv"}],"_links":{"self":[{"href":"https:\/\/skinstudio.ee\/lv\/wp-json\/wp\/v2\/product\/77319","targetHints":{"allow":["GET"]}}],"collection":[{"href":"https:\/\/skinstudio.ee\/lv\/wp-json\/wp\/v2\/product"}],"about":[{"href":"https:\/\/skinstudio.ee\/lv\/wp-json\/wp\/v2\/types\/product"}],"version-history":[{"count":3,"href":"https:\/\/skinstudio.ee\/lv\/wp-json\/wp\/v2\/product\/77319\/revisions"}],"predecessor-version":[{"id":89515,"href":"https:\/\/skinstudio.ee\/lv\/wp-json\/wp\/v2\/product\/77319\/revisions\/89515"}],"wp:featuredmedia":[{"embeddable":true,"href":"https:\/\/skinstudio.ee\/lv\/wp-json\/wp\/v2\/media\/37846"}],"wp:attachment":[{"href":"https:\/\/skinstudio.ee\/lv\/wp-json\/wp\/v2\/media?parent=77319"}],"wp:term":[{"taxonomy":"pwb-brand","embeddable":true,"href":"https:\/\/skinstudio.ee\/lv\/wp-json\/wp\/v2\/pwb-brand?post=77319"},{"taxonomy":"product_brand","embeddable":true,"href":"https:\/\/skinstudio.ee\/lv\/wp-json\/wp\/v2\/product_brand?post=77319"},{"taxonomy":"product_cat","embeddable":true,"href":"https:\/\/skinstudio.ee\/lv\/wp-json\/wp\/v2\/product_cat?post=77319"},{"taxonomy":"product_tag","embeddable":true,"href":"https:\/\/skinstudio.ee\/lv\/wp-json\/wp\/v2\/product_tag?post=77319"},{"taxonomy":"giftcard-category","embeddable":true,"href":"https:\/\/skinstudio.ee\/lv\/wp-json\/wp\/v2\/giftcard-category?post=77319"}],"curies":[{"name":"wp","href":"https:\/\/api.w.org\/{rel}","templated":true}]}}