{"id":77329,"date":"2025-07-08T13:16:39","date_gmt":"2025-07-08T13:16:39","guid":{"rendered":"https:\/\/skinstudio.ee\/?post_type=product&#038;p=77329"},"modified":"2026-04-28T13:30:14","modified_gmt":"2026-04-28T13:30:14","slug":"nanoemulsified-milk-thistle","status":"publish","type":"product","link":"https:\/\/skinstudio.ee\/lv\/catalog\/quicksilver\/nanoemulsified-milk-thistle\/","title":{"rendered":"Nanoemulsified Milk Thistle"},"content":{"rendered":"<p data-start=\"2948\" data-end=\"3087\"><strong data-start=\"2948\" data-end=\"3005\">Nanoemulsified Milk Thistle no Quicksilver Scientific<\/strong> ir uztura bag\u0101tin\u0101t\u0101js ar nanoemulsijas formulu, kas satur piena dad\u017ea ekstraktu.<\/p>\n<p data-start=\"3089\" data-end=\"3166\">Formula satur piena dad\u017ea ekstraktu, kas standartiz\u0113ts p\u0113c silimar\u012bna satura.<\/p>\n<p data-start=\"3168\" data-end=\"3255\">Fosfolip\u012bdu tehnolo\u0123ija tiek izmantota akt\u012bvo vielu aizsardz\u012bbai un to transport\u0113\u0161anai.<\/p>\n<p data-start=\"3257\" data-end=\"3282\">Produkts ir \u0161\u0137idr\u0101 form\u0101.<\/p>\n<p data-start=\"3284\" data-end=\"3327\"><strong data-start=\"3284\" data-end=\"3325\">Ra\u017eot\u0101js: Quicksilver Scientific, ASV<\/strong><\/p>\n<p data-start=\"3329\" data-end=\"3496\"><strong data-start=\"3329\" data-end=\"3350\">Der\u012bguma termi\u0146\u0161:<\/strong> skat\u012bt uz iepakojuma<br data-start=\"3371\" data-end=\"3374\" \/><strong data-start=\"3374\" data-end=\"3400\">Uzglab\u0101\u0161anas apst\u0101k\u013ci:<\/strong> uzglab\u0101t cie\u0161i nosl\u0113gtu v\u0113s\u0101 un saus\u0101 viet\u0101; p\u0113c atv\u0113r\u0161anas \u2014 ledusskap\u012b<br data-start=\"3473\" data-end=\"3476\" \/><strong data-start=\"3476\" data-end=\"3488\">Tilpums:<\/strong> 50 ml<\/p>\n","protected":false},"excerpt":{"rendered":"<p data-start=\"4063\" data-end=\"4121\">Uztura bag\u0101tin\u0101t\u0101js ar nanoemulsijas piena dad\u017ea formulu<\/p>\n<h2 data-start=\"4123\" data-end=\"4177\"><strong data-start=\"4123\" data-end=\"4177\">\u012apa\u0161\u012bbas Quicksilver &#8211; Nanoemulsified Milk Thistle<\/strong><\/h2>\n<p data-start=\"4179\" data-end=\"4327\">\u2714\ufe0f Satur piena dad\u017ea ekstraktu<br data-start=\"4209\" data-end=\"4212\" \/>\u2714\ufe0f Nanoemulsijas akt\u012bvo vielu forma<br data-start=\"4247\" data-end=\"4250\" \/>\u2714\ufe0f \u0160\u0137idr\u0101 forma \u0113rtai lieto\u0161anai<br data-start=\"4282\" data-end=\"4285\" \/>\u2714\ufe0f Satur silimar\u012bnu<br data-start=\"4304\" data-end=\"4307\" \/>\u2714\ufe0f Nesatur glut\u0113nu<\/p>\n","protected":false},"featured_media":65631,"template":"","meta":[],"pwb-brand":[1251],"product_brand":[],"product_cat":[768],"product_tag":[],"giftcard-category":[],"class_list":{"0":"post-77329","1":"product","2":"type-product","3":"status-publish","4":"has-post-thumbnail","6":"pwb-brand-quicksilver","7":"product_cat-vitamini","9":"first","10":"instock","11":"taxable","12":"shipping-taxable","13":"purchasable","14":"product-type-simple"},"acf":[],"brands":[{"id":1251,"name":"Quicksilver","slug":"quicksilver"}],"_links":{"self":[{"href":"https:\/\/skinstudio.ee\/lv\/wp-json\/wp\/v2\/product\/77329","targetHints":{"allow":["GET"]}}],"collection":[{"href":"https:\/\/skinstudio.ee\/lv\/wp-json\/wp\/v2\/product"}],"about":[{"href":"https:\/\/skinstudio.ee\/lv\/wp-json\/wp\/v2\/types\/product"}],"version-history":[{"count":2,"href":"https:\/\/skinstudio.ee\/lv\/wp-json\/wp\/v2\/product\/77329\/revisions"}],"predecessor-version":[{"id":89520,"href":"https:\/\/skinstudio.ee\/lv\/wp-json\/wp\/v2\/product\/77329\/revisions\/89520"}],"wp:featuredmedia":[{"embeddable":true,"href":"https:\/\/skinstudio.ee\/lv\/wp-json\/wp\/v2\/media\/65631"}],"wp:attachment":[{"href":"https:\/\/skinstudio.ee\/lv\/wp-json\/wp\/v2\/media?parent=77329"}],"wp:term":[{"taxonomy":"pwb-brand","embeddable":true,"href":"https:\/\/skinstudio.ee\/lv\/wp-json\/wp\/v2\/pwb-brand?post=77329"},{"taxonomy":"product_brand","embeddable":true,"href":"https:\/\/skinstudio.ee\/lv\/wp-json\/wp\/v2\/product_brand?post=77329"},{"taxonomy":"product_cat","embeddable":true,"href":"https:\/\/skinstudio.ee\/lv\/wp-json\/wp\/v2\/product_cat?post=77329"},{"taxonomy":"product_tag","embeddable":true,"href":"https:\/\/skinstudio.ee\/lv\/wp-json\/wp\/v2\/product_tag?post=77329"},{"taxonomy":"giftcard-category","embeddable":true,"href":"https:\/\/skinstudio.ee\/lv\/wp-json\/wp\/v2\/giftcard-category?post=77329"}],"curies":[{"name":"wp","href":"https:\/\/api.w.org\/{rel}","templated":true}]}}