{"id":77334,"date":"2025-07-08T13:15:23","date_gmt":"2025-07-08T13:15:23","guid":{"rendered":"https:\/\/skinstudio.ee\/?post_type=product&#038;p=77334"},"modified":"2026-04-06T12:56:15","modified_gmt":"2026-04-06T12:56:15","slug":"nanoemulsified-hista-aid","status":"publish","type":"product","link":"https:\/\/skinstudio.ee\/lv\/catalog\/quicksilver-lv\/nanoemulsified-hista-aid\/","title":{"rendered":"Nanoemulsified Hista-Aid\u00ae"},"content":{"rendered":"<p data-start=\"3204\" data-end=\"3349\"><strong data-start=\"3204\" data-end=\"3259\">Nanoemulsified Hista-Aid\u00ae no Quicksilver Scientific<\/strong> ir uztura bag\u0101tin\u0101t\u0101js ar nanoemulsijas formulu, kas satur vitam\u012bnus un augu komponentus.<\/p>\n<p data-start=\"3351\" data-end=\"3424\">Formula satur C vitam\u012bnu, kvercet\u012bnu, luteol\u012bnu un diindolilmet\u0101nu (DIM).<\/p>\n<p data-start=\"3426\" data-end=\"3503\">Sast\u0101vs apvieno flavono\u012bdus, vitam\u012bnus un citas akt\u012bv\u0101s vielas vien\u0101 formul\u0101.<\/p>\n<p data-start=\"3505\" data-end=\"3594\">Nanoemulsijas tehnolo\u0123ija tiek izmantota akt\u012bvo vielu aizsardz\u012bbai un to transport\u0113\u0161anai.<\/p>\n<p data-start=\"3596\" data-end=\"3621\">Produkts ir \u0161\u0137idr\u0101 form\u0101.<\/p>\n<p data-start=\"3623\" data-end=\"3666\"><strong data-start=\"3623\" data-end=\"3664\">Ra\u017eot\u0101js: Quicksilver Scientific, ASV<\/strong><\/p>\n<p data-start=\"3668\" data-end=\"3843\"><strong data-start=\"3668\" data-end=\"3689\">Der\u012bguma termi\u0146\u0161:<\/strong> skat\u012bt uz iepakojuma<br data-start=\"3710\" data-end=\"3713\" \/><strong data-start=\"3713\" data-end=\"3739\">Uzglab\u0101\u0161anas apst\u0101k\u013ci:<\/strong> uzglab\u0101t istabas temperat\u016br\u0101; neatdzes\u0113t. Izlietot 60 dienu laik\u0101 p\u0113c atv\u0113r\u0161anas<br data-start=\"3820\" data-end=\"3823\" \/><strong data-start=\"3823\" data-end=\"3835\">Tilpums:<\/strong> 50 ml<\/p>\n","protected":false},"excerpt":{"rendered":"<p data-start=\"4468\" data-end=\"4514\">Uztura bag\u0101tin\u0101t\u0101js ar nanoemulsijas formulu<\/p>\n<h2 data-start=\"4516\" data-end=\"4568\"><strong data-start=\"4516\" data-end=\"4568\">\u012apa\u0161\u012bbas Quicksilver &#8211; Nanoemulsified Hista-Aid\u00ae<\/strong><\/h2>\n<p data-start=\"4570\" data-end=\"4738\">\u2714\ufe0f Satur C vitam\u012bnu, kvercet\u012bnu, luteol\u012bnu un DIM<br data-start=\"4619\" data-end=\"4622\" \/>\u2714\ufe0f Nanoemulsijas akt\u012bvo vielu forma<br data-start=\"4657\" data-end=\"4660\" \/>\u2714\ufe0f \u0160\u0137idr\u0101 forma \u0113rtai lieto\u0161anai<br data-start=\"4692\" data-end=\"4695\" \/>\u2714\ufe0f Satur flavono\u012bdus<br data-start=\"4715\" data-end=\"4718\" \/>\u2714\ufe0f Nesatur glut\u0113nu<\/p>\n","protected":false},"featured_media":65597,"template":"","meta":[],"pwb-brand":[1251],"product_brand":[],"product_cat":[768],"product_tag":[],"giftcard-category":[],"class_list":{"0":"post-77334","1":"product","2":"type-product","3":"status-publish","4":"has-post-thumbnail","6":"pwb-brand-quicksilver-lv","7":"product_cat-vitamini","9":"first","10":"instock","11":"taxable","12":"shipping-taxable","13":"purchasable","14":"product-type-simple"},"acf":[],"brands":[{"id":1251,"name":"Quicksilver","slug":"quicksilver-lv"}],"_links":{"self":[{"href":"https:\/\/skinstudio.ee\/lv\/wp-json\/wp\/v2\/product\/77334","targetHints":{"allow":["GET"]}}],"collection":[{"href":"https:\/\/skinstudio.ee\/lv\/wp-json\/wp\/v2\/product"}],"about":[{"href":"https:\/\/skinstudio.ee\/lv\/wp-json\/wp\/v2\/types\/product"}],"version-history":[{"count":2,"href":"https:\/\/skinstudio.ee\/lv\/wp-json\/wp\/v2\/product\/77334\/revisions"}],"predecessor-version":[{"id":89526,"href":"https:\/\/skinstudio.ee\/lv\/wp-json\/wp\/v2\/product\/77334\/revisions\/89526"}],"wp:featuredmedia":[{"embeddable":true,"href":"https:\/\/skinstudio.ee\/lv\/wp-json\/wp\/v2\/media\/65597"}],"wp:attachment":[{"href":"https:\/\/skinstudio.ee\/lv\/wp-json\/wp\/v2\/media?parent=77334"}],"wp:term":[{"taxonomy":"pwb-brand","embeddable":true,"href":"https:\/\/skinstudio.ee\/lv\/wp-json\/wp\/v2\/pwb-brand?post=77334"},{"taxonomy":"product_brand","embeddable":true,"href":"https:\/\/skinstudio.ee\/lv\/wp-json\/wp\/v2\/product_brand?post=77334"},{"taxonomy":"product_cat","embeddable":true,"href":"https:\/\/skinstudio.ee\/lv\/wp-json\/wp\/v2\/product_cat?post=77334"},{"taxonomy":"product_tag","embeddable":true,"href":"https:\/\/skinstudio.ee\/lv\/wp-json\/wp\/v2\/product_tag?post=77334"},{"taxonomy":"giftcard-category","embeddable":true,"href":"https:\/\/skinstudio.ee\/lv\/wp-json\/wp\/v2\/giftcard-category?post=77334"}],"curies":[{"name":"wp","href":"https:\/\/api.w.org\/{rel}","templated":true}]}}