{"id":77339,"date":"2025-07-08T13:14:16","date_gmt":"2025-07-08T13:14:16","guid":{"rendered":"https:\/\/skinstudio.ee\/?post_type=product&#038;p=77339"},"modified":"2026-04-06T13:02:35","modified_gmt":"2026-04-06T13:02:35","slug":"liposomal-gaba-with-l-theanine","status":"publish","type":"product","link":"https:\/\/skinstudio.ee\/lv\/catalog\/quicksilver-lv\/liposomal-gaba-with-l-theanine\/","title":{"rendered":"Liposomal GABA with L-Theanine"},"content":{"rendered":"<p data-start=\"3125\" data-end=\"3260\"><strong data-start=\"3125\" data-end=\"3185\">Liposomal GABA with L-Theanine no Quicksilver Scientific<\/strong> ir uztura bag\u0101tin\u0101t\u0101js ar liposom\u0101lu formulu, kas satur GABA un L-tean\u012bnu.<\/p>\n<p data-start=\"3262\" data-end=\"3319\">Formula satur gamma-aminosviestsk\u0101bi (GABA) un L-tean\u012bnu.<\/p>\n<p data-start=\"3321\" data-end=\"3387\">Sast\u0101vs apvieno aminosk\u0101bes un citas akt\u012bv\u0101s vielas vien\u0101 formul\u0101.<\/p>\n<p data-start=\"3389\" data-end=\"3475\">Liposom\u0101l\u0101 tehnolo\u0123ija tiek izmantota akt\u012bvo vielu aizsardz\u012bbai un to transport\u0113\u0161anai.<\/p>\n<p data-start=\"3477\" data-end=\"3502\">Produkts ir \u0161\u0137idr\u0101 form\u0101.<\/p>\n<p data-start=\"3504\" data-end=\"3563\"><strong data-start=\"3504\" data-end=\"3545\">Ra\u017eot\u0101js: Quicksilver Scientific, ASV<\/strong><br data-start=\"3545\" data-end=\"3548\" \/>Ra\u017eots Eirop\u0101<\/p>\n<p data-start=\"3565\" data-end=\"3750\"><strong data-start=\"3565\" data-end=\"3586\">Der\u012bguma termi\u0146\u0161:<\/strong> skat\u012bt uz iepakojuma<br data-start=\"3607\" data-end=\"3610\" \/><strong data-start=\"3610\" data-end=\"3636\">Uzglab\u0101\u0161anas apst\u0101k\u013ci:<\/strong> uzglab\u0101t cie\u0161i nosl\u0113gtu istabas temperat\u016br\u0101, saus\u0101 un v\u0113s\u0101 viet\u0101.\u00a0<br data-start=\"3727\" data-end=\"3730\" \/><strong data-start=\"3730\" data-end=\"3742\">Tilpums:<\/strong> 50 ml<\/p>\n","protected":false},"excerpt":{"rendered":"<p data-start=\"4343\" data-end=\"4404\">Uztura bag\u0101tin\u0101t\u0101js ar liposom\u0101lu GABA un L-tean\u012bna formulu<\/p>\n<h2 data-start=\"4406\" data-end=\"4463\"><strong data-start=\"4406\" data-end=\"4463\">\u012apa\u0161\u012bbas Quicksilver &#8211; Liposomal GABA with L-Theanine<\/strong><\/h2>\n<p data-start=\"4465\" data-end=\"4607\">\u2714\ufe0f Satur GABA un L-tean\u012bnu<br data-start=\"4491\" data-end=\"4494\" \/>\u2714\ufe0f Liposom\u0101la akt\u012bvo vielu forma<br data-start=\"4526\" data-end=\"4529\" \/>\u2714\ufe0f \u0160\u0137idr\u0101 forma \u0113rtai lieto\u0161anai<br data-start=\"4561\" data-end=\"4564\" \/>\u2714\ufe0f Satur aminosk\u0101bes<br data-start=\"4584\" data-end=\"4587\" \/>\u2714\ufe0f Nesatur glut\u0113nu<\/p>\n","protected":false},"featured_media":65603,"template":"","meta":[],"pwb-brand":[1251],"product_brand":[],"product_cat":[768],"product_tag":[],"giftcard-category":[],"class_list":{"0":"post-77339","1":"product","2":"type-product","3":"status-publish","4":"has-post-thumbnail","6":"pwb-brand-quicksilver-lv","7":"product_cat-vitamini","9":"first","10":"instock","11":"taxable","12":"shipping-taxable","13":"purchasable","14":"product-type-simple"},"acf":[],"brands":[{"id":1251,"name":"Quicksilver","slug":"quicksilver-lv"}],"_links":{"self":[{"href":"https:\/\/skinstudio.ee\/lv\/wp-json\/wp\/v2\/product\/77339","targetHints":{"allow":["GET"]}}],"collection":[{"href":"https:\/\/skinstudio.ee\/lv\/wp-json\/wp\/v2\/product"}],"about":[{"href":"https:\/\/skinstudio.ee\/lv\/wp-json\/wp\/v2\/types\/product"}],"version-history":[{"count":2,"href":"https:\/\/skinstudio.ee\/lv\/wp-json\/wp\/v2\/product\/77339\/revisions"}],"predecessor-version":[{"id":89531,"href":"https:\/\/skinstudio.ee\/lv\/wp-json\/wp\/v2\/product\/77339\/revisions\/89531"}],"wp:featuredmedia":[{"embeddable":true,"href":"https:\/\/skinstudio.ee\/lv\/wp-json\/wp\/v2\/media\/65603"}],"wp:attachment":[{"href":"https:\/\/skinstudio.ee\/lv\/wp-json\/wp\/v2\/media?parent=77339"}],"wp:term":[{"taxonomy":"pwb-brand","embeddable":true,"href":"https:\/\/skinstudio.ee\/lv\/wp-json\/wp\/v2\/pwb-brand?post=77339"},{"taxonomy":"product_brand","embeddable":true,"href":"https:\/\/skinstudio.ee\/lv\/wp-json\/wp\/v2\/product_brand?post=77339"},{"taxonomy":"product_cat","embeddable":true,"href":"https:\/\/skinstudio.ee\/lv\/wp-json\/wp\/v2\/product_cat?post=77339"},{"taxonomy":"product_tag","embeddable":true,"href":"https:\/\/skinstudio.ee\/lv\/wp-json\/wp\/v2\/product_tag?post=77339"},{"taxonomy":"giftcard-category","embeddable":true,"href":"https:\/\/skinstudio.ee\/lv\/wp-json\/wp\/v2\/giftcard-category?post=77339"}],"curies":[{"name":"wp","href":"https:\/\/api.w.org\/{rel}","templated":true}]}}