{"id":77343,"date":"2025-06-24T08:02:43","date_gmt":"2025-06-24T08:02:43","guid":{"rendered":"https:\/\/skinstudio.ee\/?post_type=product&#038;p=77343"},"modified":"2026-04-06T13:07:21","modified_gmt":"2026-04-06T13:07:21","slug":"liposomal-magtein","status":"publish","type":"product","link":"https:\/\/skinstudio.ee\/lv\/catalog\/quicksilver-lv\/liposomal-magtein\/","title":{"rendered":"Liposomal Magtein\u2122"},"content":{"rendered":"<p data-start=\"2681\" data-end=\"2805\"><strong data-start=\"2681\" data-end=\"2729\">Liposomal Magtein\u2122 no Quicksilver Scientific<\/strong> ir uztura bag\u0101tin\u0101t\u0101js ar liposom\u0101lu formulu, kas satur magnija L-treon\u0101tu.<\/p>\n<p data-start=\"2807\" data-end=\"2846\">Formula satur magniju L-treon\u0101ta form\u0101.<\/p>\n<p data-start=\"2848\" data-end=\"2934\">Liposom\u0101l\u0101 tehnolo\u0123ija tiek izmantota akt\u012bvo vielu aizsardz\u012bbai un to transport\u0113\u0161anai.<\/p>\n<p data-start=\"2936\" data-end=\"2961\">Produkts ir \u0161\u0137idr\u0101 form\u0101.<\/p>\n<p data-start=\"2963\" data-end=\"3006\"><strong data-start=\"2963\" data-end=\"3004\">Ra\u017eot\u0101js: Quicksilver Scientific, ASV<\/strong><\/p>\n<p data-start=\"3008\" data-end=\"3208\"><strong data-start=\"3008\" data-end=\"3029\">Der\u012bguma termi\u0146\u0161:<\/strong> skat\u012bt uz iepakojuma<br data-start=\"3050\" data-end=\"3053\" \/><strong data-start=\"3053\" data-end=\"3079\">Uzglab\u0101\u0161anas apst\u0101k\u013ci:<\/strong> uzglab\u0101t cie\u0161i nosl\u0113gtu istabas temperat\u016br\u0101, saus\u0101 un v\u0113s\u0101 viet\u0101. Izlietot 60 dienu laik\u0101 p\u0113c atv\u0113r\u0161anas<br data-start=\"3184\" data-end=\"3187\" \/><strong data-start=\"3187\" data-end=\"3199\">Tilpums:<\/strong> 450 ml<\/p>\n","protected":false},"excerpt":{"rendered":"<p data-start=\"3718\" data-end=\"3769\">Uztura bag\u0101tin\u0101t\u0101js ar liposom\u0101lu magnija formulu<\/p>\n<h2 data-start=\"3771\" data-end=\"3816\"><strong data-start=\"3771\" data-end=\"3816\">\u012apa\u0161\u012bbas Quicksilver &#8211; Liposomal Magtein\u2122<\/strong><\/h2>\n<p data-start=\"3818\" data-end=\"3969\">\u2714\ufe0f Satur magnija L-treon\u0101tu<br data-start=\"3845\" data-end=\"3848\" \/>\u2714\ufe0f Liposom\u0101la akt\u012bvo vielu forma<br data-start=\"3880\" data-end=\"3883\" \/>\u2714\ufe0f \u0160\u0137idr\u0101 forma \u0113rtai lieto\u0161anai<br data-start=\"3915\" data-end=\"3918\" \/>\u2714\ufe0f Satur magniju k\u0101 miner\u0101lu<br data-start=\"3946\" data-end=\"3949\" \/>\u2714\ufe0f Nesatur glut\u0113nu<\/p>\n","protected":false},"featured_media":65625,"template":"","meta":[],"pwb-brand":[1251],"product_brand":[],"product_cat":[768],"product_tag":[],"giftcard-category":[],"class_list":{"0":"post-77343","1":"product","2":"type-product","3":"status-publish","4":"has-post-thumbnail","6":"pwb-brand-quicksilver-lv","7":"product_cat-vitamini","9":"first","10":"instock","11":"taxable","12":"shipping-taxable","13":"purchasable","14":"product-type-simple"},"acf":[],"brands":[{"id":1251,"name":"Quicksilver","slug":"quicksilver-lv"}],"_links":{"self":[{"href":"https:\/\/skinstudio.ee\/lv\/wp-json\/wp\/v2\/product\/77343","targetHints":{"allow":["GET"]}}],"collection":[{"href":"https:\/\/skinstudio.ee\/lv\/wp-json\/wp\/v2\/product"}],"about":[{"href":"https:\/\/skinstudio.ee\/lv\/wp-json\/wp\/v2\/types\/product"}],"version-history":[{"count":2,"href":"https:\/\/skinstudio.ee\/lv\/wp-json\/wp\/v2\/product\/77343\/revisions"}],"predecessor-version":[{"id":89537,"href":"https:\/\/skinstudio.ee\/lv\/wp-json\/wp\/v2\/product\/77343\/revisions\/89537"}],"wp:featuredmedia":[{"embeddable":true,"href":"https:\/\/skinstudio.ee\/lv\/wp-json\/wp\/v2\/media\/65625"}],"wp:attachment":[{"href":"https:\/\/skinstudio.ee\/lv\/wp-json\/wp\/v2\/media?parent=77343"}],"wp:term":[{"taxonomy":"pwb-brand","embeddable":true,"href":"https:\/\/skinstudio.ee\/lv\/wp-json\/wp\/v2\/pwb-brand?post=77343"},{"taxonomy":"product_brand","embeddable":true,"href":"https:\/\/skinstudio.ee\/lv\/wp-json\/wp\/v2\/product_brand?post=77343"},{"taxonomy":"product_cat","embeddable":true,"href":"https:\/\/skinstudio.ee\/lv\/wp-json\/wp\/v2\/product_cat?post=77343"},{"taxonomy":"product_tag","embeddable":true,"href":"https:\/\/skinstudio.ee\/lv\/wp-json\/wp\/v2\/product_tag?post=77343"},{"taxonomy":"giftcard-category","embeddable":true,"href":"https:\/\/skinstudio.ee\/lv\/wp-json\/wp\/v2\/giftcard-category?post=77343"}],"curies":[{"name":"wp","href":"https:\/\/api.w.org\/{rel}","templated":true}]}}