{"id":77347,"date":"2025-01-13T09:06:34","date_gmt":"2025-01-13T09:06:34","guid":{"rendered":"https:\/\/skinstudio.ee\/?post_type=product&#038;p=77347"},"modified":"2026-04-06T13:10:06","modified_gmt":"2026-04-06T13:10:06","slug":"nad-platinum","status":"publish","type":"product","link":"https:\/\/skinstudio.ee\/lv\/catalog\/quicksilver-lv\/nad-platinum\/","title":{"rendered":"NAD+ Platinum\u00ae"},"content":{"rendered":"<p data-start=\"3111\" data-end=\"3246\"><strong data-start=\"3111\" data-end=\"3155\">NAD+ Platinum\u00ae no Quicksilver Scientific<\/strong> ir uztura bag\u0101tin\u0101t\u0101js ar kompleksu formulu, kas satur NMN, vitam\u012bnus un augu komponentus.<\/p>\n<p data-start=\"3248\" data-end=\"3344\">Formula satur nikotinam\u012bda mononukleot\u012bdu (NMN), kvercet\u012bnu, resveratrolu un B grupas vitam\u012bnus.<\/p>\n<p data-start=\"3346\" data-end=\"3417\">Sast\u0101vs apvieno koenz\u012bmus, vitam\u012bnus un augu komponentus vien\u0101 formul\u0101.<\/p>\n<p data-start=\"3419\" data-end=\"3444\">Produkts ir \u0161\u0137idr\u0101 form\u0101.<\/p>\n<p data-start=\"3446\" data-end=\"3489\"><strong data-start=\"3446\" data-end=\"3487\">Ra\u017eot\u0101js: Quicksilver Scientific, ASV<\/strong><\/p>\n<p data-start=\"3491\" data-end=\"3683\"><strong data-start=\"3491\" data-end=\"3512\">Der\u012bguma termi\u0146\u0161:<\/strong> skat\u012bt uz iepakojuma<br data-start=\"3533\" data-end=\"3536\" \/><strong data-start=\"3536\" data-end=\"3562\">Uzglab\u0101\u0161anas apst\u0101k\u013ci:<\/strong> p\u0113c sa\u0146em\u0161anas uzglab\u0101t ledusskap\u012b; p\u0113c tam tur\u0113t cie\u0161i nosl\u0113gtu istabas temperat\u016br\u0101 saus\u0101 viet\u0101<br data-start=\"3659\" data-end=\"3662\" \/><strong data-start=\"3662\" data-end=\"3674\">Tilpums:<\/strong> 100 ml<\/p>\n","protected":false},"excerpt":{"rendered":"<p data-start=\"4325\" data-end=\"4367\">Uztura bag\u0101tin\u0101t\u0101js ar kompleksu formulu<\/p>\n<h2 data-start=\"4369\" data-end=\"4410\"><strong data-start=\"4369\" data-end=\"4410\">\u012apa\u0161\u012bbas Quicksilver &#8211; NAD+ Platinum\u00ae<\/strong><\/h2>\n<p data-start=\"4412\" data-end=\"4595\">\u2714\ufe0f Satur NMN, B grupas vitam\u012bnus un augu komponentus<br data-start=\"4464\" data-end=\"4467\" \/>\u2714\ufe0f Ietver kvercet\u012bnu un resveratrolu<br data-start=\"4503\" data-end=\"4506\" \/>\u2714\ufe0f \u0160\u0137idr\u0101 forma \u0113rtai lieto\u0161anai<br data-start=\"4538\" data-end=\"4541\" \/>\u2714\ufe0f Satur koenz\u012bmus un vitam\u012bnus<br data-start=\"4572\" data-end=\"4575\" \/>\u2714\ufe0f Nesatur glut\u0113nu<\/p>\n","protected":false},"featured_media":65636,"template":"","meta":[],"pwb-brand":[1251],"product_brand":[],"product_cat":[768],"product_tag":[],"giftcard-category":[],"class_list":{"0":"post-77347","1":"product","2":"type-product","3":"status-publish","4":"has-post-thumbnail","6":"pwb-brand-quicksilver-lv","7":"product_cat-vitamini","9":"first","10":"instock","11":"taxable","12":"shipping-taxable","13":"purchasable","14":"product-type-simple"},"acf":[],"brands":[{"id":1251,"name":"Quicksilver","slug":"quicksilver-lv"}],"_links":{"self":[{"href":"https:\/\/skinstudio.ee\/lv\/wp-json\/wp\/v2\/product\/77347","targetHints":{"allow":["GET"]}}],"collection":[{"href":"https:\/\/skinstudio.ee\/lv\/wp-json\/wp\/v2\/product"}],"about":[{"href":"https:\/\/skinstudio.ee\/lv\/wp-json\/wp\/v2\/types\/product"}],"version-history":[{"count":2,"href":"https:\/\/skinstudio.ee\/lv\/wp-json\/wp\/v2\/product\/77347\/revisions"}],"predecessor-version":[{"id":89542,"href":"https:\/\/skinstudio.ee\/lv\/wp-json\/wp\/v2\/product\/77347\/revisions\/89542"}],"wp:featuredmedia":[{"embeddable":true,"href":"https:\/\/skinstudio.ee\/lv\/wp-json\/wp\/v2\/media\/65636"}],"wp:attachment":[{"href":"https:\/\/skinstudio.ee\/lv\/wp-json\/wp\/v2\/media?parent=77347"}],"wp:term":[{"taxonomy":"pwb-brand","embeddable":true,"href":"https:\/\/skinstudio.ee\/lv\/wp-json\/wp\/v2\/pwb-brand?post=77347"},{"taxonomy":"product_brand","embeddable":true,"href":"https:\/\/skinstudio.ee\/lv\/wp-json\/wp\/v2\/product_brand?post=77347"},{"taxonomy":"product_cat","embeddable":true,"href":"https:\/\/skinstudio.ee\/lv\/wp-json\/wp\/v2\/product_cat?post=77347"},{"taxonomy":"product_tag","embeddable":true,"href":"https:\/\/skinstudio.ee\/lv\/wp-json\/wp\/v2\/product_tag?post=77347"},{"taxonomy":"giftcard-category","embeddable":true,"href":"https:\/\/skinstudio.ee\/lv\/wp-json\/wp\/v2\/giftcard-category?post=77347"}],"curies":[{"name":"wp","href":"https:\/\/api.w.org\/{rel}","templated":true}]}}