{"id":77351,"date":"2025-01-13T08:58:38","date_gmt":"2025-01-13T08:58:38","guid":{"rendered":"https:\/\/skinstudio.ee\/?post_type=product&#038;p=77351"},"modified":"2026-04-06T13:11:58","modified_gmt":"2026-04-06T13:11:58","slug":"nad-gold","status":"publish","type":"product","link":"https:\/\/skinstudio.ee\/lv\/catalog\/quicksilver-lv\/nad-gold\/","title":{"rendered":"NAD+ Gold\u00ae"},"content":{"rendered":"<p data-start=\"2898\" data-end=\"3024\"><strong data-start=\"2898\" data-end=\"2938\">NAD+ Gold\u00ae no Quicksilver Scientific<\/strong> &#8211; uztura bag\u0101tin\u0101t\u0101js ar liposom\u0101lu nikot\u012bnam\u012bda aden\u012bna dinukleot\u012bda (NAD+) formu.<\/p>\n<p data-start=\"3026\" data-end=\"3091\">Formula izstr\u0101d\u0101ta, izmantojot liposom\u0101lo pieg\u0101des tehnolo\u0123iju.<\/p>\n<p data-start=\"3093\" data-end=\"3168\">Liposom\u0101l\u0101 sist\u0113ma nodro\u0161ina akt\u012bvo komponentu izplat\u012b\u0161anos \u0161\u0137idr\u0101 form\u0101.<\/p>\n<p data-start=\"3170\" data-end=\"3242\">Produkts ir pieejams ar dozatoru un paredz\u0113ts sublingv\u0101lai lieto\u0161anai.<\/p>\n<p data-start=\"3244\" data-end=\"3486\"><strong data-start=\"3244\" data-end=\"3257\">Ra\u017eot\u0101js:<\/strong> Quicksilver Scientific, ASV<br data-start=\"3285\" data-end=\"3288\" \/><strong data-start=\"3288\" data-end=\"3305\">Ra\u017eots Eirop\u0101<\/strong><br data-start=\"3305\" data-end=\"3308\" \/>Der\u012bguma termi\u0146\u0161: skat\u012bt uz iepakojuma<br data-start=\"3346\" data-end=\"3349\" \/>Uzglab\u0101\u0161anas apst\u0101k\u013ci: uzglab\u0101t ledusskap\u012b p\u0113c sa\u0146em\u0161anas, cie\u0161i nosl\u0113gtu. Izlietot 60 dienu laik\u0101 p\u0113c atv\u0113r\u0161anas.<br data-start=\"3463\" data-end=\"3466\" \/><strong data-start=\"3466\" data-end=\"3478\">Tilpums:<\/strong> 50 ml<\/p>\n","protected":false},"excerpt":{"rendered":"<p data-start=\"4045\" data-end=\"4077\">Liposom\u0101ls uztura bag\u0101tin\u0101t\u0101js<\/p>\n<h2 data-start=\"4079\" data-end=\"4116\"><strong data-start=\"4079\" data-end=\"4116\">\u012apa\u0161\u012bbas Quicksilver &#8211; NAD+ Gold\u00ae<\/strong><\/h2>\n<p data-start=\"4118\" data-end=\"4297\">\u2714\ufe0f Liposom\u0101la pieg\u0101des forma<br data-start=\"4146\" data-end=\"4149\" \/>\u2714\ufe0f Satur nikot\u012bnam\u012bda aden\u012bna dinukleot\u012bdu (NAD+)<br data-start=\"4198\" data-end=\"4201\" \/>\u2714\ufe0f \u0160\u0137idra forma ar dozatoru<br data-start=\"4228\" data-end=\"4231\" \/>\u2714\ufe0f Piem\u0113rots sublingv\u0101lai lieto\u0161anai<br data-start=\"4267\" data-end=\"4270\" \/>\u2714\ufe0f Bez glut\u0113na un bez \u0122MO<\/p>\n","protected":false},"featured_media":25820,"template":"","meta":[],"pwb-brand":[1251],"product_brand":[],"product_cat":[768],"product_tag":[],"giftcard-category":[],"class_list":{"0":"post-77351","1":"product","2":"type-product","3":"status-publish","4":"has-post-thumbnail","6":"pwb-brand-quicksilver-lv","7":"product_cat-vitamini","9":"first","10":"instock","11":"taxable","12":"shipping-taxable","13":"purchasable","14":"product-type-simple"},"acf":[],"brands":[{"id":1251,"name":"Quicksilver","slug":"quicksilver-lv"}],"_links":{"self":[{"href":"https:\/\/skinstudio.ee\/lv\/wp-json\/wp\/v2\/product\/77351","targetHints":{"allow":["GET"]}}],"collection":[{"href":"https:\/\/skinstudio.ee\/lv\/wp-json\/wp\/v2\/product"}],"about":[{"href":"https:\/\/skinstudio.ee\/lv\/wp-json\/wp\/v2\/types\/product"}],"version-history":[{"count":2,"href":"https:\/\/skinstudio.ee\/lv\/wp-json\/wp\/v2\/product\/77351\/revisions"}],"predecessor-version":[{"id":89549,"href":"https:\/\/skinstudio.ee\/lv\/wp-json\/wp\/v2\/product\/77351\/revisions\/89549"}],"wp:featuredmedia":[{"embeddable":true,"href":"https:\/\/skinstudio.ee\/lv\/wp-json\/wp\/v2\/media\/25820"}],"wp:attachment":[{"href":"https:\/\/skinstudio.ee\/lv\/wp-json\/wp\/v2\/media?parent=77351"}],"wp:term":[{"taxonomy":"pwb-brand","embeddable":true,"href":"https:\/\/skinstudio.ee\/lv\/wp-json\/wp\/v2\/pwb-brand?post=77351"},{"taxonomy":"product_brand","embeddable":true,"href":"https:\/\/skinstudio.ee\/lv\/wp-json\/wp\/v2\/product_brand?post=77351"},{"taxonomy":"product_cat","embeddable":true,"href":"https:\/\/skinstudio.ee\/lv\/wp-json\/wp\/v2\/product_cat?post=77351"},{"taxonomy":"product_tag","embeddable":true,"href":"https:\/\/skinstudio.ee\/lv\/wp-json\/wp\/v2\/product_tag?post=77351"},{"taxonomy":"giftcard-category","embeddable":true,"href":"https:\/\/skinstudio.ee\/lv\/wp-json\/wp\/v2\/giftcard-category?post=77351"}],"curies":[{"name":"wp","href":"https:\/\/api.w.org\/{rel}","templated":true}]}}