{"id":77355,"date":"2025-01-11T12:39:22","date_gmt":"2025-01-11T12:39:22","guid":{"rendered":"https:\/\/skinstudio.ee\/?post_type=product&#038;p=77355"},"modified":"2026-04-28T13:44:52","modified_gmt":"2026-04-28T13:44:52","slug":"thrivagen","status":"publish","type":"product","link":"https:\/\/skinstudio.ee\/lv\/catalog\/quicksilver\/thrivagen\/","title":{"rendered":"Thrivagen"},"content":{"rendered":"<p data-start=\"3034\" data-end=\"3160\"><strong data-start=\"3034\" data-end=\"3073\">Thrivagen no Quicksilver Scientific<\/strong> &#8211; uztura bag\u0101tin\u0101t\u0101js ar augu izcelsmes formulu, kas satur augu ekstraktu kompleksu.<\/p>\n<p data-start=\"3162\" data-end=\"3253\">Formula apvieno augu izcelsmes sast\u0101vda\u013cas, kas tradicion\u0101li izmantotas da\u017e\u0101dos re\u0123ionos.<\/p>\n<p data-start=\"3255\" data-end=\"3340\">Kombin\u0101cija ir \u0161\u0137idr\u0101 form\u0101 un izstr\u0101d\u0101ta, \u0146emot v\u0113r\u0101 augu komponentu koplieto\u0161anu.<\/p>\n<p data-start=\"3342\" data-end=\"3405\">Produkts ir ar dozatoru un paredz\u0113ts sublingv\u0101lai lieto\u0161anai.<\/p>\n<p data-start=\"3407\" data-end=\"3643\"><strong data-start=\"3407\" data-end=\"3420\">Ra\u017eot\u0101js:<\/strong> Quicksilver Scientific, ASV<br data-start=\"3448\" data-end=\"3451\" \/><strong data-start=\"3451\" data-end=\"3468\">Ra\u017eots Eirop\u0101<\/strong><br data-start=\"3468\" data-end=\"3471\" \/>Der\u012bguma termi\u0146\u0161: skat\u012bt uz iepakojuma<br data-start=\"3509\" data-end=\"3512\" \/>Uzglab\u0101\u0161anas apst\u0101k\u013ci: uzglab\u0101t istabas temperat\u016br\u0101, cie\u0161i nosl\u0113gtu. Izlietot 60 dienu laik\u0101 p\u0113c atv\u0113r\u0161anas.<br data-start=\"3620\" data-end=\"3623\" \/><strong data-start=\"3623\" data-end=\"3635\">Tilpums:<\/strong> 50 ml<\/p>\n","protected":false},"excerpt":{"rendered":"<p data-start=\"4266\" data-end=\"4302\">Augu izcelsmes uztura bag\u0101tin\u0101t\u0101js<\/p>\n<h2 data-start=\"4304\" data-end=\"4340\"><strong data-start=\"4304\" data-end=\"4340\">\u012apa\u0161\u012bbas Quicksilver &#8211; Thrivagen<\/strong><\/h2>\n<p data-start=\"4342\" data-end=\"4502\">\u2714\ufe0f Satur augu ekstraktu kompleksu<br data-start=\"4375\" data-end=\"4378\" \/>\u2714\ufe0f \u0160\u0137idra forma ar dozatoru<br data-start=\"4405\" data-end=\"4408\" \/>\u2714\ufe0f Piem\u0113rots sublingv\u0101lai lieto\u0161anai<br data-start=\"4444\" data-end=\"4447\" \/>\u2714\ufe0f Augu izcelsmes formula<br data-start=\"4472\" data-end=\"4475\" \/>\u2714\ufe0f Bez glut\u0113na un bez \u0122MO<\/p>\n","protected":false},"featured_media":65651,"template":"","meta":[],"pwb-brand":[1251],"product_brand":[],"product_cat":[768],"product_tag":[],"giftcard-category":[],"class_list":{"0":"post-77355","1":"product","2":"type-product","3":"status-publish","4":"has-post-thumbnail","6":"pwb-brand-quicksilver","7":"product_cat-vitamini","9":"first","10":"instock","11":"taxable","12":"shipping-taxable","13":"purchasable","14":"product-type-simple"},"acf":[],"brands":[{"id":1251,"name":"Quicksilver","slug":"quicksilver"}],"_links":{"self":[{"href":"https:\/\/skinstudio.ee\/lv\/wp-json\/wp\/v2\/product\/77355","targetHints":{"allow":["GET"]}}],"collection":[{"href":"https:\/\/skinstudio.ee\/lv\/wp-json\/wp\/v2\/product"}],"about":[{"href":"https:\/\/skinstudio.ee\/lv\/wp-json\/wp\/v2\/types\/product"}],"version-history":[{"count":2,"href":"https:\/\/skinstudio.ee\/lv\/wp-json\/wp\/v2\/product\/77355\/revisions"}],"predecessor-version":[{"id":89554,"href":"https:\/\/skinstudio.ee\/lv\/wp-json\/wp\/v2\/product\/77355\/revisions\/89554"}],"wp:featuredmedia":[{"embeddable":true,"href":"https:\/\/skinstudio.ee\/lv\/wp-json\/wp\/v2\/media\/65651"}],"wp:attachment":[{"href":"https:\/\/skinstudio.ee\/lv\/wp-json\/wp\/v2\/media?parent=77355"}],"wp:term":[{"taxonomy":"pwb-brand","embeddable":true,"href":"https:\/\/skinstudio.ee\/lv\/wp-json\/wp\/v2\/pwb-brand?post=77355"},{"taxonomy":"product_brand","embeddable":true,"href":"https:\/\/skinstudio.ee\/lv\/wp-json\/wp\/v2\/product_brand?post=77355"},{"taxonomy":"product_cat","embeddable":true,"href":"https:\/\/skinstudio.ee\/lv\/wp-json\/wp\/v2\/product_cat?post=77355"},{"taxonomy":"product_tag","embeddable":true,"href":"https:\/\/skinstudio.ee\/lv\/wp-json\/wp\/v2\/product_tag?post=77355"},{"taxonomy":"giftcard-category","embeddable":true,"href":"https:\/\/skinstudio.ee\/lv\/wp-json\/wp\/v2\/giftcard-category?post=77355"}],"curies":[{"name":"wp","href":"https:\/\/api.w.org\/{rel}","templated":true}]}}