{"id":77360,"date":"2024-05-31T13:38:20","date_gmt":"2024-05-31T13:38:20","guid":{"rendered":"https:\/\/skinstudio.ee\/?post_type=product&#038;p=77360"},"modified":"2026-04-06T13:16:37","modified_gmt":"2026-04-06T13:16:37","slug":"ampk-charge","status":"publish","type":"product","link":"https:\/\/skinstudio.ee\/lv\/catalog\/quicksilver-lv\/ampk-charge\/","title":{"rendered":"AMPK Charge+"},"content":{"rendered":"<p data-start=\"3215\" data-end=\"3350\"><strong data-start=\"3215\" data-end=\"3247\">AMPK Charge+\u2122 no Quicksilver<\/strong> &#8211; uztura bag\u0101tin\u0101t\u0101js ar kompleksu formulu, kas satur fitouzturvielas un augu izcelsmes komponentus.<\/p>\n<p data-start=\"3352\" data-end=\"3446\">Formula satur diindolilmet\u0101nu, kvercet\u012bnu, resveratrolu, berber\u012bnu un piena dad\u017ea ekstraktu.<\/p>\n<p data-start=\"3448\" data-end=\"3536\">Kombin\u0101cija ir \u0161\u0137idr\u0101 form\u0101 un izstr\u0101d\u0101ta, izmantojot liposom\u0101lo pieg\u0101des tehnolo\u0123iju.<\/p>\n<p data-start=\"3538\" data-end=\"3613\">Produkts ir ar dozatoru un paredz\u0113ts sublingv\u0101lai (zem m\u0113les) lieto\u0161anai.<\/p>\n<p data-start=\"3615\" data-end=\"3863\"><strong data-start=\"3615\" data-end=\"3628\">Ra\u017eot\u0101js:<\/strong> Quicksilver Scientific, ASV<br data-start=\"3656\" data-end=\"3659\" \/><strong data-start=\"3659\" data-end=\"3676\">Ra\u017eots Eirop\u0101<\/strong><br data-start=\"3676\" data-end=\"3679\" \/>Der\u012bguma termi\u0146\u0161: skat\u012bt uz iepakojuma<br data-start=\"3717\" data-end=\"3720\" \/>Uzglab\u0101\u0161anas apst\u0101k\u013ci: uzglab\u0101t cie\u0161i nosl\u0113gtu istabas temperat\u016br\u0101 saus\u0101 viet\u0101. Izlietot 60 dienu laik\u0101 p\u0113c atv\u0113r\u0161anas.<br data-start=\"3839\" data-end=\"3842\" \/><strong data-start=\"3842\" data-end=\"3854\">Tilpums:<\/strong> 100 ml<\/p>\n","protected":false},"excerpt":{"rendered":"<p data-start=\"4471\" data-end=\"4502\">Komplekss uztura bag\u0101tin\u0101t\u0101js<\/p>\n<h2 data-start=\"4504\" data-end=\"4544\"><strong data-start=\"4504\" data-end=\"4544\">\u012apa\u0161\u012bbas Quicksilver &#8211; AMPK Charge+\u2122<\/strong><\/h2>\n<p data-start=\"4546\" data-end=\"4734\">\u2714\ufe0f Satur fitouzturvielu kompleksu<br data-start=\"4579\" data-end=\"4582\" \/>\u2714\ufe0f Ietver diindolilmet\u0101nu, kvercet\u012bnu un resveratrolu<br data-start=\"4635\" data-end=\"4638\" \/>\u2714\ufe0f \u0160\u0137idra forma ar dozatoru<br data-start=\"4665\" data-end=\"4668\" \/>\u2714\ufe0f Piem\u0113rots sublingv\u0101lai lieto\u0161anai<br data-start=\"4704\" data-end=\"4707\" \/>\u2714\ufe0f Bez glut\u0113na un bez \u0122MO<\/p>\n","protected":false},"featured_media":77361,"template":"","meta":[],"pwb-brand":[1251],"product_brand":[],"product_cat":[768],"product_tag":[],"giftcard-category":[],"class_list":{"0":"post-77360","1":"product","2":"type-product","3":"status-publish","4":"has-post-thumbnail","6":"pwb-brand-quicksilver-lv","7":"product_cat-vitamini","9":"first","10":"instock","11":"taxable","12":"shipping-taxable","13":"purchasable","14":"product-type-simple"},"acf":[],"brands":[{"id":1251,"name":"Quicksilver","slug":"quicksilver-lv"}],"_links":{"self":[{"href":"https:\/\/skinstudio.ee\/lv\/wp-json\/wp\/v2\/product\/77360","targetHints":{"allow":["GET"]}}],"collection":[{"href":"https:\/\/skinstudio.ee\/lv\/wp-json\/wp\/v2\/product"}],"about":[{"href":"https:\/\/skinstudio.ee\/lv\/wp-json\/wp\/v2\/types\/product"}],"version-history":[{"count":3,"href":"https:\/\/skinstudio.ee\/lv\/wp-json\/wp\/v2\/product\/77360\/revisions"}],"predecessor-version":[{"id":89559,"href":"https:\/\/skinstudio.ee\/lv\/wp-json\/wp\/v2\/product\/77360\/revisions\/89559"}],"wp:featuredmedia":[{"embeddable":true,"href":"https:\/\/skinstudio.ee\/lv\/wp-json\/wp\/v2\/media\/77361"}],"wp:attachment":[{"href":"https:\/\/skinstudio.ee\/lv\/wp-json\/wp\/v2\/media?parent=77360"}],"wp:term":[{"taxonomy":"pwb-brand","embeddable":true,"href":"https:\/\/skinstudio.ee\/lv\/wp-json\/wp\/v2\/pwb-brand?post=77360"},{"taxonomy":"product_brand","embeddable":true,"href":"https:\/\/skinstudio.ee\/lv\/wp-json\/wp\/v2\/product_brand?post=77360"},{"taxonomy":"product_cat","embeddable":true,"href":"https:\/\/skinstudio.ee\/lv\/wp-json\/wp\/v2\/product_cat?post=77360"},{"taxonomy":"product_tag","embeddable":true,"href":"https:\/\/skinstudio.ee\/lv\/wp-json\/wp\/v2\/product_tag?post=77360"},{"taxonomy":"giftcard-category","embeddable":true,"href":"https:\/\/skinstudio.ee\/lv\/wp-json\/wp\/v2\/giftcard-category?post=77360"}],"curies":[{"name":"wp","href":"https:\/\/api.w.org\/{rel}","templated":true}]}}