{"id":77371,"date":"2023-08-12T11:49:14","date_gmt":"2023-08-12T11:49:14","guid":{"rendered":"https:\/\/skinstudio.ee\/?post_type=product&#038;p=77371"},"modified":"2026-04-06T13:19:02","modified_gmt":"2026-04-06T13:19:02","slug":"nanoemulsified-d3k2","status":"publish","type":"product","link":"https:\/\/skinstudio.ee\/lv\/catalog\/quicksilver-lv\/nanoemulsified-d3k2\/","title":{"rendered":"Nanoemulsified D3K2"},"content":{"rendered":"<p data-start=\"2908\" data-end=\"3026\"><strong data-start=\"2908\" data-end=\"2946\">Nanoemulsified D3K2 no Quicksilver<\/strong> &#8211; uztura bag\u0101tin\u0101t\u0101js ar nanoemulsijas formulu, kas satur vitam\u012bnus D3 un K2.<\/p>\n<p data-start=\"3028\" data-end=\"3078\">Formula satur D3 vitam\u012bnu un K2 vitam\u012bnu (MK-7).<\/p>\n<p data-start=\"3080\" data-end=\"3171\">Kombin\u0101cija ir \u0161\u0137idr\u0101 form\u0101 un izstr\u0101d\u0101ta, izmantojot nanoemulsijas pieg\u0101des tehnolo\u0123iju.<\/p>\n<p data-start=\"3173\" data-end=\"3248\">Produkts ir ar dozatoru un paredz\u0113ts sublingv\u0101lai (zem m\u0113les) lieto\u0161anai.<\/p>\n<p data-start=\"3250\" data-end=\"3453\"><strong data-start=\"3250\" data-end=\"3263\">Ra\u017eot\u0101js:<\/strong> Quicksilver Scientific, ASV<br data-start=\"3291\" data-end=\"3294\" \/><strong data-start=\"3294\" data-end=\"3311\">Ra\u017eots Eirop\u0101<\/strong><br data-start=\"3311\" data-end=\"3314\" \/>Der\u012bguma termi\u0146\u0161: izlietot 6 m\u0113ne\u0161u laik\u0101 p\u0113c atv\u0113r\u0161anas<br data-start=\"3370\" data-end=\"3373\" \/>Uzglab\u0101\u0161anas apst\u0101k\u013ci: uzglab\u0101t ledusskap\u012b p\u0113c atv\u0113r\u0161anas<br data-start=\"3430\" data-end=\"3433\" \/><strong data-start=\"3433\" data-end=\"3445\">Tilpums:<\/strong> 50 ml<\/p>\n","protected":false},"excerpt":{"rendered":"<p data-start=\"4057\" data-end=\"4092\">Nanoemulsijas uztura bag\u0101tin\u0101t\u0101js<\/p>\n<h2 data-start=\"4094\" data-end=\"4140\"><strong data-start=\"4094\" data-end=\"4140\">\u012apa\u0161\u012bbas Quicksilver &#8211; Nanoemulsified D3K2<\/strong><\/h2>\n<p data-start=\"4142\" data-end=\"4309\">\u2714\ufe0f Satur vitam\u012bnus D3 un K2 (MK-7)<br data-start=\"4176\" data-end=\"4179\" \/>\u2714\ufe0f Nanoemulsijas pieg\u0101des forma<br data-start=\"4210\" data-end=\"4213\" \/>\u2714\ufe0f \u0160\u0137idra forma ar dozatoru<br data-start=\"4240\" data-end=\"4243\" \/>\u2714\ufe0f Piem\u0113rots sublingv\u0101lai lieto\u0161anai<br data-start=\"4279\" data-end=\"4282\" \/>\u2714\ufe0f Bez glut\u0113na un bez \u0122MO<\/p>\n","protected":false},"featured_media":77372,"template":"","meta":[],"pwb-brand":[1251],"product_brand":[],"product_cat":[768],"product_tag":[],"giftcard-category":[],"class_list":{"0":"post-77371","1":"product","2":"type-product","3":"status-publish","4":"has-post-thumbnail","6":"pwb-brand-quicksilver-lv","7":"product_cat-vitamini","9":"first","10":"instock","11":"taxable","12":"shipping-taxable","13":"purchasable","14":"product-type-simple"},"acf":[],"brands":[{"id":1251,"name":"Quicksilver","slug":"quicksilver-lv"}],"_links":{"self":[{"href":"https:\/\/skinstudio.ee\/lv\/wp-json\/wp\/v2\/product\/77371","targetHints":{"allow":["GET"]}}],"collection":[{"href":"https:\/\/skinstudio.ee\/lv\/wp-json\/wp\/v2\/product"}],"about":[{"href":"https:\/\/skinstudio.ee\/lv\/wp-json\/wp\/v2\/types\/product"}],"version-history":[{"count":2,"href":"https:\/\/skinstudio.ee\/lv\/wp-json\/wp\/v2\/product\/77371\/revisions"}],"predecessor-version":[{"id":89564,"href":"https:\/\/skinstudio.ee\/lv\/wp-json\/wp\/v2\/product\/77371\/revisions\/89564"}],"wp:featuredmedia":[{"embeddable":true,"href":"https:\/\/skinstudio.ee\/lv\/wp-json\/wp\/v2\/media\/77372"}],"wp:attachment":[{"href":"https:\/\/skinstudio.ee\/lv\/wp-json\/wp\/v2\/media?parent=77371"}],"wp:term":[{"taxonomy":"pwb-brand","embeddable":true,"href":"https:\/\/skinstudio.ee\/lv\/wp-json\/wp\/v2\/pwb-brand?post=77371"},{"taxonomy":"product_brand","embeddable":true,"href":"https:\/\/skinstudio.ee\/lv\/wp-json\/wp\/v2\/product_brand?post=77371"},{"taxonomy":"product_cat","embeddable":true,"href":"https:\/\/skinstudio.ee\/lv\/wp-json\/wp\/v2\/product_cat?post=77371"},{"taxonomy":"product_tag","embeddable":true,"href":"https:\/\/skinstudio.ee\/lv\/wp-json\/wp\/v2\/product_tag?post=77371"},{"taxonomy":"giftcard-category","embeddable":true,"href":"https:\/\/skinstudio.ee\/lv\/wp-json\/wp\/v2\/giftcard-category?post=77371"}],"curies":[{"name":"wp","href":"https:\/\/api.w.org\/{rel}","templated":true}]}}