{"id":77377,"date":"2023-08-11T10:17:28","date_gmt":"2023-08-11T10:17:28","guid":{"rendered":"https:\/\/skinstudio.ee\/?post_type=product&#038;p=77377"},"modified":"2026-04-06T13:20:34","modified_gmt":"2026-04-06T13:20:34","slug":"liposomal-vitamin-c-with-r-lipoic-acid","status":"publish","type":"product","link":"https:\/\/skinstudio.ee\/lv\/catalog\/quicksilver-lv\/liposomal-vitamin-c-with-r-lipoic-acid\/","title":{"rendered":"Liposomal Vitamin C with R-Lipoic Acid"},"content":{"rendered":"<p data-start=\"2862\" data-end=\"3005\"><strong data-start=\"2862\" data-end=\"2919\">Liposomal Vitamin C with R-Lipoic Acid no Quicksilver<\/strong> &#8211; uztura bag\u0101tin\u0101t\u0101js ar liposom\u0101lu formulu, kas satur C vitam\u012bnu un R-lipo\u012bnsk\u0101bi.<\/p>\n<p data-start=\"3053\" data-end=\"3141\">Kombin\u0101cija ir \u0161\u0137idr\u0101 form\u0101 un izstr\u0101d\u0101ta, izmantojot liposom\u0101lo pieg\u0101des tehnolo\u0123iju.<\/p>\n<p data-start=\"3143\" data-end=\"3218\">Produkts ir ar dozatoru un paredz\u0113ts sublingv\u0101lai (zem m\u0113les) lieto\u0161anai.<\/p>\n<p data-start=\"3220\" data-end=\"3441\"><strong data-start=\"3220\" data-end=\"3233\">Ra\u017eot\u0101js:<\/strong> Quicksilver Scientific, ASV<br data-start=\"3261\" data-end=\"3264\" \/><strong data-start=\"3264\" data-end=\"3281\">Ra\u017eots Eirop\u0101<\/strong><br data-start=\"3281\" data-end=\"3284\" \/>Der\u012bguma termi\u0146\u0161: izlietot 30 dienu laik\u0101 p\u0113c atv\u0113r\u0161anas<br data-start=\"3340\" data-end=\"3343\" \/>Uzglab\u0101\u0161anas apst\u0101k\u013ci: uzglab\u0101t v\u0113s\u0101 viet\u0101, p\u0113c atv\u0113r\u0161anas tur\u0113t ledusskap\u012b<br data-start=\"3418\" data-end=\"3421\" \/><strong data-start=\"3421\" data-end=\"3433\">Tilpums:<\/strong> 50 ml<\/p>\n","protected":false},"excerpt":{"rendered":"<p data-start=\"3971\" data-end=\"4003\">Liposom\u0101ls uztura bag\u0101tin\u0101t\u0101js<\/p>\n<h2 data-start=\"4005\" data-end=\"4070\"><strong data-start=\"4005\" data-end=\"4070\">\u012apa\u0161\u012bbas Quicksilver &#8211; Liposomal Vitamin C with R-Lipoic Acid<\/strong><\/h2>\n<p data-start=\"4072\" data-end=\"4238\">\u2714\ufe0f Satur C vitam\u012bnu un R-lipo\u012bnsk\u0101bi<br data-start=\"4108\" data-end=\"4111\" \/>\u2714\ufe0f Liposom\u0101la pieg\u0101des forma<br data-start=\"4139\" data-end=\"4142\" \/>\u2714\ufe0f \u0160\u0137idra forma ar dozatoru<br data-start=\"4169\" data-end=\"4172\" \/>\u2714\ufe0f Piem\u0113rots sublingv\u0101lai lieto\u0161anai<br data-start=\"4208\" data-end=\"4211\" \/>\u2714\ufe0f Bez glut\u0113na un bez \u0122MO<\/p>\n","protected":false},"featured_media":77378,"template":"","meta":[],"pwb-brand":[1251],"product_brand":[],"product_cat":[729,768],"product_tag":[],"giftcard-category":[],"class_list":{"0":"post-77377","1":"product","2":"type-product","3":"status-publish","4":"has-post-thumbnail","6":"pwb-brand-quicksilver-lv","7":"product_cat-c-vitamins","8":"product_cat-vitamini","10":"first","11":"instock","12":"taxable","13":"shipping-taxable","14":"purchasable","15":"product-type-simple"},"acf":[],"brands":[{"id":1251,"name":"Quicksilver","slug":"quicksilver-lv"}],"_links":{"self":[{"href":"https:\/\/skinstudio.ee\/lv\/wp-json\/wp\/v2\/product\/77377","targetHints":{"allow":["GET"]}}],"collection":[{"href":"https:\/\/skinstudio.ee\/lv\/wp-json\/wp\/v2\/product"}],"about":[{"href":"https:\/\/skinstudio.ee\/lv\/wp-json\/wp\/v2\/types\/product"}],"version-history":[{"count":2,"href":"https:\/\/skinstudio.ee\/lv\/wp-json\/wp\/v2\/product\/77377\/revisions"}],"predecessor-version":[{"id":89569,"href":"https:\/\/skinstudio.ee\/lv\/wp-json\/wp\/v2\/product\/77377\/revisions\/89569"}],"wp:featuredmedia":[{"embeddable":true,"href":"https:\/\/skinstudio.ee\/lv\/wp-json\/wp\/v2\/media\/77378"}],"wp:attachment":[{"href":"https:\/\/skinstudio.ee\/lv\/wp-json\/wp\/v2\/media?parent=77377"}],"wp:term":[{"taxonomy":"pwb-brand","embeddable":true,"href":"https:\/\/skinstudio.ee\/lv\/wp-json\/wp\/v2\/pwb-brand?post=77377"},{"taxonomy":"product_brand","embeddable":true,"href":"https:\/\/skinstudio.ee\/lv\/wp-json\/wp\/v2\/product_brand?post=77377"},{"taxonomy":"product_cat","embeddable":true,"href":"https:\/\/skinstudio.ee\/lv\/wp-json\/wp\/v2\/product_cat?post=77377"},{"taxonomy":"product_tag","embeddable":true,"href":"https:\/\/skinstudio.ee\/lv\/wp-json\/wp\/v2\/product_tag?post=77377"},{"taxonomy":"giftcard-category","embeddable":true,"href":"https:\/\/skinstudio.ee\/lv\/wp-json\/wp\/v2\/giftcard-category?post=77377"}],"curies":[{"name":"wp","href":"https:\/\/api.w.org\/{rel}","templated":true}]}}