{"id":77383,"date":"2023-05-24T17:57:18","date_gmt":"2023-05-24T17:57:18","guid":{"rendered":"https:\/\/skinstudio.ee\/?post_type=product&#038;p=77383"},"modified":"2026-04-28T14:03:18","modified_gmt":"2026-04-28T14:03:18","slug":"liposomal-methyl-b-12","status":"publish","type":"product","link":"https:\/\/skinstudio.ee\/lv\/catalog\/quicksilver\/liposomal-methyl-b-12\/","title":{"rendered":"Liposomal Methyl B-12"},"content":{"rendered":"<p data-start=\"2756\" data-end=\"2865\"><strong data-start=\"2756\" data-end=\"2796\">Liposomal Methyl B-12 no Quicksilver<\/strong> &#8211; uztura bag\u0101tin\u0101t\u0101js ar liposom\u0101lu formu, kas satur vitam\u012bnu B12.<\/p>\n<p data-start=\"2867\" data-end=\"2918\">Formula satur vitam\u012bnu B12 metilkobalam\u012bna form\u0101.<\/p>\n<p data-start=\"2920\" data-end=\"3008\">Kombin\u0101cija ir \u0161\u0137idr\u0101 form\u0101 un izstr\u0101d\u0101ta, izmantojot liposom\u0101lo pieg\u0101des tehnolo\u0123iju.<\/p>\n<p data-start=\"3010\" data-end=\"3085\">Produkts ir ar dozatoru un paredz\u0113ts sublingv\u0101lai (zem m\u0113les) lieto\u0161anai.<\/p>\n<p data-start=\"3087\" data-end=\"3302\"><strong data-start=\"3087\" data-end=\"3100\">Ra\u017eot\u0101js:<\/strong> Quicksilver Scientific, ASV<br data-start=\"3128\" data-end=\"3131\" \/><strong data-start=\"3131\" data-end=\"3148\">Ra\u017eots Eirop\u0101<\/strong><br data-start=\"3148\" data-end=\"3151\" \/>Der\u012bguma termi\u0146\u0161: skat\u012bt uz iepakojuma<br data-start=\"3189\" data-end=\"3192\" \/>Uzglab\u0101\u0161anas apst\u0101k\u013ci: uzglab\u0101t istabas temperat\u016br\u0101, p\u0113c atv\u0113r\u0161anas v\u0113s\u0101 un saus\u0101 viet\u0101<br data-start=\"3279\" data-end=\"3282\" \/><strong data-start=\"3282\" data-end=\"3294\">Tilpums:<\/strong> 30 ml<\/p>\n","protected":false},"excerpt":{"rendered":"<p data-start=\"3830\" data-end=\"3862\">Liposom\u0101ls uztura bag\u0101tin\u0101t\u0101js<\/p>\n<h2 data-start=\"3864\" data-end=\"3912\"><strong data-start=\"3864\" data-end=\"3912\">\u012apa\u0161\u012bbas Quicksilver &#8211; Liposomal Methyl B-12<\/strong><\/h2>\n<p data-start=\"3914\" data-end=\"4083\">\u2714\ufe0f Satur vitam\u012bnu B12 (metilkobalam\u012bns)<br data-start=\"3953\" data-end=\"3956\" \/>\u2714\ufe0f Liposom\u0101la pieg\u0101des forma<br data-start=\"3984\" data-end=\"3987\" \/>\u2714\ufe0f \u0160\u0137idra forma ar dozatoru<br data-start=\"4014\" data-end=\"4017\" \/>\u2714\ufe0f Piem\u0113rots sublingv\u0101lai lieto\u0161anai<br data-start=\"4053\" data-end=\"4056\" \/>\u2714\ufe0f Bez glut\u0113na un bez \u0122MO<\/p>\n","protected":false},"featured_media":77384,"template":"","meta":[],"pwb-brand":[1251],"product_brand":[],"product_cat":[768],"product_tag":[],"giftcard-category":[],"class_list":{"0":"post-77383","1":"product","2":"type-product","3":"status-publish","4":"has-post-thumbnail","6":"pwb-brand-quicksilver","7":"product_cat-vitamini","9":"first","10":"instock","11":"taxable","12":"shipping-taxable","13":"purchasable","14":"product-type-simple"},"acf":[],"brands":[{"id":1251,"name":"Quicksilver","slug":"quicksilver"}],"_links":{"self":[{"href":"https:\/\/skinstudio.ee\/lv\/wp-json\/wp\/v2\/product\/77383","targetHints":{"allow":["GET"]}}],"collection":[{"href":"https:\/\/skinstudio.ee\/lv\/wp-json\/wp\/v2\/product"}],"about":[{"href":"https:\/\/skinstudio.ee\/lv\/wp-json\/wp\/v2\/types\/product"}],"version-history":[{"count":2,"href":"https:\/\/skinstudio.ee\/lv\/wp-json\/wp\/v2\/product\/77383\/revisions"}],"predecessor-version":[{"id":89575,"href":"https:\/\/skinstudio.ee\/lv\/wp-json\/wp\/v2\/product\/77383\/revisions\/89575"}],"wp:featuredmedia":[{"embeddable":true,"href":"https:\/\/skinstudio.ee\/lv\/wp-json\/wp\/v2\/media\/77384"}],"wp:attachment":[{"href":"https:\/\/skinstudio.ee\/lv\/wp-json\/wp\/v2\/media?parent=77383"}],"wp:term":[{"taxonomy":"pwb-brand","embeddable":true,"href":"https:\/\/skinstudio.ee\/lv\/wp-json\/wp\/v2\/pwb-brand?post=77383"},{"taxonomy":"product_brand","embeddable":true,"href":"https:\/\/skinstudio.ee\/lv\/wp-json\/wp\/v2\/product_brand?post=77383"},{"taxonomy":"product_cat","embeddable":true,"href":"https:\/\/skinstudio.ee\/lv\/wp-json\/wp\/v2\/product_cat?post=77383"},{"taxonomy":"product_tag","embeddable":true,"href":"https:\/\/skinstudio.ee\/lv\/wp-json\/wp\/v2\/product_tag?post=77383"},{"taxonomy":"giftcard-category","embeddable":true,"href":"https:\/\/skinstudio.ee\/lv\/wp-json\/wp\/v2\/giftcard-category?post=77383"}],"curies":[{"name":"wp","href":"https:\/\/api.w.org\/{rel}","templated":true}]}}