{"id":77391,"date":"2023-05-24T17:57:18","date_gmt":"2023-05-24T17:57:18","guid":{"rendered":"https:\/\/skinstudio.ee\/?post_type=product&#038;p=77391"},"modified":"2026-04-06T13:26:49","modified_gmt":"2026-04-06T13:26:49","slug":"nanoemulsified-coq10","status":"publish","type":"product","link":"https:\/\/skinstudio.ee\/lv\/catalog\/quicksilver-lv\/nanoemulsified-coq10\/","title":{"rendered":"Nanoemulsified CoQ10"},"content":{"rendered":"<p data-start=\"2816\" data-end=\"2927\"><strong data-start=\"2816\" data-end=\"2855\">Nanoemulsified CoQ10 no Quicksilver<\/strong> &#8211; uztura bag\u0101tin\u0101t\u0101js ar nanoemulsijas formu, kas satur koenz\u012bmu Q10.<\/p>\n<p data-start=\"2929\" data-end=\"2958\">Formula satur koenz\u012bmu Q10.<\/p>\n<p data-start=\"2960\" data-end=\"3051\">Kombin\u0101cija ir \u0161\u0137idr\u0101 form\u0101 un izstr\u0101d\u0101ta, izmantojot nanoemulsijas pieg\u0101des tehnolo\u0123iju.<\/p>\n<p data-start=\"3053\" data-end=\"3128\">Produkts ir ar dozatoru un paredz\u0113ts sublingv\u0101lai (zem m\u0113les) lieto\u0161anai.<\/p>\n<p data-start=\"3130\" data-end=\"3360\"><strong data-start=\"3130\" data-end=\"3143\">Ra\u017eot\u0101js:<\/strong> Quicksilver Scientific, ASV<br data-start=\"3171\" data-end=\"3174\" \/><strong data-start=\"3174\" data-end=\"3191\">Ra\u017eots Eirop\u0101<\/strong><br data-start=\"3191\" data-end=\"3194\" \/>Der\u012bguma termi\u0146\u0161: izlietot 30 dienu laik\u0101 p\u0113c atv\u0113r\u0161anas<br data-start=\"3250\" data-end=\"3253\" \/>Uzglab\u0101\u0161anas apst\u0101k\u013ci: uzglab\u0101t v\u0113s\u0101 un saus\u0101 viet\u0101, p\u0113c atv\u0113r\u0161anas tur\u0113t ledusskap\u012b<br data-start=\"3337\" data-end=\"3340\" \/><strong data-start=\"3340\" data-end=\"3352\">Tilpums:<\/strong> 50 ml<\/p>\n","protected":false},"excerpt":{"rendered":"<p data-start=\"3949\" data-end=\"3984\">Nanoemulsijas uztura bag\u0101tin\u0101t\u0101js<\/p>\n<h2 data-start=\"3986\" data-end=\"4033\"><strong data-start=\"3986\" data-end=\"4033\">\u012apa\u0161\u012bbas Quicksilver &#8211; Nanoemulsified CoQ10<\/strong><\/h2>\n<p data-start=\"4035\" data-end=\"4189\">\u2714\ufe0f Satur koenz\u012bmu Q10<br data-start=\"4056\" data-end=\"4059\" \/>\u2714\ufe0f Nanoemulsijas pieg\u0101des forma<br data-start=\"4090\" data-end=\"4093\" \/>\u2714\ufe0f \u0160\u0137idra forma ar dozatoru<br data-start=\"4120\" data-end=\"4123\" \/>\u2714\ufe0f Piem\u0113rots sublingv\u0101lai lieto\u0161anai<br data-start=\"4159\" data-end=\"4162\" \/>\u2714\ufe0f Bez glut\u0113na un bez \u0122MO<\/p>\n","protected":false},"featured_media":77392,"template":"","meta":[],"pwb-brand":[1251],"product_brand":[],"product_cat":[768],"product_tag":[],"giftcard-category":[],"class_list":{"0":"post-77391","1":"product","2":"type-product","3":"status-publish","4":"has-post-thumbnail","6":"pwb-brand-quicksilver-lv","7":"product_cat-vitamini","9":"first","10":"instock","11":"taxable","12":"shipping-taxable","13":"purchasable","14":"product-type-simple"},"acf":[],"brands":[{"id":1251,"name":"Quicksilver","slug":"quicksilver-lv"}],"_links":{"self":[{"href":"https:\/\/skinstudio.ee\/lv\/wp-json\/wp\/v2\/product\/77391","targetHints":{"allow":["GET"]}}],"collection":[{"href":"https:\/\/skinstudio.ee\/lv\/wp-json\/wp\/v2\/product"}],"about":[{"href":"https:\/\/skinstudio.ee\/lv\/wp-json\/wp\/v2\/types\/product"}],"version-history":[{"count":2,"href":"https:\/\/skinstudio.ee\/lv\/wp-json\/wp\/v2\/product\/77391\/revisions"}],"predecessor-version":[{"id":89593,"href":"https:\/\/skinstudio.ee\/lv\/wp-json\/wp\/v2\/product\/77391\/revisions\/89593"}],"wp:featuredmedia":[{"embeddable":true,"href":"https:\/\/skinstudio.ee\/lv\/wp-json\/wp\/v2\/media\/77392"}],"wp:attachment":[{"href":"https:\/\/skinstudio.ee\/lv\/wp-json\/wp\/v2\/media?parent=77391"}],"wp:term":[{"taxonomy":"pwb-brand","embeddable":true,"href":"https:\/\/skinstudio.ee\/lv\/wp-json\/wp\/v2\/pwb-brand?post=77391"},{"taxonomy":"product_brand","embeddable":true,"href":"https:\/\/skinstudio.ee\/lv\/wp-json\/wp\/v2\/product_brand?post=77391"},{"taxonomy":"product_cat","embeddable":true,"href":"https:\/\/skinstudio.ee\/lv\/wp-json\/wp\/v2\/product_cat?post=77391"},{"taxonomy":"product_tag","embeddable":true,"href":"https:\/\/skinstudio.ee\/lv\/wp-json\/wp\/v2\/product_tag?post=77391"},{"taxonomy":"giftcard-category","embeddable":true,"href":"https:\/\/skinstudio.ee\/lv\/wp-json\/wp\/v2\/giftcard-category?post=77391"}],"curies":[{"name":"wp","href":"https:\/\/api.w.org\/{rel}","templated":true}]}}