{"id":77399,"date":"2023-05-24T17:57:18","date_gmt":"2023-05-24T17:57:18","guid":{"rendered":"https:\/\/skinstudio.ee\/?post_type=product&#038;p=77399"},"modified":"2026-04-06T13:29:52","modified_gmt":"2026-04-06T13:29:52","slug":"liposomal-vitamin-c","status":"publish","type":"product","link":"https:\/\/skinstudio.ee\/lv\/catalog\/quicksilver-lv\/liposomal-vitamin-c\/","title":{"rendered":"Liposomal Vitamin C"},"content":{"rendered":"<p data-start=\"195\" data-end=\"462\">Liposomal Vitamin C ir farmaceitiskas kvalit\u0101tes C vitam\u012bns liposom\u0101l\u0101 form\u0101, kas nodro\u0161ina augstu biopieejam\u012bbu un efekt\u012bvu uzs\u016bk\u0161anos. C vitam\u012bns pal\u012bdz neitraliz\u0113t br\u012bvos radik\u0101\u013cus, aizsarg\u0101 \u0161\u016bnas no oksidat\u012bv\u0101 stresa un atbalsta \u0101das, kaulu un asinsvadu vesel\u012bbu.<\/p>\n<p data-start=\"464\" data-end=\"729\">Pateicoties Quicksilver Delivery Systems\u2122 tehnolo\u0123ijai, C vitam\u012bns ir iekapsul\u0113ts liposom\u0101s, kas s\u0101k uzs\u016bkties jau mutes dobum\u0101. \u0160\u0101da pieg\u0101des metode nodro\u0161ina \u0101tru uzturvielu uz\u0146em\u0161anu un \u013cauj uz\u0146emt liel\u0101kas devas bez nepiecie\u0161am\u012bbas p\u0113c intravenozas ievad\u012b\u0161anas.<\/p>\n<p data-start=\"731\" data-end=\"907\"><strong data-start=\"731\" data-end=\"744\">Ra\u017eot\u0101js:<\/strong> Quicksilver Scientific, ASV<br data-start=\"772\" data-end=\"775\" \/><strong data-start=\"775\" data-end=\"803\">Uzglab\u0101\u0161anas nosac\u012bjumi:<\/strong> p\u0113c atv\u0113r\u0161anas uzglab\u0101t ledusskap\u012b<br data-start=\"838\" data-end=\"841\" \/><strong data-start=\"841\" data-end=\"853\">Tilpums:<\/strong> 120 ml<br data-start=\"860\" data-end=\"863\" \/><strong data-start=\"863\" data-end=\"884\">Der\u012bguma termi\u0146\u0161:<\/strong> skat\u012bt uz iepakojuma<\/p>\n","protected":false},"excerpt":{"rendered":"<p data-start=\"1460\" data-end=\"1510\">Uztura bag\u0101tin\u0101t\u0101js ar C vitam\u012bna liposom\u0101lo formu<\/p>\n<h2 data-start=\"1512\" data-end=\"1558\"><strong data-start=\"1512\" data-end=\"1558\">\u012apa\u0161\u012bbas Quicksilver &#8211; Liposomal Vitamin C<\/strong><\/h2>\n<p data-start=\"1560\" data-end=\"1822\">\u2714\ufe0f Satur C vitam\u012bnu liposom\u0101l\u0101 form\u0101 ar augstu biopieejam\u012bbu<br data-start=\"1620\" data-end=\"1623\" \/>\u2714\ufe0f Piem\u0113rots ikdienas antioksidantu atbalstam<br data-start=\"1668\" data-end=\"1671\" \/>\u2714\ufe0f Atbalsta organisma dabisk\u0101s aizsargfunkcijas<br data-start=\"1718\" data-end=\"1721\" \/>\u2714\ufe0f Pal\u012bdz uztur\u0113t mo\u017euma un aktivit\u0101tes saj\u016btu<br data-start=\"1767\" data-end=\"1770\" \/>\u2714\ufe0f \u0112rta \u0161\u0137idr\u0101 forma \u0101trai un efekt\u012bvai uzs\u016bk\u0161anai<\/p>\n","protected":false},"featured_media":77402,"template":"","meta":[],"pwb-brand":[1251],"product_brand":[],"product_cat":[768],"product_tag":[],"giftcard-category":[],"class_list":{"0":"post-77399","1":"product","2":"type-product","3":"status-publish","4":"has-post-thumbnail","6":"pwb-brand-quicksilver-lv","7":"product_cat-vitamini","9":"first","10":"instock","11":"taxable","12":"shipping-taxable","13":"purchasable","14":"product-type-simple"},"acf":[],"brands":[{"id":1251,"name":"Quicksilver","slug":"quicksilver-lv"}],"_links":{"self":[{"href":"https:\/\/skinstudio.ee\/lv\/wp-json\/wp\/v2\/product\/77399","targetHints":{"allow":["GET"]}}],"collection":[{"href":"https:\/\/skinstudio.ee\/lv\/wp-json\/wp\/v2\/product"}],"about":[{"href":"https:\/\/skinstudio.ee\/lv\/wp-json\/wp\/v2\/types\/product"}],"version-history":[{"count":1,"href":"https:\/\/skinstudio.ee\/lv\/wp-json\/wp\/v2\/product\/77399\/revisions"}],"predecessor-version":[{"id":77403,"href":"https:\/\/skinstudio.ee\/lv\/wp-json\/wp\/v2\/product\/77399\/revisions\/77403"}],"wp:featuredmedia":[{"embeddable":true,"href":"https:\/\/skinstudio.ee\/lv\/wp-json\/wp\/v2\/media\/77402"}],"wp:attachment":[{"href":"https:\/\/skinstudio.ee\/lv\/wp-json\/wp\/v2\/media?parent=77399"}],"wp:term":[{"taxonomy":"pwb-brand","embeddable":true,"href":"https:\/\/skinstudio.ee\/lv\/wp-json\/wp\/v2\/pwb-brand?post=77399"},{"taxonomy":"product_brand","embeddable":true,"href":"https:\/\/skinstudio.ee\/lv\/wp-json\/wp\/v2\/product_brand?post=77399"},{"taxonomy":"product_cat","embeddable":true,"href":"https:\/\/skinstudio.ee\/lv\/wp-json\/wp\/v2\/product_cat?post=77399"},{"taxonomy":"product_tag","embeddable":true,"href":"https:\/\/skinstudio.ee\/lv\/wp-json\/wp\/v2\/product_tag?post=77399"},{"taxonomy":"giftcard-category","embeddable":true,"href":"https:\/\/skinstudio.ee\/lv\/wp-json\/wp\/v2\/giftcard-category?post=77399"}],"curies":[{"name":"wp","href":"https:\/\/api.w.org\/{rel}","templated":true}]}}