{"id":77410,"date":"2023-05-24T17:57:11","date_gmt":"2023-05-24T17:57:11","guid":{"rendered":"https:\/\/skinstudio.ee\/?post_type=product&#038;p=77410"},"modified":"2026-04-28T14:07:59","modified_gmt":"2026-04-28T14:07:59","slug":"liposomal-melatonin","status":"publish","type":"product","link":"https:\/\/skinstudio.ee\/lv\/catalog\/quicksilver\/liposomal-melatonin\/","title":{"rendered":"Liposomal Melatonin"},"content":{"rendered":"<p data-start=\"3001\" data-end=\"3084\"><strong data-start=\"3001\" data-end=\"3039\">Liposomal Melatonin no Quicksilver<\/strong> &#8211; uztura bag\u0101tin\u0101t\u0101js ar liposom\u0101lu formu.<\/p>\n<p data-start=\"3086\" data-end=\"3170\">Formula ir \u0161\u0137idr\u0101 form\u0101 un izstr\u0101d\u0101ta, izmantojot liposom\u0101lo pieg\u0101des tehnolo\u0123iju.<\/p>\n<p data-start=\"3172\" data-end=\"3242\">Izmantot\u0101 tehnolo\u0123ija nodro\u0161ina akt\u012bv\u0101s vielas izplat\u012b\u0161anos formul\u0101.<\/p>\n<p data-start=\"3244\" data-end=\"3319\">Produkts ir ar dozatoru un paredz\u0113ts sublingv\u0101lai (zem m\u0113les) lieto\u0161anai.<\/p>\n<p data-start=\"3321\" data-end=\"3538\"><strong data-start=\"3321\" data-end=\"3334\">Ra\u017eot\u0101js:<\/strong> Quicksilver Scientific, ASV<br data-start=\"3362\" data-end=\"3365\" \/><strong data-start=\"3365\" data-end=\"3382\">Ra\u017eots Eirop\u0101<\/strong><br data-start=\"3382\" data-end=\"3385\" \/>Der\u012bguma termi\u0146\u0161: izlietot 180 dienu laik\u0101 p\u0113c atv\u0113r\u0161anas<br data-start=\"3442\" data-end=\"3445\" \/>Uzglab\u0101\u0161anas apst\u0101k\u013ci: uzglab\u0101t istabas temperat\u016br\u0101, sarg\u0101t no gaismas<br data-start=\"3515\" data-end=\"3518\" \/><strong data-start=\"3518\" data-end=\"3530\">Tilpums:<\/strong> 30 ml<\/p>\n","protected":false},"excerpt":{"rendered":"<p data-start=\"4212\" data-end=\"4244\">Liposom\u0101ls uztura bag\u0101tin\u0101t\u0101js<\/p>\n<h2 data-start=\"4246\" data-end=\"4292\"><strong data-start=\"4246\" data-end=\"4292\">\u012apa\u0161\u012bbas Quicksilver &#8211; Liposomal Melatonin<\/strong><\/h2>\n<p data-start=\"4294\" data-end=\"4450\">\u2714\ufe0f Liposom\u0101la pieg\u0101des forma<br data-start=\"4322\" data-end=\"4325\" \/>\u2714\ufe0f \u0160\u0137idra forma ar dozatoru<br data-start=\"4352\" data-end=\"4355\" \/>\u2714\ufe0f Piem\u0113rots sublingv\u0101lai lieto\u0161anai<br data-start=\"4391\" data-end=\"4394\" \/>\u2714\ufe0f \u0112rts lieto\u0161anas form\u0101ts<br data-start=\"4420\" data-end=\"4423\" \/>\u2714\ufe0f Bez glut\u0113na un bez \u0122MO<\/p>\n","protected":false},"featured_media":81136,"template":"","meta":[],"pwb-brand":[1251],"product_brand":[],"product_cat":[768],"product_tag":[],"giftcard-category":[],"class_list":{"0":"post-77410","1":"product","2":"type-product","3":"status-publish","4":"has-post-thumbnail","6":"pwb-brand-quicksilver","7":"product_cat-vitamini","9":"first","10":"instock","11":"taxable","12":"shipping-taxable","13":"purchasable","14":"product-type-simple"},"acf":[],"brands":[{"id":1251,"name":"Quicksilver","slug":"quicksilver"}],"_links":{"self":[{"href":"https:\/\/skinstudio.ee\/lv\/wp-json\/wp\/v2\/product\/77410","targetHints":{"allow":["GET"]}}],"collection":[{"href":"https:\/\/skinstudio.ee\/lv\/wp-json\/wp\/v2\/product"}],"about":[{"href":"https:\/\/skinstudio.ee\/lv\/wp-json\/wp\/v2\/types\/product"}],"version-history":[{"count":2,"href":"https:\/\/skinstudio.ee\/lv\/wp-json\/wp\/v2\/product\/77410\/revisions"}],"predecessor-version":[{"id":89600,"href":"https:\/\/skinstudio.ee\/lv\/wp-json\/wp\/v2\/product\/77410\/revisions\/89600"}],"wp:featuredmedia":[{"embeddable":true,"href":"https:\/\/skinstudio.ee\/lv\/wp-json\/wp\/v2\/media\/81136"}],"wp:attachment":[{"href":"https:\/\/skinstudio.ee\/lv\/wp-json\/wp\/v2\/media?parent=77410"}],"wp:term":[{"taxonomy":"pwb-brand","embeddable":true,"href":"https:\/\/skinstudio.ee\/lv\/wp-json\/wp\/v2\/pwb-brand?post=77410"},{"taxonomy":"product_brand","embeddable":true,"href":"https:\/\/skinstudio.ee\/lv\/wp-json\/wp\/v2\/product_brand?post=77410"},{"taxonomy":"product_cat","embeddable":true,"href":"https:\/\/skinstudio.ee\/lv\/wp-json\/wp\/v2\/product_cat?post=77410"},{"taxonomy":"product_tag","embeddable":true,"href":"https:\/\/skinstudio.ee\/lv\/wp-json\/wp\/v2\/product_tag?post=77410"},{"taxonomy":"giftcard-category","embeddable":true,"href":"https:\/\/skinstudio.ee\/lv\/wp-json\/wp\/v2\/giftcard-category?post=77410"}],"curies":[{"name":"wp","href":"https:\/\/api.w.org\/{rel}","templated":true}]}}