{"id":77422,"date":"2023-05-24T17:57:10","date_gmt":"2023-05-24T17:57:10","guid":{"rendered":"https:\/\/skinstudio.ee\/?post_type=product&#038;p=77422"},"modified":"2026-04-06T14:40:13","modified_gmt":"2026-04-06T14:40:13","slug":"liposomal-glutathione","status":"publish","type":"product","link":"https:\/\/skinstudio.ee\/lv\/catalog\/quicksilver-lv\/liposomal-glutathione\/","title":{"rendered":"Liposomal Glutathione"},"content":{"rendered":"<p data-start=\"2788\" data-end=\"2873\"><strong data-start=\"2788\" data-end=\"2828\">Liposomal Glutathione no Quicksilver<\/strong> &#8211; uztura bag\u0101tin\u0101t\u0101js ar liposom\u0101lu formu.<\/p>\n<p data-start=\"2875\" data-end=\"2959\">Formula ir \u0161\u0137idr\u0101 form\u0101 un izstr\u0101d\u0101ta, izmantojot liposom\u0101lo pieg\u0101des tehnolo\u0123iju.<\/p>\n<p data-start=\"2961\" data-end=\"3045\">Glutations ir savienojums, kas tiek sintez\u0113ts no aminosk\u0101b\u0113m un atrodas organism\u0101.<\/p>\n<p data-start=\"3047\" data-end=\"3122\">Produkts ir ar dozatoru un paredz\u0113ts sublingv\u0101lai (zem m\u0113les) lieto\u0161anai.<\/p>\n<p data-start=\"3124\" data-end=\"3354\"><strong data-start=\"3124\" data-end=\"3137\">Ra\u017eot\u0101js:<\/strong> Quicksilver Scientific, ASV<br data-start=\"3165\" data-end=\"3168\" \/><strong data-start=\"3168\" data-end=\"3185\">Ra\u017eots Eirop\u0101<\/strong><br data-start=\"3185\" data-end=\"3188\" \/>Der\u012bguma termi\u0146\u0161: izlietot 30 dienu laik\u0101 p\u0113c atv\u0113r\u0161anas<br data-start=\"3244\" data-end=\"3247\" \/>Uzglab\u0101\u0161anas apst\u0101k\u013ci: uzglab\u0101t v\u0113s\u0101 un saus\u0101 viet\u0101, p\u0113c atv\u0113r\u0161anas tur\u0113t ledusskap\u012b<br data-start=\"3331\" data-end=\"3334\" \/><strong data-start=\"3334\" data-end=\"3346\">Tilpums:<\/strong> 50 ml<\/p>\n","protected":false},"excerpt":{"rendered":"<p data-start=\"3898\" data-end=\"3930\">Liposom\u0101ls uztura bag\u0101tin\u0101t\u0101js<\/p>\n<h2 data-start=\"3932\" data-end=\"3980\"><strong data-start=\"3932\" data-end=\"3980\">\u012apa\u0161\u012bbas Quicksilver &#8211; Liposomal Glutathione<\/strong><\/h2>\n<p data-start=\"3982\" data-end=\"4138\">\u2714\ufe0f Liposom\u0101la pieg\u0101des forma<br data-start=\"4010\" data-end=\"4013\" \/>\u2714\ufe0f \u0160\u0137idra forma ar dozatoru<br data-start=\"4040\" data-end=\"4043\" \/>\u2714\ufe0f Piem\u0113rots sublingv\u0101lai lieto\u0161anai<br data-start=\"4079\" data-end=\"4082\" \/>\u2714\ufe0f \u0112rts lieto\u0161anas form\u0101ts<br data-start=\"4108\" data-end=\"4111\" \/>\u2714\ufe0f Bez glut\u0113na un bez \u0122MO<\/p>\n","protected":false},"featured_media":77426,"template":"","meta":[],"pwb-brand":[1251],"product_brand":[],"product_cat":[768],"product_tag":[],"giftcard-category":[],"class_list":{"0":"post-77422","1":"product","2":"type-product","3":"status-publish","4":"has-post-thumbnail","6":"pwb-brand-quicksilver-lv","7":"product_cat-vitamini","9":"first","10":"instock","11":"taxable","12":"shipping-taxable","13":"purchasable","14":"product-type-simple"},"acf":[],"brands":[{"id":1251,"name":"Quicksilver","slug":"quicksilver-lv"}],"_links":{"self":[{"href":"https:\/\/skinstudio.ee\/lv\/wp-json\/wp\/v2\/product\/77422","targetHints":{"allow":["GET"]}}],"collection":[{"href":"https:\/\/skinstudio.ee\/lv\/wp-json\/wp\/v2\/product"}],"about":[{"href":"https:\/\/skinstudio.ee\/lv\/wp-json\/wp\/v2\/types\/product"}],"version-history":[{"count":2,"href":"https:\/\/skinstudio.ee\/lv\/wp-json\/wp\/v2\/product\/77422\/revisions"}],"predecessor-version":[{"id":89605,"href":"https:\/\/skinstudio.ee\/lv\/wp-json\/wp\/v2\/product\/77422\/revisions\/89605"}],"wp:featuredmedia":[{"embeddable":true,"href":"https:\/\/skinstudio.ee\/lv\/wp-json\/wp\/v2\/media\/77426"}],"wp:attachment":[{"href":"https:\/\/skinstudio.ee\/lv\/wp-json\/wp\/v2\/media?parent=77422"}],"wp:term":[{"taxonomy":"pwb-brand","embeddable":true,"href":"https:\/\/skinstudio.ee\/lv\/wp-json\/wp\/v2\/pwb-brand?post=77422"},{"taxonomy":"product_brand","embeddable":true,"href":"https:\/\/skinstudio.ee\/lv\/wp-json\/wp\/v2\/product_brand?post=77422"},{"taxonomy":"product_cat","embeddable":true,"href":"https:\/\/skinstudio.ee\/lv\/wp-json\/wp\/v2\/product_cat?post=77422"},{"taxonomy":"product_tag","embeddable":true,"href":"https:\/\/skinstudio.ee\/lv\/wp-json\/wp\/v2\/product_tag?post=77422"},{"taxonomy":"giftcard-category","embeddable":true,"href":"https:\/\/skinstudio.ee\/lv\/wp-json\/wp\/v2\/giftcard-category?post=77422"}],"curies":[{"name":"wp","href":"https:\/\/api.w.org\/{rel}","templated":true}]}}