{"id":77434,"date":"2023-05-24T17:57:10","date_gmt":"2023-05-24T17:57:10","guid":{"rendered":"https:\/\/skinstudio.ee\/?post_type=product&#038;p=77434"},"modified":"2026-04-06T14:42:55","modified_gmt":"2026-04-06T14:42:55","slug":"liposomal-methyl-b-complex","status":"publish","type":"product","link":"https:\/\/skinstudio.ee\/lv\/catalog\/quicksilver-lv\/liposomal-methyl-b-complex\/","title":{"rendered":"Liposomal Methyl B-Complex"},"content":{"rendered":"<p data-start=\"2771\" data-end=\"2876\"><strong data-start=\"2771\" data-end=\"2816\">Liposomal Methyl B-Complex no Quicksilver<\/strong> &#8211; uztura bag\u0101tin\u0101t\u0101js ar liposom\u0101lu B vitam\u012bnu kompleksu.<\/p>\n<p data-start=\"2878\" data-end=\"2921\">Formula satur B vitam\u012bnus akt\u012bv\u0101s form\u0101s.<\/p>\n<p data-start=\"2923\" data-end=\"3011\">Kombin\u0101cija ir \u0161\u0137idr\u0101 form\u0101 un izstr\u0101d\u0101ta, izmantojot liposom\u0101lo pieg\u0101des tehnolo\u0123iju.<\/p>\n<p data-start=\"3013\" data-end=\"3088\">Produkts ir ar dozatoru un paredz\u0113ts sublingv\u0101lai (zem m\u0113les) lieto\u0161anai.<\/p>\n<p data-start=\"3090\" data-end=\"3329\"><strong data-start=\"3090\" data-end=\"3103\">Ra\u017eot\u0101js:<\/strong> Quicksilver Scientific, ASV<br data-start=\"3131\" data-end=\"3134\" \/><strong data-start=\"3134\" data-end=\"3151\">Ra\u017eots Eirop\u0101<\/strong><br data-start=\"3151\" data-end=\"3154\" \/>Der\u012bguma termi\u0146\u0161: skat\u012bt uz iepakojuma<br data-start=\"3192\" data-end=\"3195\" \/>Uzglab\u0101\u0161anas apst\u0101k\u013ci: uzglab\u0101t istabas temperat\u016br\u0101, prom no siltuma un gaismas avotiem. Neuzglab\u0101t ledusskap\u012b.<br data-start=\"3306\" data-end=\"3309\" \/><strong data-start=\"3309\" data-end=\"3321\">Tilpums:<\/strong> 50 ml<\/p>\n","protected":false},"excerpt":{"rendered":"<p data-start=\"3854\" data-end=\"3886\">Liposom\u0101ls uztura bag\u0101tin\u0101t\u0101js<\/p>\n<h2 data-start=\"3888\" data-end=\"3941\"><strong data-start=\"3888\" data-end=\"3941\">\u012apa\u0161\u012bbas Quicksilver &#8211; Liposomal Methyl B-Complex<\/strong><\/h2>\n<p data-start=\"3943\" data-end=\"4108\">\u2714\ufe0f Satur B vitam\u012bnus akt\u012bv\u0101s form\u0101s<br data-start=\"3978\" data-end=\"3981\" \/>\u2714\ufe0f Liposom\u0101la pieg\u0101des forma<br data-start=\"4009\" data-end=\"4012\" \/>\u2714\ufe0f \u0160\u0137idra forma ar dozatoru<br data-start=\"4039\" data-end=\"4042\" \/>\u2714\ufe0f Piem\u0113rots sublingv\u0101lai lieto\u0161anai<br data-start=\"4078\" data-end=\"4081\" \/>\u2714\ufe0f Bez glut\u0113na un bez \u0122MO<\/p>\n","protected":false},"featured_media":77435,"template":"","meta":[],"pwb-brand":[1251],"product_brand":[],"product_cat":[768],"product_tag":[],"giftcard-category":[],"class_list":{"0":"post-77434","1":"product","2":"type-product","3":"status-publish","4":"has-post-thumbnail","6":"pwb-brand-quicksilver-lv","7":"product_cat-vitamini","9":"first","10":"instock","11":"taxable","12":"shipping-taxable","13":"purchasable","14":"product-type-simple"},"acf":[],"brands":[{"id":1251,"name":"Quicksilver","slug":"quicksilver-lv"}],"_links":{"self":[{"href":"https:\/\/skinstudio.ee\/lv\/wp-json\/wp\/v2\/product\/77434","targetHints":{"allow":["GET"]}}],"collection":[{"href":"https:\/\/skinstudio.ee\/lv\/wp-json\/wp\/v2\/product"}],"about":[{"href":"https:\/\/skinstudio.ee\/lv\/wp-json\/wp\/v2\/types\/product"}],"version-history":[{"count":2,"href":"https:\/\/skinstudio.ee\/lv\/wp-json\/wp\/v2\/product\/77434\/revisions"}],"predecessor-version":[{"id":89611,"href":"https:\/\/skinstudio.ee\/lv\/wp-json\/wp\/v2\/product\/77434\/revisions\/89611"}],"wp:featuredmedia":[{"embeddable":true,"href":"https:\/\/skinstudio.ee\/lv\/wp-json\/wp\/v2\/media\/77435"}],"wp:attachment":[{"href":"https:\/\/skinstudio.ee\/lv\/wp-json\/wp\/v2\/media?parent=77434"}],"wp:term":[{"taxonomy":"pwb-brand","embeddable":true,"href":"https:\/\/skinstudio.ee\/lv\/wp-json\/wp\/v2\/pwb-brand?post=77434"},{"taxonomy":"product_brand","embeddable":true,"href":"https:\/\/skinstudio.ee\/lv\/wp-json\/wp\/v2\/product_brand?post=77434"},{"taxonomy":"product_cat","embeddable":true,"href":"https:\/\/skinstudio.ee\/lv\/wp-json\/wp\/v2\/product_cat?post=77434"},{"taxonomy":"product_tag","embeddable":true,"href":"https:\/\/skinstudio.ee\/lv\/wp-json\/wp\/v2\/product_tag?post=77434"},{"taxonomy":"giftcard-category","embeddable":true,"href":"https:\/\/skinstudio.ee\/lv\/wp-json\/wp\/v2\/giftcard-category?post=77434"}],"curies":[{"name":"wp","href":"https:\/\/api.w.org\/{rel}","templated":true}]}}