{"id":77533,"date":"2025-07-17T07:30:32","date_gmt":"2025-07-17T07:30:32","guid":{"rendered":"https:\/\/skinstudio.ee\/?post_type=product&#038;p=77533"},"modified":"2026-02-13T15:28:30","modified_gmt":"2026-02-13T15:28:30","slug":"v-i-t-a-c-cream","status":"publish","type":"product","link":"https:\/\/skinstudio.ee\/lv\/catalog\/ph-formula\/v-i-t-a-c-cream\/","title":{"rendered":"V.I.T.A. C Cream"},"content":{"rendered":"<p data-start=\"3646\" data-end=\"3908\"><strong data-start=\"3646\" data-end=\"3679\">V.I.T.A. C CREAM no pHformula<\/strong> ir 24 stundu sejas kr\u0113ms ar C vitam\u012bnu ikdienas \u0101das kop\u0161anai, kas pal\u012bdz saglab\u0101t svaigu, koptu un vienm\u0113r\u012bg\u0101ku \u0101das izskatu. Kr\u0113ms pal\u012bdz uztur\u0113t \u0101das maigumu, komfortu un elast\u012bbu, k\u0101 ar\u012b vizu\u0101li uzlabo \u0101das toni un tekst\u016bru.<\/p>\n<p data-start=\"3910\" data-end=\"4079\">Formula ir izstr\u0101d\u0101ta, lai atbalst\u012btu \u0101das dabisko mirdzumu un aizsargfunkcijas. Kr\u0113mam ir viegla, komfortabla tekst\u016bra, tas viegli kl\u0101jas un nenoslogo \u0101du dienas laik\u0101.<\/p>\n<p data-start=\"4081\" data-end=\"4115\"><strong data-start=\"4081\" data-end=\"4113\">Galveno sast\u0101vda\u013cu iedarb\u012bba<\/strong><\/p>\n<ul data-start=\"4116\" data-end=\"4347\">\n<li data-start=\"4116\" data-end=\"4196\">\n<p data-start=\"4118\" data-end=\"4196\">Sodium Ascorbyl Phosphate &#8211; pal\u012bdz uztur\u0113t gai\u0161\u0101ku un vienm\u0113r\u012bg\u0101ku \u0101das toni<\/p>\n<\/li>\n<li data-start=\"4197\" data-end=\"4275\">\n<p data-start=\"4199\" data-end=\"4275\">Niacinamide &#8211; pal\u012bdz uzlabot \u0101das tekst\u016bru un atbalsta \u0101das aizsargbarjeru<\/p>\n<\/li>\n<li data-start=\"4276\" data-end=\"4347\">\n<p data-start=\"4278\" data-end=\"4347\">Ceramide NP &#8211; pal\u012bdz stiprin\u0101t \u0101das barjeru un mazin\u0101t sausuma saj\u016btu<\/p>\n<\/li>\n<\/ul>\n<p data-start=\"4349\" data-end=\"4487\">Piem\u0113rots visiem \u0101das tipiem, tostarp sausai, dehidr\u0113tai un bl\u0101vai \u0101dai, k\u0101 ar\u012b \u0101dai ar pirmaj\u0101m noveco\u0161an\u0101s paz\u012bm\u0113m un nevienm\u0113r\u012bgu toni.<\/p>\n<p data-start=\"4489\" data-end=\"4515\"><strong data-start=\"4489\" data-end=\"4501\">Tilpums:<\/strong> 20 ml \/ 50 ml<\/p>\n","protected":false},"excerpt":{"rendered":"<p data-start=\"4717\" data-end=\"4787\"><span style=\"color: #ff0000;\"><strong data-start=\"4717\" data-end=\"4787\">pHFormula produktu pieg\u0101de ir pieejama tikai Igaunijas teritorij\u0101.<\/strong><\/span><\/p>\n<p data-start=\"4789\" data-end=\"4981\"><span style=\"color: #ff0000;\">NB! Produktu var ieg\u0101d\u0101ties p\u0113c konsult\u0101cijas ar speci\u0101listu. Zvaniet +372 58 500 171 vai nos\u016btiet piepras\u012bjumu uz <a class=\"decorated-link cursor-pointer\" style=\"color: #ff0000;\" href=\"mailto:info@skinstudio.ee\" rel=\"noopener\" data-start=\"4904\" data-end=\"4922\">info@skinstudio.ee<\/a>. M\u016bsu konsultanti pal\u012bdz\u0113s ieg\u0101d\u0101ties \u0161\u012b z\u012bmola produktus.<\/span><\/p>\n<p data-start=\"4983\" data-end=\"5019\">Intens\u012bvs 24 stundu C vitam\u012bna kr\u0113ms<\/p>\n<h2 data-start=\"5021\" data-end=\"5062\"><strong data-start=\"5021\" data-end=\"5062\">\u012apa\u0161\u012bbas pHformula &#8211; V.I.T.A. C CREAM<\/strong><\/h2>\n<p data-start=\"5064\" data-end=\"5283\">\u2714\ufe0f Pal\u012bdz uztur\u0113t vienm\u0113r\u012bg\u0101ku un starojo\u0161\u0101ku \u0101das toni<br data-start=\"5119\" data-end=\"5122\" \/>\u2714\ufe0f Padara \u0101du glud\u0101ku un kopt\u0101ku<br data-start=\"5154\" data-end=\"5157\" \/>\u2714\ufe0f Pal\u012bdz saglab\u0101t komforta saj\u016btu un mitrin\u0101jumu<br data-start=\"5206\" data-end=\"5209\" \/>\u2714\ufe0f Atbalsta \u0101das elast\u012bbu un tvirtumu<br data-start=\"5246\" data-end=\"5249\" \/>\u2714\ufe0f Piem\u0113rots ikdienas lieto\u0161anai<\/p>\n","protected":false},"featured_media":64696,"template":"","meta":[],"pwb-brand":[778],"product_brand":[],"product_cat":[729,737,749,653,751],"product_tag":[],"giftcard-category":[],"class_list":{"0":"post-77533","1":"product","2":"type-product","3":"status-publish","4":"has-post-thumbnail","6":"pwb-brand-ph-formula","7":"product_cat-c-vitamins","8":"product_cat-mitrinasana","9":"product_cat-novecojosa-ada","10":"product_cat-ph-formula","11":"product_cat-pigmentacija","12":"pa_suurus-20ml-lv","13":"pa_suurus-50ml-lv","15":"first","16":"instock","17":"sale","18":"taxable","19":"shipping-taxable","20":"purchasable","21":"product-type-variable"},"acf":[],"brands":[{"id":778,"name":"pH Formula","slug":"ph-formula"}],"_links":{"self":[{"href":"https:\/\/skinstudio.ee\/lv\/wp-json\/wp\/v2\/product\/77533","targetHints":{"allow":["GET"]}}],"collection":[{"href":"https:\/\/skinstudio.ee\/lv\/wp-json\/wp\/v2\/product"}],"about":[{"href":"https:\/\/skinstudio.ee\/lv\/wp-json\/wp\/v2\/types\/product"}],"version-history":[{"count":1,"href":"https:\/\/skinstudio.ee\/lv\/wp-json\/wp\/v2\/product\/77533\/revisions"}],"predecessor-version":[{"id":77536,"href":"https:\/\/skinstudio.ee\/lv\/wp-json\/wp\/v2\/product\/77533\/revisions\/77536"}],"wp:featuredmedia":[{"embeddable":true,"href":"https:\/\/skinstudio.ee\/lv\/wp-json\/wp\/v2\/media\/64696"}],"wp:attachment":[{"href":"https:\/\/skinstudio.ee\/lv\/wp-json\/wp\/v2\/media?parent=77533"}],"wp:term":[{"taxonomy":"pwb-brand","embeddable":true,"href":"https:\/\/skinstudio.ee\/lv\/wp-json\/wp\/v2\/pwb-brand?post=77533"},{"taxonomy":"product_brand","embeddable":true,"href":"https:\/\/skinstudio.ee\/lv\/wp-json\/wp\/v2\/product_brand?post=77533"},{"taxonomy":"product_cat","embeddable":true,"href":"https:\/\/skinstudio.ee\/lv\/wp-json\/wp\/v2\/product_cat?post=77533"},{"taxonomy":"product_tag","embeddable":true,"href":"https:\/\/skinstudio.ee\/lv\/wp-json\/wp\/v2\/product_tag?post=77533"},{"taxonomy":"giftcard-category","embeddable":true,"href":"https:\/\/skinstudio.ee\/lv\/wp-json\/wp\/v2\/giftcard-category?post=77533"}],"curies":[{"name":"wp","href":"https:\/\/api.w.org\/{rel}","templated":true}]}}