{"id":77545,"date":"2025-07-17T07:27:16","date_gmt":"2025-07-17T07:27:16","guid":{"rendered":"https:\/\/skinstudio.ee\/?post_type=product&#038;p=77545"},"modified":"2026-02-13T15:28:30","modified_gmt":"2026-02-13T15:28:30","slug":"v-i-t-a-d-cream","status":"publish","type":"product","link":"https:\/\/skinstudio.ee\/lv\/catalog\/ph-formula\/v-i-t-a-d-cream\/","title":{"rendered":"V.I.T.A. D Cream"},"content":{"rendered":"<p data-start=\"3708\" data-end=\"3983\"><strong data-start=\"3708\" data-end=\"3741\">V.I.T.A. D CREAM no pHformula<\/strong> ir sejas kr\u0113ms ikdienas kop\u0161anai \u0101dai, kurai nepiecie\u0161ams komforts, aizsardz\u012bba pret sausumu un l\u012bdzsvarota, vesel\u012bga izskata atbalsts. Kr\u0113ms pal\u012bdz saglab\u0101t \u0101du maigu, gludu un vizu\u0101li mirdzo\u0161\u0101ku, k\u0101 ar\u012b uztur t\u0101s dabisko mitruma l\u012bdzsvaru.<\/p>\n<p data-start=\"3985\" data-end=\"4191\">Formula ir izstr\u0101d\u0101ta, lai stiprin\u0101tu \u0101das aizsargfunkcijas un pal\u012bdz\u0113tu tai lab\u0101k saglab\u0101t mitrumu. Kr\u0113mam ir barojo\u0161a, bet ne smaga tekst\u016bra, tas viegli kl\u0101jas un ir piem\u0113rots lieto\u0161anai visa gada garum\u0101.<\/p>\n<p data-start=\"4193\" data-end=\"4227\"><strong data-start=\"4193\" data-end=\"4225\">Galveno sast\u0101vda\u013cu iedarb\u012bba<\/strong><\/p>\n<ul data-start=\"4228\" data-end=\"4499\">\n<li data-start=\"4228\" data-end=\"4322\">\n<p data-start=\"4230\" data-end=\"4322\"><strong data-start=\"4230\" data-end=\"4256\">Lactobacillus Ferment:<\/strong> atbalsta \u0101das mikrobioma l\u012bdzsvaru un stiprina aizsargfunkcijas<\/p>\n<\/li>\n<li data-start=\"4323\" data-end=\"4410\">\n<p data-start=\"4325\" data-end=\"4410\"><strong data-start=\"4325\" data-end=\"4356\">Beta Vulgaris Root Extract:<\/strong> toniz\u0113, dzi\u013ci mitrina un uzlabo \u0101das kop\u0113jo izskatu<\/p>\n<\/li>\n<li data-start=\"4411\" data-end=\"4499\">\n<p data-start=\"4413\" data-end=\"4499\"><strong data-start=\"4413\" data-end=\"4444\">Helianthus Annuus Seed Oil:<\/strong> pal\u012bdz aizsarg\u0101t \u0101das barjeru un nov\u0113r\u0161 mitruma zudumu<\/p>\n<\/li>\n<\/ul>\n<p data-start=\"4501\" data-end=\"4643\">Piem\u0113rots visiem \u0101das tipiem, \u012bpa\u0161i sausai, dehidr\u0113tai un jut\u012bgai \u0101dai, k\u0101 ar\u012b \u0101dai ar noslieci uz aps\u0101rtumu, diskomfortu un savilkuma saj\u016btu.<\/p>\n<p data-start=\"4645\" data-end=\"4663\"><strong data-start=\"4645\" data-end=\"4657\">Tilpums:<\/strong> 20 ml<\/p>\n","protected":false},"excerpt":{"rendered":"<p data-start=\"4770\" data-end=\"4840\"><span style=\"color: #ff0000;\"><strong data-start=\"4770\" data-end=\"4840\">pHFormula produktu pieg\u0101de ir pieejama tikai Igaunijas teritorij\u0101.<\/strong><\/span><\/p>\n<p data-start=\"4842\" data-end=\"5021\"><span style=\"color: #ff0000;\">NB! Produktu var ieg\u0101d\u0101ties p\u0113c konsult\u0101cijas ar speci\u0101listu. Zvaniet +372 58 500 171 vai rakstiet uz <a class=\"decorated-link cursor-pointer\" style=\"color: #ff0000;\" href=\"mailto:info@skinstudio.ee\" rel=\"noopener\" data-start=\"4944\" data-end=\"4962\">info@skinstudio.ee<\/a>. M\u016bsu konsultanti pal\u012bdz\u0113s ieg\u0101d\u0101ties \u0161\u012b z\u012bmola produktus.<\/span><\/p>\n<p data-start=\"5023\" data-end=\"5048\">Sejas kr\u0113ms ar D vitam\u012bnu<\/p>\n<h2 data-start=\"5050\" data-end=\"5091\"><strong data-start=\"5050\" data-end=\"5091\">\u012apa\u0161\u012bbas pHformula &#8211; V.I.T.A. D CREAM<\/strong><\/h2>\n<p data-start=\"5093\" data-end=\"5356\">\u2714\ufe0f Stiprina \u0101das barjeru un uzlabo t\u0101s aizsargfunkcijas<br data-start=\"5148\" data-end=\"5151\" \/>\u2714\ufe0f Nomierina jut\u012bgu un reakt\u012bvu \u0101du<br data-start=\"5186\" data-end=\"5189\" \/>\u2714\ufe0f Palielina \u0101das notur\u012bbu pret \u0101r\u0113jiem stresa faktoriem<br data-start=\"5245\" data-end=\"5248\" \/>\u2714\ufe0f Atjauno \u0101das maigumu, gludumu un komforta saj\u016btu<br data-start=\"5299\" data-end=\"5302\" \/>\u2714\ufe0f Intens\u012bvi mitrina un pal\u012bdz nov\u0113rst dehidrat\u0101ciju<\/p>\n","protected":false},"featured_media":64701,"template":"","meta":[],"pwb-brand":[778],"product_brand":[],"product_cat":[745,737,653,739],"product_tag":[],"giftcard-category":[],"class_list":{"0":"post-77545","1":"product","2":"type-product","3":"status-publish","4":"has-post-thumbnail","6":"pwb-brand-ph-formula","7":"product_cat-jutigai-adai","8":"product_cat-mitrinasana","9":"product_cat-ph-formula-lv","10":"product_cat-sausai-adai","12":"first","13":"instock","14":"taxable","15":"shipping-taxable","16":"purchasable","17":"product-type-simple"},"acf":[],"brands":[{"id":778,"name":"pH Formula","slug":"ph-formula"}],"_links":{"self":[{"href":"https:\/\/skinstudio.ee\/lv\/wp-json\/wp\/v2\/product\/77545","targetHints":{"allow":["GET"]}}],"collection":[{"href":"https:\/\/skinstudio.ee\/lv\/wp-json\/wp\/v2\/product"}],"about":[{"href":"https:\/\/skinstudio.ee\/lv\/wp-json\/wp\/v2\/types\/product"}],"version-history":[{"count":1,"href":"https:\/\/skinstudio.ee\/lv\/wp-json\/wp\/v2\/product\/77545\/revisions"}],"predecessor-version":[{"id":77546,"href":"https:\/\/skinstudio.ee\/lv\/wp-json\/wp\/v2\/product\/77545\/revisions\/77546"}],"wp:featuredmedia":[{"embeddable":true,"href":"https:\/\/skinstudio.ee\/lv\/wp-json\/wp\/v2\/media\/64701"}],"wp:attachment":[{"href":"https:\/\/skinstudio.ee\/lv\/wp-json\/wp\/v2\/media?parent=77545"}],"wp:term":[{"taxonomy":"pwb-brand","embeddable":true,"href":"https:\/\/skinstudio.ee\/lv\/wp-json\/wp\/v2\/pwb-brand?post=77545"},{"taxonomy":"product_brand","embeddable":true,"href":"https:\/\/skinstudio.ee\/lv\/wp-json\/wp\/v2\/product_brand?post=77545"},{"taxonomy":"product_cat","embeddable":true,"href":"https:\/\/skinstudio.ee\/lv\/wp-json\/wp\/v2\/product_cat?post=77545"},{"taxonomy":"product_tag","embeddable":true,"href":"https:\/\/skinstudio.ee\/lv\/wp-json\/wp\/v2\/product_tag?post=77545"},{"taxonomy":"giftcard-category","embeddable":true,"href":"https:\/\/skinstudio.ee\/lv\/wp-json\/wp\/v2\/giftcard-category?post=77545"}],"curies":[{"name":"wp","href":"https:\/\/api.w.org\/{rel}","templated":true}]}}