{"id":77552,"date":"2025-07-17T07:25:52","date_gmt":"2025-07-17T07:25:52","guid":{"rendered":"https:\/\/skinstudio.ee\/?post_type=product&#038;p=77552"},"modified":"2026-02-13T15:28:29","modified_gmt":"2026-02-13T15:28:29","slug":"v-i-t-a-b3-vibrance-boost-mask","status":"publish","type":"product","link":"https:\/\/skinstudio.ee\/lv\/catalog\/ph-formula\/v-i-t-a-b3-vibrance-boost-mask\/","title":{"rendered":"V.I.T.A. B3 Vibrance Boost Mask"},"content":{"rendered":"<p data-start=\"4094\" data-end=\"4356\"><strong data-start=\"4094\" data-end=\"4142\">V.I.T.A. B3 Vibrance Boost Mask no pHformula<\/strong> ir kr\u0113m\u012bgas tekst\u016bras sejas maska, kas paredz\u0113ta jut\u012bgas, uz aps\u0101rtumu un diskomfortu tend\u0113tas \u0101das kop\u0161anai. Formula pal\u012bdz intens\u012bvi mitrin\u0101t, nomierin\u0101t \u0101du un uztur\u0113t vienm\u0113r\u012bg\u0101ku, svaig\u0101ku un kopt\u0101ku izskatu.<\/p>\n<p data-start=\"4358\" data-end=\"4628\">Maska ir izstr\u0101d\u0101ta, lai pal\u012bdz\u0113tu atjaunot un stiprin\u0101t \u0101das aizsargbarjeru, pal\u012bdz\u0113t \u0101dai lab\u0101k tikt gal\u0101 ar \u0101r\u0113jiem stresa faktoriem un mazin\u0101t bl\u0101va un nevienm\u0113r\u012bga \u0101das to\u0146a paz\u012bmes. Kr\u0113m\u012bg\u0101 tekst\u016bra viegli kl\u0101jas, neizsausina \u0101du un atst\u0101j to maigu un komfortablu.<\/p>\n<p data-start=\"4630\" data-end=\"4664\"><strong data-start=\"4630\" data-end=\"4662\">Galveno sast\u0101vda\u013cu iedarb\u012bba<\/strong><\/p>\n<ul data-start=\"4665\" data-end=\"4961\">\n<li data-start=\"4665\" data-end=\"4776\">\n<p data-start=\"4667\" data-end=\"4776\"><strong data-start=\"4667\" data-end=\"4696\">Niacinamide (Vitamin B3):<\/strong> pal\u012bdz samazin\u0101t aps\u0101rtumu, uzlabot \u0101das tekst\u016bru un stiprin\u0101t aizsargbarjeru<\/p>\n<\/li>\n<li data-start=\"4777\" data-end=\"4879\">\n<p data-start=\"4779\" data-end=\"4879\"><strong data-start=\"4779\" data-end=\"4809\">Phragmites Kharka Extract:<\/strong> pal\u012bdz mazin\u0101t \u0101das jut\u012bgumu un palielin\u0101t t\u0101s notur\u012bbu pret stresu<\/p>\n<\/li>\n<li data-start=\"4880\" data-end=\"4961\">\n<p data-start=\"4882\" data-end=\"4961\"><strong data-start=\"4882\" data-end=\"4906\">Poria Cocos Extract:<\/strong> pal\u012bdz nomierin\u0101t \u0101du un uztur\u0113t t\u0101s komforta st\u0101vokli<\/p>\n<\/li>\n<\/ul>\n<p data-start=\"4963\" data-end=\"5089\">Piem\u0113rota visiem \u0101das tipiem, \u012bpa\u0161i jut\u012bgai, reakt\u012bvai un uz aps\u0101rtumu tend\u0113tai \u0101dai, k\u0101 ar\u012b bl\u0101vai un nevienm\u0113r\u012bga to\u0146a \u0101dai.<\/p>\n<p data-start=\"5091\" data-end=\"5109\"><strong data-start=\"5091\" data-end=\"5103\">Tilpums:<\/strong> 50 ml<\/p>\n","protected":false},"excerpt":{"rendered":"<p data-start=\"5316\" data-end=\"5386\"><span style=\"color: #ff0000;\"><strong data-start=\"5316\" data-end=\"5386\">pHFormula produktu pieg\u0101de ir pieejama tikai Igaunijas teritorij\u0101.<\/strong><\/span><\/p>\n<p data-start=\"5388\" data-end=\"5567\"><span style=\"color: #ff0000;\">NB! Produktu var ieg\u0101d\u0101ties p\u0113c konsult\u0101cijas ar speci\u0101listu. Zvaniet +372 58 500 171 vai rakstiet uz <a class=\"decorated-link cursor-pointer\" style=\"color: #ff0000;\" href=\"mailto:info@skinstudio.ee\" rel=\"noopener\" data-start=\"5490\" data-end=\"5508\">info@skinstudio.ee<\/a>. M\u016bsu konsultanti pal\u012bdz\u0113s ieg\u0101d\u0101ties \u0161\u012b z\u012bmola produktus.<\/span><\/p>\n<p data-start=\"5569\" data-end=\"5612\">Mitrino\u0161a maska ar B3 vitam\u012bnu jut\u012bgai \u0101dai<\/p>\n<h2 data-start=\"5614\" data-end=\"5670\"><strong data-start=\"5614\" data-end=\"5670\">\u012apa\u0161\u012bbas pHformula &#8211; V.I.T.A. B3 Vibrance Boost Mask<\/strong><\/h2>\n<p data-start=\"5672\" data-end=\"5927\">\u2714\ufe0f \u0100tri nomierina jut\u012bgu un kairin\u0101tu \u0101du<br data-start=\"5713\" data-end=\"5716\" \/>\u2714\ufe0f Intens\u012bvi mitrina un stiprina \u0101das aizsargbarjeru<br data-start=\"5768\" data-end=\"5771\" \/>\u2714\ufe0f Redzami samazina aps\u0101rtumu un savilkuma saj\u016btu<br data-start=\"5820\" data-end=\"5823\" \/>\u2714\ufe0f Uzlabo \u0101das tekst\u016bru un izl\u012bdzina \u0101das toni<br data-start=\"5869\" data-end=\"5872\" \/>\u2714\ufe0f Palielina \u0101das notur\u012bbu pret \u0101r\u0113jiem kairin\u0101t\u0101jiem<\/p>\n","protected":false},"featured_media":64706,"template":"","meta":[],"pwb-brand":[778],"product_brand":[],"product_cat":[745,725,737,743,653],"product_tag":[],"giftcard-category":[],"class_list":{"0":"post-77552","1":"product","2":"type-product","3":"status-publish","4":"has-post-thumbnail","6":"pwb-brand-ph-formula","7":"product_cat-jutigai-adai","8":"product_cat-maskas","9":"product_cat-mitrinasana","10":"product_cat-paplasinatas-poras","11":"product_cat-ph-formula-lv","13":"first","14":"instock","15":"taxable","16":"shipping-taxable","17":"purchasable","18":"product-type-simple"},"acf":[],"brands":[{"id":778,"name":"pH Formula","slug":"ph-formula"}],"_links":{"self":[{"href":"https:\/\/skinstudio.ee\/lv\/wp-json\/wp\/v2\/product\/77552","targetHints":{"allow":["GET"]}}],"collection":[{"href":"https:\/\/skinstudio.ee\/lv\/wp-json\/wp\/v2\/product"}],"about":[{"href":"https:\/\/skinstudio.ee\/lv\/wp-json\/wp\/v2\/types\/product"}],"version-history":[{"count":1,"href":"https:\/\/skinstudio.ee\/lv\/wp-json\/wp\/v2\/product\/77552\/revisions"}],"predecessor-version":[{"id":77553,"href":"https:\/\/skinstudio.ee\/lv\/wp-json\/wp\/v2\/product\/77552\/revisions\/77553"}],"wp:featuredmedia":[{"embeddable":true,"href":"https:\/\/skinstudio.ee\/lv\/wp-json\/wp\/v2\/media\/64706"}],"wp:attachment":[{"href":"https:\/\/skinstudio.ee\/lv\/wp-json\/wp\/v2\/media?parent=77552"}],"wp:term":[{"taxonomy":"pwb-brand","embeddable":true,"href":"https:\/\/skinstudio.ee\/lv\/wp-json\/wp\/v2\/pwb-brand?post=77552"},{"taxonomy":"product_brand","embeddable":true,"href":"https:\/\/skinstudio.ee\/lv\/wp-json\/wp\/v2\/product_brand?post=77552"},{"taxonomy":"product_cat","embeddable":true,"href":"https:\/\/skinstudio.ee\/lv\/wp-json\/wp\/v2\/product_cat?post=77552"},{"taxonomy":"product_tag","embeddable":true,"href":"https:\/\/skinstudio.ee\/lv\/wp-json\/wp\/v2\/product_tag?post=77552"},{"taxonomy":"giftcard-category","embeddable":true,"href":"https:\/\/skinstudio.ee\/lv\/wp-json\/wp\/v2\/giftcard-category?post=77552"}],"curies":[{"name":"wp","href":"https:\/\/api.w.org\/{rel}","templated":true}]}}