{"id":77559,"date":"2025-07-17T07:25:15","date_gmt":"2025-07-17T07:25:15","guid":{"rendered":"https:\/\/skinstudio.ee\/?post_type=product&#038;p=77559"},"modified":"2026-02-13T15:28:29","modified_gmt":"2026-02-13T15:28:29","slug":"v-i-t-a-c-bright-overnight-mask","status":"publish","type":"product","link":"https:\/\/skinstudio.ee\/lv\/catalog\/ph-formula\/v-i-t-a-c-bright-overnight-mask\/","title":{"rendered":"V.I.T.A. C Bright Overnight Mask"},"content":{"rendered":"<p data-start=\"3957\" data-end=\"4240\"><strong data-start=\"3957\" data-end=\"4006\">V.I.T.A. C Bright Overnight Mask no pHformula<\/strong> ir kr\u0113m\u012bgas tekst\u016bras nakts maska, kas \u0113rti kl\u0101jas uz \u0101das un darbojas visas nakts garum\u0101. Formula ir izstr\u0101d\u0101ta, lai atjaunotu \u0101das komfortu, mazin\u0101tu sausumu un pal\u012bdz\u0113tu \u0101dai no r\u012bta izskat\u012bties svaig\u0101kai, glud\u0101kai un mirdzo\u0161\u0101kai.<\/p>\n<p data-start=\"4242\" data-end=\"4466\">Maska pal\u012bdz uzlabot bl\u0101vas un noguru\u0161as \u0101das izskatu, uztur \u0101das maigumu un elast\u012bbu, k\u0101 ar\u012b veicina vienm\u0113r\u012bg\u0101ku un kopt\u0101ku sejas toni. Barojo\u0161\u0101, bet ne smag\u0101 tekst\u016bra padara to \u012bpa\u0161i komfortablu lieto\u0161anai vakara kop\u0161an\u0101.<\/p>\n<p data-start=\"4468\" data-end=\"4502\"><strong data-start=\"4468\" data-end=\"4500\">Galveno sast\u0101vda\u013cu iedarb\u012bba<\/strong><\/p>\n<ul data-start=\"4503\" data-end=\"4826\">\n<li data-start=\"4503\" data-end=\"4622\">\n<p data-start=\"4505\" data-end=\"4622\"><strong data-start=\"4505\" data-end=\"4538\">Magnesium Ascorbyl Phosphate:<\/strong> stabila C vitam\u012bna forma, kas pal\u012bdz izl\u012bdzin\u0101t \u0101das toni un pastiprin\u0101t mirdzumu<\/p>\n<\/li>\n<li data-start=\"4623\" data-end=\"4724\">\n<p data-start=\"4625\" data-end=\"4724\"><strong data-start=\"4625\" data-end=\"4664\">Butyrospermum Parkii (Shea) Butter:<\/strong> dzi\u013ci baro, m\u012bkstina \u0101du un pal\u012bdz mazin\u0101t sausuma saj\u016btu<\/p>\n<\/li>\n<li data-start=\"4725\" data-end=\"4826\">\n<p data-start=\"4727\" data-end=\"4826\"><strong data-start=\"4727\" data-end=\"4754\">Tocopherol (Vitamin E):<\/strong> atbalsta \u0101das aizsargfunkcijas un nodro\u0161ina antioksidantu aizsardz\u012bbu<\/p>\n<\/li>\n<\/ul>\n<p data-start=\"4828\" data-end=\"4939\">Piem\u0113rota visiem \u0101das tipiem, \u012bpa\u0161i sausai, dehidr\u0113tai, bl\u0101vai \u0101dai un \u0101dai, kurai tr\u016bkst komforta un mirdzuma.<\/p>\n<p data-start=\"4941\" data-end=\"4959\"><strong data-start=\"4941\" data-end=\"4953\">Tilpums:<\/strong> 50 ml<\/p>\n","protected":false},"excerpt":{"rendered":"<p data-start=\"5108\" data-end=\"5178\"><span style=\"color: #ff0000;\"><strong data-start=\"5108\" data-end=\"5178\">pHFormula produktu pieg\u0101de ir pieejama tikai Igaunijas teritorij\u0101.<\/strong><\/span><\/p>\n<p data-start=\"5180\" data-end=\"5359\"><span style=\"color: #ff0000;\">NB! Produktu var ieg\u0101d\u0101ties p\u0113c konsult\u0101cijas ar speci\u0101listu. Zvaniet +372 58 500 171 vai rakstiet uz <a class=\"decorated-link cursor-pointer\" style=\"color: #ff0000;\" href=\"mailto:info@skinstudio.ee\" rel=\"noopener\" data-start=\"5282\" data-end=\"5300\">info@skinstudio.ee<\/a>. M\u016bsu konsultanti pal\u012bdz\u0113s ieg\u0101d\u0101ties \u0161\u012b z\u012bmola produktus.<\/span><\/p>\n<p data-start=\"5361\" data-end=\"5401\">Nakts maska ar C vitam\u012bnu \u0101das mirdzumam<\/p>\n<h2 data-start=\"5403\" data-end=\"5460\"><strong data-start=\"5403\" data-end=\"5460\">\u012apa\u0161\u012bbas pHformula &#8211; V.I.T.A. C Bright Overnight Mask<\/strong><\/h2>\n<p data-start=\"5462\" data-end=\"5678\">\u2714\ufe0f Dzi\u013ci mitrina un nov\u0113r\u0161 sausuma saj\u016btu<br data-start=\"5503\" data-end=\"5506\" \/>\u2714\ufe0f Padara \u0101du mirdzo\u0161\u0101ku un svaig\u0101ku<br data-start=\"5542\" data-end=\"5545\" \/>\u2714\ufe0f Izl\u012bdzina \u0101das toni un uzlabo tekst\u016bru<br data-start=\"5586\" data-end=\"5589\" \/>\u2714\ufe0f Palielina \u0101das tvirtumu un elast\u012bbu<br data-start=\"5627\" data-end=\"5630\" \/>\u2714\ufe0f Nodro\u0161ina sp\u0113c\u012bgu antioksidantu aizsardz\u012bbu<\/p>\n","protected":false},"featured_media":64711,"template":"","meta":[],"pwb-brand":[778],"product_brand":[],"product_cat":[729,725,737,653,739],"product_tag":[],"giftcard-category":[],"class_list":{"0":"post-77559","1":"product","2":"type-product","3":"status-publish","4":"has-post-thumbnail","6":"pwb-brand-ph-formula","7":"product_cat-c-vitamins","8":"product_cat-maskas","9":"product_cat-mitrinasana","10":"product_cat-ph-formula-lv","11":"product_cat-sausai-adai","13":"first","14":"instock","15":"taxable","16":"shipping-taxable","17":"purchasable","18":"product-type-simple"},"acf":[],"brands":[{"id":778,"name":"pH Formula","slug":"ph-formula"}],"_links":{"self":[{"href":"https:\/\/skinstudio.ee\/lv\/wp-json\/wp\/v2\/product\/77559","targetHints":{"allow":["GET"]}}],"collection":[{"href":"https:\/\/skinstudio.ee\/lv\/wp-json\/wp\/v2\/product"}],"about":[{"href":"https:\/\/skinstudio.ee\/lv\/wp-json\/wp\/v2\/types\/product"}],"version-history":[{"count":1,"href":"https:\/\/skinstudio.ee\/lv\/wp-json\/wp\/v2\/product\/77559\/revisions"}],"predecessor-version":[{"id":77560,"href":"https:\/\/skinstudio.ee\/lv\/wp-json\/wp\/v2\/product\/77559\/revisions\/77560"}],"wp:featuredmedia":[{"embeddable":true,"href":"https:\/\/skinstudio.ee\/lv\/wp-json\/wp\/v2\/media\/64711"}],"wp:attachment":[{"href":"https:\/\/skinstudio.ee\/lv\/wp-json\/wp\/v2\/media?parent=77559"}],"wp:term":[{"taxonomy":"pwb-brand","embeddable":true,"href":"https:\/\/skinstudio.ee\/lv\/wp-json\/wp\/v2\/pwb-brand?post=77559"},{"taxonomy":"product_brand","embeddable":true,"href":"https:\/\/skinstudio.ee\/lv\/wp-json\/wp\/v2\/product_brand?post=77559"},{"taxonomy":"product_cat","embeddable":true,"href":"https:\/\/skinstudio.ee\/lv\/wp-json\/wp\/v2\/product_cat?post=77559"},{"taxonomy":"product_tag","embeddable":true,"href":"https:\/\/skinstudio.ee\/lv\/wp-json\/wp\/v2\/product_tag?post=77559"},{"taxonomy":"giftcard-category","embeddable":true,"href":"https:\/\/skinstudio.ee\/lv\/wp-json\/wp\/v2\/giftcard-category?post=77559"}],"curies":[{"name":"wp","href":"https:\/\/api.w.org\/{rel}","templated":true}]}}