{"id":77566,"date":"2025-07-17T07:24:12","date_gmt":"2025-07-17T07:24:12","guid":{"rendered":"https:\/\/skinstudio.ee\/?post_type=product&#038;p=77566"},"modified":"2026-02-13T15:28:28","modified_gmt":"2026-02-13T15:28:28","slug":"v-i-t-a-b3-cream","status":"publish","type":"product","link":"https:\/\/skinstudio.ee\/lv\/catalog\/ph-formula\/v-i-t-a-b3-cream\/","title":{"rendered":"V.I.T.A. B3 Cream"},"content":{"rendered":"<p data-start=\"4339\" data-end=\"4669\"><strong data-start=\"4339\" data-end=\"4373\">V.I.T.A. B3 CREAM no pHformula<\/strong> ir vieglas tekst\u016bras, bet intens\u012bvi mitrino\u0161s kr\u0113ms ar augstu B3 vitam\u012bna (niacinam\u012bda) koncentr\u0101ciju, kas paredz\u0113ts ikdienas kop\u0161anai \u0101dai ar noslieci uz aps\u0101rtumu, jut\u012bgumam un nevienm\u0113r\u012bgu toni. Formula pal\u012bdz redzami uzlabot \u0101das kop\u0113jo izskatu, padarot to glud\u0101ku, tvirt\u0101ku un vienm\u0113r\u012bg\u0101ku.<\/p>\n<p data-start=\"4671\" data-end=\"4973\">Kr\u0113ms ir izstr\u0101d\u0101ts \u0101das to\u0146a korekcijai, aps\u0101rtuma mazin\u0101\u0161anai un vesel\u012bga \u0101das barjeras atbalstam. Tas \u0101tri ies\u016bcas, neatst\u0101j taukainu pl\u0113v\u012bti un ir komfortabls uz \u0101das gan pirms, gan p\u0113c intens\u012bv\u0101m proced\u016br\u0101m. Formula ir nekomedog\u0113na, bez smar\u017eviel\u0101m un nesatur parab\u0113nus, lanol\u012bnu vai miner\u0101le\u013c\u013cas.<\/p>\n<p data-start=\"4975\" data-end=\"5009\"><strong data-start=\"4975\" data-end=\"5007\">Galveno sast\u0101vda\u013cu iedarb\u012bba<\/strong><\/p>\n<ul data-start=\"5010\" data-end=\"5307\">\n<li data-start=\"5010\" data-end=\"5134\">\n<p data-start=\"5012\" data-end=\"5134\"><strong data-start=\"5012\" data-end=\"5041\">Niacinamide (Vitamin B3):<\/strong> pal\u012bdz mazin\u0101t aps\u0101rtumu, izl\u012bdzin\u0101t \u0101das toni, uzlabot tekst\u016bru un stiprin\u0101t \u0101das barjeru<\/p>\n<\/li>\n<li data-start=\"5135\" data-end=\"5232\">\n<p data-start=\"5137\" data-end=\"5232\"><strong data-start=\"5137\" data-end=\"5160\">Sodium Hyaluronate:<\/strong> nodro\u0161ina intens\u012bvu mitrin\u0101\u0161anu un pal\u012bdz \u0101dai ilg\u0101k saglab\u0101t mitrumu<\/p>\n<\/li>\n<li data-start=\"5233\" data-end=\"5307\">\n<p data-start=\"5235\" data-end=\"5307\"><strong data-start=\"5235\" data-end=\"5249\">Allantoin:<\/strong> nomierina \u0101du un pal\u012bdz mazin\u0101t diskomfortu un jut\u012bgumu<\/p>\n<\/li>\n<\/ul>\n<p data-start=\"5309\" data-end=\"5446\">Piem\u0113rots visiem \u0101das tipiem, \u012bpa\u0161i jut\u012bgai, uz aps\u0101rtumu tend\u0113tai, dehidr\u0113tai \u0101dai un \u0101dai ar nevienm\u0113r\u012bgu toni un fotoboj\u0101jumu paz\u012bm\u0113m.<\/p>\n<p data-start=\"5448\" data-end=\"5474\"><strong data-start=\"5448\" data-end=\"5460\">Tilpums:<\/strong> 20 ml \/ 50 ml<\/p>\n","protected":false},"excerpt":{"rendered":"<p data-start=\"5676\" data-end=\"5746\"><span style=\"color: #ff0000;\"><strong data-start=\"5676\" data-end=\"5746\">pHFormula produktu pieg\u0101de ir pieejama tikai Igaunijas teritorij\u0101.<\/strong><\/span><\/p>\n<p data-start=\"5748\" data-end=\"5927\"><span style=\"color: #ff0000;\">NB! Produktu var ieg\u0101d\u0101ties p\u0113c konsult\u0101cijas ar speci\u0101listu. Zvaniet +372 58 500 171 vai rakstiet uz <a class=\"decorated-link cursor-pointer\" style=\"color: #ff0000;\" href=\"mailto:info@skinstudio.ee\" rel=\"noopener\" data-start=\"5850\" data-end=\"5868\">info@skinstudio.ee<\/a>. M\u016bsu konsultanti pal\u012bdz\u0113s ieg\u0101d\u0101ties \u0161\u012b z\u012bmola produktus.<\/span><\/p>\n<p data-start=\"5929\" data-end=\"5969\">Intens\u012bvi mitrino\u0161s kr\u0113ms ar B3 vitam\u012bnu<\/p>\n<h2 data-start=\"5971\" data-end=\"6013\"><strong data-start=\"5971\" data-end=\"6013\">\u012apa\u0161\u012bbas pHformula &#8211; V.I.T.A. B3 CREAM<\/strong><\/h2>\n<p data-start=\"6015\" data-end=\"6276\">\u2714\ufe0f Intens\u012bvi mitrina un nov\u0113r\u0161 \u0101das dehidrat\u0101ciju<br data-start=\"6064\" data-end=\"6067\" \/>\u2714\ufe0f Redzami samazina aps\u0101rtumu un jut\u012bgumu<br data-start=\"6108\" data-end=\"6111\" \/>\u2714\ufe0f Izl\u012bdzina \u0101das toni un uzlabo \u0101das tekst\u016bru<br data-start=\"6157\" data-end=\"6160\" \/>\u2714\ufe0f Pal\u012bdz kori\u0123\u0113t un padar\u012bt gai\u0161\u0101ku pigment\u0101cijas izpausmes<br data-start=\"6220\" data-end=\"6223\" \/>\u2714\ufe0f Stiprina \u0101das barjeru un palielina \u0101das notur\u012bbu<\/p>\n","protected":false},"featured_media":64716,"template":"","meta":[],"pwb-brand":[778],"product_brand":[],"product_cat":[737,749,653,751,739],"product_tag":[],"giftcard-category":[],"class_list":{"0":"post-77566","1":"product","2":"type-product","3":"status-publish","4":"has-post-thumbnail","6":"pwb-brand-ph-formula","7":"product_cat-mitrinasana","8":"product_cat-novecojosa-ada","9":"product_cat-ph-formula-lv","10":"product_cat-pigmentacija-lv","11":"product_cat-sausai-adai","12":"pa_suurus-20ml-lv","13":"pa_suurus-50ml-lv","15":"first","16":"instock","17":"taxable","18":"shipping-taxable","19":"purchasable","20":"product-type-variable"},"acf":[],"brands":[{"id":778,"name":"pH Formula","slug":"ph-formula"}],"_links":{"self":[{"href":"https:\/\/skinstudio.ee\/lv\/wp-json\/wp\/v2\/product\/77566","targetHints":{"allow":["GET"]}}],"collection":[{"href":"https:\/\/skinstudio.ee\/lv\/wp-json\/wp\/v2\/product"}],"about":[{"href":"https:\/\/skinstudio.ee\/lv\/wp-json\/wp\/v2\/types\/product"}],"version-history":[{"count":1,"href":"https:\/\/skinstudio.ee\/lv\/wp-json\/wp\/v2\/product\/77566\/revisions"}],"predecessor-version":[{"id":77569,"href":"https:\/\/skinstudio.ee\/lv\/wp-json\/wp\/v2\/product\/77566\/revisions\/77569"}],"wp:featuredmedia":[{"embeddable":true,"href":"https:\/\/skinstudio.ee\/lv\/wp-json\/wp\/v2\/media\/64716"}],"wp:attachment":[{"href":"https:\/\/skinstudio.ee\/lv\/wp-json\/wp\/v2\/media?parent=77566"}],"wp:term":[{"taxonomy":"pwb-brand","embeddable":true,"href":"https:\/\/skinstudio.ee\/lv\/wp-json\/wp\/v2\/pwb-brand?post=77566"},{"taxonomy":"product_brand","embeddable":true,"href":"https:\/\/skinstudio.ee\/lv\/wp-json\/wp\/v2\/product_brand?post=77566"},{"taxonomy":"product_cat","embeddable":true,"href":"https:\/\/skinstudio.ee\/lv\/wp-json\/wp\/v2\/product_cat?post=77566"},{"taxonomy":"product_tag","embeddable":true,"href":"https:\/\/skinstudio.ee\/lv\/wp-json\/wp\/v2\/product_tag?post=77566"},{"taxonomy":"giftcard-category","embeddable":true,"href":"https:\/\/skinstudio.ee\/lv\/wp-json\/wp\/v2\/giftcard-category?post=77566"}],"curies":[{"name":"wp","href":"https:\/\/api.w.org\/{rel}","templated":true}]}}