{"id":77577,"date":"2025-07-08T11:11:59","date_gmt":"2025-07-08T11:11:59","guid":{"rendered":"https:\/\/skinstudio.ee\/?post_type=product&#038;p=77577"},"modified":"2026-02-13T15:28:21","modified_gmt":"2026-02-13T15:28:21","slug":"p-o-s-t-recovery-plus","status":"publish","type":"product","link":"https:\/\/skinstudio.ee\/lv\/catalog\/ph-formula\/p-o-s-t-recovery-plus\/","title":{"rendered":"P.O.S.T. Recovery Plus"},"content":{"rendered":"<p data-start=\"3931\" data-end=\"4237\"><strong data-start=\"3931\" data-end=\"3970\">P.O.S.T. Recovery Plus no pHformula<\/strong> ir bag\u0101t\u012bgs atjaunojo\u0161s kr\u0113ms, kas paredz\u0113ts \u0101das kop\u0161anai p\u0113c intens\u012bv\u0101m est\u0113tisk\u0101m proced\u016br\u0101m, piem\u0113ram, p\u012blingiem, l\u0101zerproced\u016br\u0101m un mikrodermabr\u0101zijas. Kr\u0113ms pal\u012bdz nomierin\u0101t \u0101du, mazin\u0101t diskomfortu, atjaunot mitruma l\u012bmeni un atbalst\u012bt \u0101das aizsargfunkcijas.<\/p>\n<p data-start=\"4239\" data-end=\"4493\">Formula ir izstr\u0101d\u0101ta, lai pa\u0101trin\u0101tu \u0101das atjauno\u0161anos, samazin\u0101tu aps\u0101rtumu un palielin\u0101tu \u0101das notur\u012bbu pret \u0101r\u0113jiem stresa faktoriem. Kr\u0113ms uzlabo komforta saj\u016btu, padara \u0101du maig\u0101ku un glud\u0101ku, k\u0101 ar\u012b pal\u012bdz saglab\u0101t vienm\u0113r\u012bg\u0101ku un kopt\u0101ku izskatu.<\/p>\n<p data-start=\"4495\" data-end=\"4529\"><strong data-start=\"4495\" data-end=\"4527\">Galveno sast\u0101vda\u013cu iedarb\u012bba<\/strong><\/p>\n<ul data-start=\"4530\" data-end=\"4803\">\n<li data-start=\"4530\" data-end=\"4626\">\n<p data-start=\"4532\" data-end=\"4626\"><strong data-start=\"4532\" data-end=\"4563\">Lactococcus Ferment Lysate:<\/strong> atbalsta \u0101das atjauno\u0161an\u0101s procesus un stiprina \u0101das barjeru<\/p>\n<\/li>\n<li data-start=\"4627\" data-end=\"4708\">\n<p data-start=\"4629\" data-end=\"4708\"><strong data-start=\"4629\" data-end=\"4642\">Squalane:<\/strong> m\u012bkstina \u0101du, atjauno komfortu un pal\u012bdz nov\u0113rst mitruma zudumu<\/p>\n<\/li>\n<li data-start=\"4709\" data-end=\"4803\">\n<p data-start=\"4711\" data-end=\"4803\"><strong data-start=\"4711\" data-end=\"4727\">Niacinamide:<\/strong> pal\u012bdz mazin\u0101t aps\u0101rtumu, uzlabot \u0101das tekst\u016bru un stiprin\u0101t \u0101das barjeru<\/p>\n<\/li>\n<\/ul>\n<p data-start=\"4805\" data-end=\"4910\">Piem\u0113rots visiem \u0101das tipiem, \u012bpa\u0161i jut\u012bgai, kairin\u0101tai \u0101dai un \u0101dai atjauno\u0161an\u0101s period\u0101 p\u0113c proced\u016br\u0101m.<\/p>\n<p data-start=\"4912\" data-end=\"4930\"><strong data-start=\"4912\" data-end=\"4924\">Tilpums:<\/strong> 50 ml<\/p>\n","protected":false},"excerpt":{"rendered":"<p data-start=\"5108\" data-end=\"5178\"><span style=\"color: #ff0000;\"><strong data-start=\"5108\" data-end=\"5178\">pHFormula produktu pieg\u0101de ir pieejama tikai Igaunijas teritorij\u0101.<\/strong><\/span><\/p>\n<p data-start=\"5180\" data-end=\"5359\"><span style=\"color: #ff0000;\">NB! Produktu var ieg\u0101d\u0101ties p\u0113c konsult\u0101cijas ar speci\u0101listu. Zvaniet +372 58 500 171 vai rakstiet uz <a class=\"decorated-link cursor-pointer\" style=\"color: #ff0000;\" href=\"mailto:info@skinstudio.ee\" rel=\"noopener\" data-start=\"5282\" data-end=\"5300\">info@skinstudio.ee<\/a>. M\u016bsu konsultanti pal\u012bdz\u0113s ieg\u0101d\u0101ties \u0161\u012b z\u012bmola produktus.<\/span><\/p>\n<p data-start=\"5361\" data-end=\"5406\">Probiotiku kr\u0113ms intens\u012bvai \u0101das atjauno\u0161anai<\/p>\n<h2 data-start=\"5408\" data-end=\"5455\"><strong data-start=\"5408\" data-end=\"5455\">\u012apa\u0161\u012bbas pHformula &#8211; P.O.S.T. Recovery Plus<\/strong><\/h2>\n<p data-start=\"5457\" data-end=\"5693\">\u2714\ufe0f \u0100tri nomierina \u0101du un samazina aps\u0101rtumu<br data-start=\"5500\" data-end=\"5503\" \/>\u2714\ufe0f Intens\u012bvi mitrina un nov\u0113r\u0161 sausuma saj\u016btu<br data-start=\"5548\" data-end=\"5551\" \/>\u2714\ufe0f Pa\u0101trina \u0101das atjauno\u0161anos p\u0113c proced\u016br\u0101m<br data-start=\"5595\" data-end=\"5598\" \/>\u2714\ufe0f Stiprina \u0101das barjeru un mazina jut\u012bgumu<br data-start=\"5641\" data-end=\"5644\" \/>\u2714\ufe0f Padara \u0101du glud\u0101ku, maig\u0101ku un komfortabl\u0101ku<\/p>\n","protected":false},"featured_media":64722,"template":"","meta":[],"pwb-brand":[778],"product_brand":[],"product_cat":[745,737,653,739],"product_tag":[],"giftcard-category":[],"class_list":{"0":"post-77577","1":"product","2":"type-product","3":"status-publish","4":"has-post-thumbnail","6":"pwb-brand-ph-formula","7":"product_cat-jutigai-adai","8":"product_cat-mitrinasana","9":"product_cat-ph-formula-lv","10":"product_cat-sausai-adai","12":"first","13":"instock","14":"taxable","15":"shipping-taxable","16":"purchasable","17":"product-type-simple"},"acf":[],"brands":[{"id":778,"name":"pH Formula","slug":"ph-formula"}],"_links":{"self":[{"href":"https:\/\/skinstudio.ee\/lv\/wp-json\/wp\/v2\/product\/77577","targetHints":{"allow":["GET"]}}],"collection":[{"href":"https:\/\/skinstudio.ee\/lv\/wp-json\/wp\/v2\/product"}],"about":[{"href":"https:\/\/skinstudio.ee\/lv\/wp-json\/wp\/v2\/types\/product"}],"version-history":[{"count":1,"href":"https:\/\/skinstudio.ee\/lv\/wp-json\/wp\/v2\/product\/77577\/revisions"}],"predecessor-version":[{"id":77578,"href":"https:\/\/skinstudio.ee\/lv\/wp-json\/wp\/v2\/product\/77577\/revisions\/77578"}],"wp:featuredmedia":[{"embeddable":true,"href":"https:\/\/skinstudio.ee\/lv\/wp-json\/wp\/v2\/media\/64722"}],"wp:attachment":[{"href":"https:\/\/skinstudio.ee\/lv\/wp-json\/wp\/v2\/media?parent=77577"}],"wp:term":[{"taxonomy":"pwb-brand","embeddable":true,"href":"https:\/\/skinstudio.ee\/lv\/wp-json\/wp\/v2\/pwb-brand?post=77577"},{"taxonomy":"product_brand","embeddable":true,"href":"https:\/\/skinstudio.ee\/lv\/wp-json\/wp\/v2\/product_brand?post=77577"},{"taxonomy":"product_cat","embeddable":true,"href":"https:\/\/skinstudio.ee\/lv\/wp-json\/wp\/v2\/product_cat?post=77577"},{"taxonomy":"product_tag","embeddable":true,"href":"https:\/\/skinstudio.ee\/lv\/wp-json\/wp\/v2\/product_tag?post=77577"},{"taxonomy":"giftcard-category","embeddable":true,"href":"https:\/\/skinstudio.ee\/lv\/wp-json\/wp\/v2\/giftcard-category?post=77577"}],"curies":[{"name":"wp","href":"https:\/\/api.w.org\/{rel}","templated":true}]}}