{"id":77584,"date":"2025-07-08T11:09:26","date_gmt":"2025-07-08T11:09:26","guid":{"rendered":"https:\/\/skinstudio.ee\/?post_type=product&#038;p=77584"},"modified":"2026-02-13T15:28:12","modified_gmt":"2026-02-13T15:28:12","slug":"eye-lift-serum","status":"publish","type":"product","link":"https:\/\/skinstudio.ee\/lv\/catalog\/ph-formula\/eye-lift-serum\/","title":{"rendered":"Eye Lift Serum"},"content":{"rendered":"<p data-start=\"1745\" data-end=\"1988\"><strong data-start=\"1745\" data-end=\"1776\">Eye Lift Serum no pHformula<\/strong> ir vieglas tekst\u016bras, bet koncentr\u0113ts serums maig\u0101s acu zonas kop\u0161anai, kur noguruma un noveco\u0161an\u0101s paz\u012bmes par\u0101d\u0101s vis\u0101tr\u0101k. Formula pal\u012bdz uzlabot \u0101das kop\u0113jo izskatu, padarot to tvirt\u0101ku, glud\u0101ku un svaig\u0101ku.<\/p>\n<p data-start=\"1990\" data-end=\"2178\">Serums ir paredz\u0113ts \u0101das stiprin\u0101\u0161anai, smalko l\u012bniju izl\u012bdzin\u0101\u0161anai un piet\u016bkuma mazin\u0101\u0161anai. Tas \u0101tri ies\u016bcas, nenoslogo \u0101du un ir ide\u0101li piem\u0113rots ikdienas lieto\u0161anai no r\u012bta un vakar\u0101.<\/p>\n<p data-start=\"2180\" data-end=\"2214\"><strong data-start=\"2180\" data-end=\"2212\">Galveno sast\u0101vda\u013cu iedarb\u012bba<\/strong><\/p>\n<ul data-start=\"2215\" data-end=\"2478\">\n<li data-start=\"2215\" data-end=\"2299\">\n<p data-start=\"2217\" data-end=\"2299\"><strong data-start=\"2217\" data-end=\"2243\">Acetyl Tetrapeptide-5:<\/strong> pal\u012bdz mazin\u0101t piet\u016bkumu un uzlabot acu zonas izskatu<\/p>\n<\/li>\n<li data-start=\"2300\" data-end=\"2412\">\n<p data-start=\"2302\" data-end=\"2412\"><strong data-start=\"2302\" data-end=\"2325\">Sodium Hyaluronate:<\/strong> nodro\u0161ina intens\u012bvu mitrin\u0101\u0161anu un pal\u012bdz \u0101dai izskat\u012bties glud\u0101kai un piepild\u012bt\u0101kai<\/p>\n<\/li>\n<li data-start=\"2413\" data-end=\"2478\">\n<p data-start=\"2415\" data-end=\"2478\"><strong data-start=\"2415\" data-end=\"2428\">Caffeine:<\/strong> toniz\u0113 \u0101du un pal\u012bdz samazin\u0101t noguruma paz\u012bmes<\/p>\n<\/li>\n<\/ul>\n<p data-start=\"2480\" data-end=\"2605\">Piem\u0113rots visiem \u0101das tipiem, tostarp jut\u012bgai \u0101dai, un \u012bpa\u0161i ieteicams pie pirmaj\u0101m noveco\u0161an\u0101s un noguruma paz\u012bm\u0113m acu zon\u0101.<\/p>\n<p data-start=\"2607\" data-end=\"2625\"><strong data-start=\"2607\" data-end=\"2619\">Tilpums:<\/strong> 15 ml<\/p>\n","protected":false},"excerpt":{"rendered":"<p><strong><span style=\"color: #ff0000;\">pHFormula toodete tarnimine toimub ainult Eesti piires.<\/span><\/strong><\/p>\n<p data-start=\"590\" data-end=\"802\"><span style=\"color: #ff0000;\">NB! Toodet saab osta ainult p\u00e4rast spetsialistiga konsulteerimist. Helistage meile numbril +372 58 500 171 v\u00f5i j\u00e4tke oma p\u00e4ring aadressile <a class=\"decorated-link cursor-pointer\" style=\"color: #ff0000;\" href=\"mailto:info@skinstudio.ee\" rel=\"noopener\" data-start=\"729\" data-end=\"747\">info@skinstudio.ee<\/a>. Meie konsultandid aitavad teid selle br\u00e4ndi ostmisel.<\/span><\/p>\n<p data-start=\"2981\" data-end=\"3002\">Serums acu zonas \u0101dai<\/p>\n<h2 data-start=\"3004\" data-end=\"3043\"><strong data-start=\"3004\" data-end=\"3043\">\u012apa\u0161\u012bbas pHformula &#8211; Eye Lift Serum<\/strong><\/h2>\n<p data-start=\"3045\" data-end=\"3261\">\u2714\ufe0f Nostiprina \u0101du un uzlabo elast\u012bbu<br data-start=\"3081\" data-end=\"3084\" \/>\u2714\ufe0f Izl\u012bdzina smalk\u0101s l\u012bnijas un krunci\u0146as<br data-start=\"3125\" data-end=\"3128\" \/>\u2714\ufe0f Samazina piet\u016bkumu un noguruma paz\u012bmes<br data-start=\"3169\" data-end=\"3172\" \/>\u2714\ufe0f Intens\u012bvi mitrina un atsvaidzina acu zonu<br data-start=\"3216\" data-end=\"3219\" \/>\u2714\ufe0f Padara skatienu atp\u016btu\u0161os un svaig\u0101ku<\/p>\n","protected":false},"featured_media":64727,"template":"","meta":[],"pwb-brand":[778],"product_brand":[],"product_cat":[733,653],"product_tag":[],"giftcard-category":[],"class_list":{"0":"post-77584","1":"product","2":"type-product","3":"status-publish","4":"has-post-thumbnail","6":"pwb-brand-ph-formula","7":"product_cat-ada-ap-acim","8":"product_cat-ph-formula-lv","10":"first","11":"instock","12":"taxable","13":"shipping-taxable","14":"purchasable","15":"product-type-simple"},"acf":[],"brands":[{"id":778,"name":"pH Formula","slug":"ph-formula"}],"_links":{"self":[{"href":"https:\/\/skinstudio.ee\/lv\/wp-json\/wp\/v2\/product\/77584","targetHints":{"allow":["GET"]}}],"collection":[{"href":"https:\/\/skinstudio.ee\/lv\/wp-json\/wp\/v2\/product"}],"about":[{"href":"https:\/\/skinstudio.ee\/lv\/wp-json\/wp\/v2\/types\/product"}],"version-history":[{"count":1,"href":"https:\/\/skinstudio.ee\/lv\/wp-json\/wp\/v2\/product\/77584\/revisions"}],"predecessor-version":[{"id":77585,"href":"https:\/\/skinstudio.ee\/lv\/wp-json\/wp\/v2\/product\/77584\/revisions\/77585"}],"wp:featuredmedia":[{"embeddable":true,"href":"https:\/\/skinstudio.ee\/lv\/wp-json\/wp\/v2\/media\/64727"}],"wp:attachment":[{"href":"https:\/\/skinstudio.ee\/lv\/wp-json\/wp\/v2\/media?parent=77584"}],"wp:term":[{"taxonomy":"pwb-brand","embeddable":true,"href":"https:\/\/skinstudio.ee\/lv\/wp-json\/wp\/v2\/pwb-brand?post=77584"},{"taxonomy":"product_brand","embeddable":true,"href":"https:\/\/skinstudio.ee\/lv\/wp-json\/wp\/v2\/product_brand?post=77584"},{"taxonomy":"product_cat","embeddable":true,"href":"https:\/\/skinstudio.ee\/lv\/wp-json\/wp\/v2\/product_cat?post=77584"},{"taxonomy":"product_tag","embeddable":true,"href":"https:\/\/skinstudio.ee\/lv\/wp-json\/wp\/v2\/product_tag?post=77584"},{"taxonomy":"giftcard-category","embeddable":true,"href":"https:\/\/skinstudio.ee\/lv\/wp-json\/wp\/v2\/giftcard-category?post=77584"}],"curies":[{"name":"wp","href":"https:\/\/api.w.org\/{rel}","templated":true}]}}