{"id":77591,"date":"2025-07-08T11:06:51","date_gmt":"2025-07-08T11:06:51","guid":{"rendered":"https:\/\/skinstudio.ee\/?post_type=product&#038;p=77591"},"modified":"2026-02-13T15:28:25","modified_gmt":"2026-02-13T15:28:25","slug":"sos-lip-resque","status":"publish","type":"product","link":"https:\/\/skinstudio.ee\/lv\/catalog\/ph-formula\/sos-lip-resque\/","title":{"rendered":"SOS Lip Resque"},"content":{"rendered":"<p data-start=\"3606\" data-end=\"3859\"><strong data-start=\"3606\" data-end=\"3637\">SOS Lip Resque no pHformula<\/strong> ir univers\u0101ls atjaunojo\u0161s l\u016bpu balzams gan \u0101rk\u0101rtas, gan ikdienas kop\u0161anai. Tas pal\u012bdz \u0101tri mazin\u0101t sausumu un savilkuma saj\u016btu, m\u012bkstina l\u016bpas un saglab\u0101 komfortu pat skarbos laikapst\u0101k\u013cos vai p\u0113c kosm\u0113tisk\u0101m proced\u016br\u0101m.<\/p>\n<p data-start=\"3861\" data-end=\"4087\">Formula ir izstr\u0101d\u0101ta, lai aizsarg\u0101tu, barotu un atjaunotu l\u016bpu maigo \u0101du. Balzams sniedz t\u016bl\u012bt\u0113ju komforta saj\u016btu p\u0113c uzkl\u0101\u0161anas, pal\u012bdz saglab\u0101t l\u016bpas maigas un koptas, k\u0101 ar\u012b pasarg\u0101 t\u0101s no sausuma un \u0101r\u0113jiem kairin\u0101t\u0101jiem.<\/p>\n<p data-start=\"4089\" data-end=\"4123\"><strong data-start=\"4089\" data-end=\"4121\">Galveno sast\u0101vda\u013cu iedarb\u012bba<\/strong><\/p>\n<ul data-start=\"4124\" data-end=\"4416\">\n<li data-start=\"4124\" data-end=\"4223\">\n<p data-start=\"4126\" data-end=\"4223\"><strong data-start=\"4126\" data-end=\"4165\">Ricinus Communis (Castor) Seed Oil:<\/strong> baro un m\u012bkstina l\u016bpas, pal\u012bdz atjaunot komforta saj\u016btu<\/p>\n<\/li>\n<li data-start=\"4224\" data-end=\"4338\">\n<p data-start=\"4226\" data-end=\"4338\"><strong data-start=\"4226\" data-end=\"4261\">Tocopheryl Acetate (Vitamin E):<\/strong> nodro\u0161ina antioksidantu aizsardz\u012bbu un atbalsta \u0101das atjauno\u0161an\u0101s procesus<\/p>\n<\/li>\n<li data-start=\"4339\" data-end=\"4416\">\n<p data-start=\"4341\" data-end=\"4416\"><strong data-start=\"4341\" data-end=\"4355\">Bisabolol:<\/strong> nomierina \u0101du un pal\u012bdz mazin\u0101t kairin\u0101jumu un diskomfortu<\/p>\n<\/li>\n<\/ul>\n<p data-start=\"4418\" data-end=\"4574\">Piem\u0113rots ikvienam, tostarp lieto\u0161anai pils\u0113t\u0101, ce\u013cojumos, aukst\u0101 un v\u0113jain\u0101 laik\u0101, k\u0101 ar\u012b p\u0113c kosm\u0113tisk\u0101m proced\u016br\u0101m un paaugstin\u0101ta l\u016bpu sausuma gad\u012bjum\u0101.<\/p>\n<p data-start=\"4576\" data-end=\"4594\"><strong data-start=\"4576\" data-end=\"4588\">Tilpums:<\/strong> 10 ml<\/p>\n","protected":false},"excerpt":{"rendered":"<p data-start=\"4689\" data-end=\"4759\"><span style=\"color: #ff0000;\"><strong data-start=\"4689\" data-end=\"4759\">pHFormula produktu pieg\u0101de ir pieejama tikai Igaunijas teritorij\u0101.<\/strong><\/span><\/p>\n<p data-start=\"4761\" data-end=\"4940\"><span style=\"color: #ff0000;\">NB! Produktu var ieg\u0101d\u0101ties p\u0113c konsult\u0101cijas ar speci\u0101listu. Zvaniet +372 58 500 171 vai rakstiet uz <a class=\"decorated-link cursor-pointer\" style=\"color: #ff0000;\" href=\"mailto:info@skinstudio.ee\" rel=\"noopener\" data-start=\"4863\" data-end=\"4881\">info@skinstudio.ee<\/a>. M\u016bsu konsultanti pal\u012bdz\u0113s ieg\u0101d\u0101ties \u0161\u012b z\u012bmola produktus.<\/span><\/p>\n<p data-start=\"4942\" data-end=\"4964\">Intens\u012bvs l\u016bpu balzams<\/p>\n<h2 data-start=\"4966\" data-end=\"5005\"><strong data-start=\"4966\" data-end=\"5005\">\u012apa\u0161\u012bbas pHformula &#8211; SOS Lip Resque<\/strong><\/h2>\n<p data-start=\"5007\" data-end=\"5227\">\u2714\ufe0f \u0100tri atjauno sausas un saplais\u0101ju\u0161as l\u016bpas<br data-start=\"5052\" data-end=\"5055\" \/>\u2714\ufe0f Intens\u012bvi baro un m\u012bkstina<br data-start=\"5084\" data-end=\"5087\" \/>\u2714\ufe0f Stiprina l\u016bpu aizsargbarjeru<br data-start=\"5118\" data-end=\"5121\" \/>\u2714\ufe0f Nodro\u0161ina ilgsto\u0161u komfortu bez lip\u012bguma<br data-start=\"5164\" data-end=\"5167\" \/>\u2714\ufe0f Ide\u0101li piem\u0113rots aukstumam, v\u0113jam un \u013coti sausam gaisam<\/p>\n","protected":false},"featured_media":64733,"template":"","meta":[],"pwb-brand":[778],"product_brand":[],"product_cat":[759,653],"product_tag":[],"giftcard-category":[],"class_list":{"0":"post-77591","1":"product","2":"type-product","3":"status-publish","4":"has-post-thumbnail","6":"pwb-brand-ph-formula","7":"product_cat-lupu-kopsana","8":"product_cat-ph-formula-lv","10":"first","11":"instock","12":"taxable","13":"shipping-taxable","14":"purchasable","15":"product-type-simple"},"acf":[],"brands":[{"id":778,"name":"pH Formula","slug":"ph-formula"}],"_links":{"self":[{"href":"https:\/\/skinstudio.ee\/lv\/wp-json\/wp\/v2\/product\/77591","targetHints":{"allow":["GET"]}}],"collection":[{"href":"https:\/\/skinstudio.ee\/lv\/wp-json\/wp\/v2\/product"}],"about":[{"href":"https:\/\/skinstudio.ee\/lv\/wp-json\/wp\/v2\/types\/product"}],"version-history":[{"count":1,"href":"https:\/\/skinstudio.ee\/lv\/wp-json\/wp\/v2\/product\/77591\/revisions"}],"predecessor-version":[{"id":77592,"href":"https:\/\/skinstudio.ee\/lv\/wp-json\/wp\/v2\/product\/77591\/revisions\/77592"}],"wp:featuredmedia":[{"embeddable":true,"href":"https:\/\/skinstudio.ee\/lv\/wp-json\/wp\/v2\/media\/64733"}],"wp:attachment":[{"href":"https:\/\/skinstudio.ee\/lv\/wp-json\/wp\/v2\/media?parent=77591"}],"wp:term":[{"taxonomy":"pwb-brand","embeddable":true,"href":"https:\/\/skinstudio.ee\/lv\/wp-json\/wp\/v2\/pwb-brand?post=77591"},{"taxonomy":"product_brand","embeddable":true,"href":"https:\/\/skinstudio.ee\/lv\/wp-json\/wp\/v2\/product_brand?post=77591"},{"taxonomy":"product_cat","embeddable":true,"href":"https:\/\/skinstudio.ee\/lv\/wp-json\/wp\/v2\/product_cat?post=77591"},{"taxonomy":"product_tag","embeddable":true,"href":"https:\/\/skinstudio.ee\/lv\/wp-json\/wp\/v2\/product_tag?post=77591"},{"taxonomy":"giftcard-category","embeddable":true,"href":"https:\/\/skinstudio.ee\/lv\/wp-json\/wp\/v2\/giftcard-category?post=77591"}],"curies":[{"name":"wp","href":"https:\/\/api.w.org\/{rel}","templated":true}]}}