{"id":77598,"date":"2025-07-08T10:59:47","date_gmt":"2025-07-08T10:59:47","guid":{"rendered":"https:\/\/skinstudio.ee\/?post_type=product&#038;p=77598"},"modified":"2026-02-13T15:28:19","modified_gmt":"2026-02-13T15:28:19","slug":"n-e-c-k-recovery","status":"publish","type":"product","link":"https:\/\/skinstudio.ee\/lv\/catalog\/ph-formula\/n-e-c-k-recovery\/","title":{"rendered":"N.E.C.K. Recovery"},"content":{"rendered":"<p data-start=\"3916\" data-end=\"4158\"><strong data-start=\"3916\" data-end=\"3950\">N.E.C.K. Recovery no pHformula<\/strong> ir kr\u0113ms, kas izstr\u0101d\u0101ts \u012bpa\u0161i kakla un dekolt\u0113 zonas \u0101das kop\u0161anai, kur laika gait\u0101 \u0101da m\u0113dz zaud\u0113t tvirtumu un bl\u012bvumu. Formula pal\u012bdz redzami uzlabot \u0101das izskatu, padarot to tvirt\u0101ku, glud\u0101ku un kopt\u0101ku.<\/p>\n<p data-start=\"4160\" data-end=\"4380\">Kr\u0113ms ir paredz\u0113ts \u0101das stiprin\u0101\u0161anai, elast\u012bbas uzlabo\u0161anai un optim\u0101la mitruma l\u012bme\u0146a uztur\u0113\u0161anai. Tas pal\u012bdz mazin\u0101t noveco\u0161an\u0101s paz\u012bmju izskatu, izl\u012bdzina \u0101das tekst\u016bru un pie\u0161\u0137ir \u0101dai svaig\u0101ku un mirdzo\u0161\u0101ku izskatu.<\/p>\n<p data-start=\"4382\" data-end=\"4416\"><strong data-start=\"4382\" data-end=\"4414\">Galveno sast\u0101vda\u013cu iedarb\u012bba<\/strong><\/p>\n<ul data-start=\"4417\" data-end=\"4725\">\n<li data-start=\"4417\" data-end=\"4505\">\n<p data-start=\"4419\" data-end=\"4505\"><strong data-start=\"4419\" data-end=\"4449\">Methylsilanol Mannuronate:<\/strong> pal\u012bdz uzlabot \u0101das tvirtumu un atbalsta \u0101das bl\u012bvumu<\/p>\n<\/li>\n<li data-start=\"4506\" data-end=\"4614\">\n<p data-start=\"4508\" data-end=\"4614\"><strong data-start=\"4508\" data-end=\"4531\">Sodium Hyaluronate:<\/strong> nodro\u0161ina dzi\u013cu mitrin\u0101\u0161anu un pal\u012bdz \u0101dai izskat\u012bties glud\u0101kai un piepild\u012bt\u0101kai<\/p>\n<\/li>\n<li data-start=\"4615\" data-end=\"4725\">\n<p data-start=\"4617\" data-end=\"4725\"><strong data-start=\"4617\" data-end=\"4664\">Hydrolyzed Manihot Esculenta Tuber Extract:<\/strong> atbalsta \u0101das tonusu un pal\u012bdz uzlabot kop\u0113jo \u0101das izskatu<\/p>\n<\/li>\n<\/ul>\n<p data-start=\"4727\" data-end=\"4850\">Piem\u0113rots visiem \u0101das tipiem, \u012bpa\u0161i kakla un dekolt\u0113 zonai ar tvirtuma zudumu, samazin\u0101tu bl\u012bvumu un nevienm\u0113r\u012bgu tekst\u016bru.<\/p>\n<p data-start=\"4852\" data-end=\"4870\"><strong data-start=\"4852\" data-end=\"4864\">Tilpums:<\/strong> 50 ml<\/p>\n","protected":false},"excerpt":{"rendered":"<p><strong><span style=\"color: #ff0000;\">pHFormula toodete tarnimine toimub ainult Eesti piires.<\/span><\/strong><\/p>\n<p data-start=\"590\" data-end=\"802\"><span style=\"color: #ff0000;\">NB! Toodet saab osta ainult p\u00e4rast spetsialistiga konsulteerimist. Helistage meile numbril +372 58 500 171 v\u00f5i j\u00e4tke oma p\u00e4ring aadressile <a class=\"decorated-link cursor-pointer\" style=\"color: #ff0000;\" href=\"mailto:info@skinstudio.ee\" rel=\"noopener\" data-start=\"729\" data-end=\"747\">info@skinstudio.ee<\/a>. Meie konsultandid aitavad teid selle br\u00e4ndi ostmisel.<\/span><\/p>\n<p data-start=\"5331\" data-end=\"5358\">Kr\u0113ms kakla un dekolt\u0113 \u0101dai<\/p>\n<h2 data-start=\"5360\" data-end=\"5402\"><strong data-start=\"5360\" data-end=\"5402\">\u012apa\u0161\u012bbas pHformula &#8211; N.E.C.K. Recovery<\/strong><\/h2>\n<p data-start=\"5404\" data-end=\"5619\">\u2714\ufe0f Redzami stiprina un savelk kakla un dekolt\u0113 \u0101du<br data-start=\"5454\" data-end=\"5457\" \/>\u2714\ufe0f Uzlabo \u0101das elast\u012bbu un tvirtumu<br data-start=\"5492\" data-end=\"5495\" \/>\u2714\ufe0f Intens\u012bvi mitrina un uzlabo mitruma l\u012bmeni<br data-start=\"5540\" data-end=\"5543\" \/>\u2714\ufe0f Padara \u0101du glud\u0101ku un bl\u012bv\u0101ku uz tausti<br data-start=\"5585\" data-end=\"5588\" \/>\u2714\ufe0f Uzlabo \u0101das kop\u0113jo izskatu<\/p>\n","protected":false},"featured_media":64738,"template":"","meta":[],"pwb-brand":[778],"product_brand":[],"product_cat":[735,653],"product_tag":[],"giftcard-category":[],"class_list":{"0":"post-77598","1":"product","2":"type-product","3":"status-publish","4":"has-post-thumbnail","6":"pwb-brand-ph-formula","7":"product_cat-dekolte-zona","8":"product_cat-ph-formula-lv","10":"first","11":"instock","12":"taxable","13":"shipping-taxable","14":"purchasable","15":"product-type-simple"},"acf":[],"brands":[{"id":778,"name":"pH Formula","slug":"ph-formula"}],"_links":{"self":[{"href":"https:\/\/skinstudio.ee\/lv\/wp-json\/wp\/v2\/product\/77598","targetHints":{"allow":["GET"]}}],"collection":[{"href":"https:\/\/skinstudio.ee\/lv\/wp-json\/wp\/v2\/product"}],"about":[{"href":"https:\/\/skinstudio.ee\/lv\/wp-json\/wp\/v2\/types\/product"}],"version-history":[{"count":1,"href":"https:\/\/skinstudio.ee\/lv\/wp-json\/wp\/v2\/product\/77598\/revisions"}],"predecessor-version":[{"id":77599,"href":"https:\/\/skinstudio.ee\/lv\/wp-json\/wp\/v2\/product\/77598\/revisions\/77599"}],"wp:featuredmedia":[{"embeddable":true,"href":"https:\/\/skinstudio.ee\/lv\/wp-json\/wp\/v2\/media\/64738"}],"wp:attachment":[{"href":"https:\/\/skinstudio.ee\/lv\/wp-json\/wp\/v2\/media?parent=77598"}],"wp:term":[{"taxonomy":"pwb-brand","embeddable":true,"href":"https:\/\/skinstudio.ee\/lv\/wp-json\/wp\/v2\/pwb-brand?post=77598"},{"taxonomy":"product_brand","embeddable":true,"href":"https:\/\/skinstudio.ee\/lv\/wp-json\/wp\/v2\/product_brand?post=77598"},{"taxonomy":"product_cat","embeddable":true,"href":"https:\/\/skinstudio.ee\/lv\/wp-json\/wp\/v2\/product_cat?post=77598"},{"taxonomy":"product_tag","embeddable":true,"href":"https:\/\/skinstudio.ee\/lv\/wp-json\/wp\/v2\/product_tag?post=77598"},{"taxonomy":"giftcard-category","embeddable":true,"href":"https:\/\/skinstudio.ee\/lv\/wp-json\/wp\/v2\/giftcard-category?post=77598"}],"curies":[{"name":"wp","href":"https:\/\/api.w.org\/{rel}","templated":true}]}}