{"id":77605,"date":"2025-07-08T10:53:54","date_gmt":"2025-07-08T10:53:54","guid":{"rendered":"https:\/\/skinstudio.ee\/?post_type=product&#038;p=77605"},"modified":"2026-02-13T15:28:06","modified_gmt":"2026-02-13T15:28:06","slug":"body-firming-lotion","status":"publish","type":"product","link":"https:\/\/skinstudio.ee\/lv\/catalog\/ph-formula\/body-firming-lotion\/","title":{"rendered":"Body Firming Lotion"},"content":{"rendered":"<p data-start=\"3289\" data-end=\"3556\"><strong data-start=\"3289\" data-end=\"3325\">Body Firming Lotion no pHformula<\/strong> ir vieglas tekst\u016bras \u0137erme\u0146a losjons ar savelko\u0161u efektu, kas paredz\u0113ts \u0101das tonusa, tvirtuma un gluduma uzlabo\u0161anai. Tas ir \u012bpa\u0161i piem\u0113rots zon\u0101m, kur \u0101da m\u0113dz zaud\u0113t bl\u012bvumu un elast\u012bbu, piem\u0113ram, aug\u0161stilbiem, v\u0113deram un rok\u0101m.<\/p>\n<p data-start=\"3558\" data-end=\"3698\">Formula pal\u012bdz uzlabot \u0101das tekst\u016bru, padar\u012bt \u0101das izskatu vienm\u0113r\u012bg\u0101ku un kopt\u0101ku, k\u0101 ar\u012b saglab\u0101 gludu un komfortablu saj\u016btu bez lip\u012bguma.<\/p>\n<p data-start=\"3700\" data-end=\"3734\"><strong data-start=\"3700\" data-end=\"3732\">Galveno sast\u0101vda\u013cu iedarb\u012bba<\/strong><\/p>\n<ul data-start=\"3735\" data-end=\"3961\">\n<li data-start=\"3735\" data-end=\"3824\">\n<p data-start=\"3737\" data-end=\"3824\"><strong data-start=\"3737\" data-end=\"3755\">Glycolic Acid:<\/strong> pal\u012bdz uzlabot \u0101das mikroreljefu un atbalsta atjauno\u0161an\u0101s procesus<\/p>\n<\/li>\n<li data-start=\"3825\" data-end=\"3889\">\n<p data-start=\"3827\" data-end=\"3889\"><strong data-start=\"3827\" data-end=\"3836\">Urea:<\/strong> intens\u012bvi mitrina un padara \u0101du glud\u0101ku un maig\u0101ku<\/p>\n<\/li>\n<li data-start=\"3890\" data-end=\"3961\">\n<p data-start=\"3892\" data-end=\"3961\"><strong data-start=\"3892\" data-end=\"3919\">Palmitoyl Tripeptide-1:<\/strong> pal\u012bdz uztur\u0113t \u0101das tvirtumu un bl\u012bvumu<\/p>\n<\/li>\n<\/ul>\n<p data-start=\"3963\" data-end=\"4045\">Piem\u0113rots visiem \u0101das tipiem, \u012bpa\u0161i \u0137erme\u0146a \u0101dai ar samazin\u0101tu tonusu un tvirtumu.<\/p>\n<p data-start=\"4047\" data-end=\"4066\"><strong data-start=\"4047\" data-end=\"4059\">Tilpums:<\/strong> 200 ml<\/p>\n","protected":false},"excerpt":{"rendered":"<p data-start=\"4192\" data-end=\"4262\"><span style=\"color: #ff0000;\"><strong data-start=\"4192\" data-end=\"4262\">pHFormula produktu pieg\u0101de ir pieejama tikai Igaunijas teritorij\u0101.<\/strong><\/span><\/p>\n<p data-start=\"4264\" data-end=\"4443\"><span style=\"color: #ff0000;\">NB! Produktu var ieg\u0101d\u0101ties p\u0113c konsult\u0101cijas ar speci\u0101listu. Zvaniet +372 58 500 171 vai rakstiet uz <a class=\"decorated-link cursor-pointer\" style=\"color: #ff0000;\" href=\"mailto:info@skinstudio.ee\" rel=\"noopener\" data-start=\"4366\" data-end=\"4384\">info@skinstudio.ee<\/a>. M\u016bsu konsultanti pal\u012bdz\u0113s ieg\u0101d\u0101ties \u0161\u012b z\u012bmola produktus.<\/span><\/p>\n<p data-start=\"4445\" data-end=\"4487\">Viegls \u0137erme\u0146a losjons ar savelko\u0161u efektu<\/p>\n<h2 data-start=\"4489\" data-end=\"4533\"><strong data-start=\"4489\" data-end=\"4533\">\u012apa\u0161\u012bbas pHformula &#8211; Body Firming Lotion<\/strong><\/h2>\n<p data-start=\"4535\" data-end=\"4762\">\u2714\ufe0f Redzami uzlabo \u0101das tvirtumu un bl\u012bvumu<br data-start=\"4577\" data-end=\"4580\" \/>\u2714\ufe0f Padara \u0101du glud\u0101ku un vienm\u0113r\u012bg\u0101ku<br data-start=\"4617\" data-end=\"4620\" \/>\u2714\ufe0f Pal\u012bdz uztur\u0113t \u0101das tonusu un stingr\u0101ku izskatu<br data-start=\"4670\" data-end=\"4673\" \/>\u2714\ufe0f Atbalsta \u0101das atjauno\u0161anos un uzlabo tekst\u016bru<br data-start=\"4721\" data-end=\"4724\" \/>\u2714\ufe0f \u0100tri ies\u016bcas un neatst\u0101j lip\u012bgumu<\/p>\n","protected":false},"featured_media":64977,"template":"","meta":[],"pwb-brand":[778],"product_brand":[],"product_cat":[757,653],"product_tag":[],"giftcard-category":[],"class_list":{"0":"post-77605","1":"product","2":"type-product","3":"status-publish","4":"has-post-thumbnail","6":"pwb-brand-ph-formula","7":"product_cat-kermena-kopsana","8":"product_cat-ph-formula-lv","10":"first","11":"instock","12":"taxable","13":"shipping-taxable","14":"purchasable","15":"product-type-simple"},"acf":[],"brands":[{"id":778,"name":"pH Formula","slug":"ph-formula"}],"_links":{"self":[{"href":"https:\/\/skinstudio.ee\/lv\/wp-json\/wp\/v2\/product\/77605","targetHints":{"allow":["GET"]}}],"collection":[{"href":"https:\/\/skinstudio.ee\/lv\/wp-json\/wp\/v2\/product"}],"about":[{"href":"https:\/\/skinstudio.ee\/lv\/wp-json\/wp\/v2\/types\/product"}],"version-history":[{"count":1,"href":"https:\/\/skinstudio.ee\/lv\/wp-json\/wp\/v2\/product\/77605\/revisions"}],"predecessor-version":[{"id":77606,"href":"https:\/\/skinstudio.ee\/lv\/wp-json\/wp\/v2\/product\/77605\/revisions\/77606"}],"wp:featuredmedia":[{"embeddable":true,"href":"https:\/\/skinstudio.ee\/lv\/wp-json\/wp\/v2\/media\/64977"}],"wp:attachment":[{"href":"https:\/\/skinstudio.ee\/lv\/wp-json\/wp\/v2\/media?parent=77605"}],"wp:term":[{"taxonomy":"pwb-brand","embeddable":true,"href":"https:\/\/skinstudio.ee\/lv\/wp-json\/wp\/v2\/pwb-brand?post=77605"},{"taxonomy":"product_brand","embeddable":true,"href":"https:\/\/skinstudio.ee\/lv\/wp-json\/wp\/v2\/product_brand?post=77605"},{"taxonomy":"product_cat","embeddable":true,"href":"https:\/\/skinstudio.ee\/lv\/wp-json\/wp\/v2\/product_cat?post=77605"},{"taxonomy":"product_tag","embeddable":true,"href":"https:\/\/skinstudio.ee\/lv\/wp-json\/wp\/v2\/product_tag?post=77605"},{"taxonomy":"giftcard-category","embeddable":true,"href":"https:\/\/skinstudio.ee\/lv\/wp-json\/wp\/v2\/giftcard-category?post=77605"}],"curies":[{"name":"wp","href":"https:\/\/api.w.org\/{rel}","templated":true}]}}