{"id":77612,"date":"2025-07-08T10:12:45","date_gmt":"2025-07-08T10:12:45","guid":{"rendered":"https:\/\/skinstudio.ee\/?post_type=product&#038;p=77612"},"modified":"2026-02-13T15:28:06","modified_gmt":"2026-02-13T15:28:06","slug":"body-contouring-gel","status":"publish","type":"product","link":"https:\/\/skinstudio.ee\/lv\/catalog\/ph-formula\/body-contouring-gel\/","title":{"rendered":"Body Contouring Gel"},"content":{"rendered":"<p data-start=\"3478\" data-end=\"3761\"><strong data-start=\"3478\" data-end=\"3514\">Body Contouring Gel no pHformula<\/strong> ir vieglas tekst\u016bras atv\u0113sino\u0161s \u0137erme\u0146a gels, kas paredz\u0113ts \u0137erme\u0146a kont\u016bru uzlabo\u0161anai, t\u016bskas mazin\u0101\u0161anai un \u0101das tvirtuma palielin\u0101\u0161anai. Tas ir \u012bpa\u0161i piem\u0113rots zon\u0101m, kur \u0101da m\u0113dz zaud\u0113t tonusu, piem\u0113ram, aug\u0161stilbiem, s\u0113\u017eamvietai un v\u0113deram.<\/p>\n<p data-start=\"3763\" data-end=\"3936\">Gels \u0101tri ies\u016bcas, neatst\u0101j lip\u012bguma saj\u016btu un sniedz \u0101dai t\u016bl\u012bt\u0113ju svaiguma un viegluma saj\u016btu. Formula pal\u012bdz uzlabot \u0101das izskatu, padarot to vizu\u0101li tvirt\u0101ku un glud\u0101ku.<\/p>\n<p data-start=\"3938\" data-end=\"3972\"><strong data-start=\"3938\" data-end=\"3970\">Galveno sast\u0101vda\u013cu iedarb\u012bba<\/strong><\/p>\n<ul data-start=\"3973\" data-end=\"4207\">\n<li data-start=\"3973\" data-end=\"4044\">\n<p data-start=\"3975\" data-end=\"4044\"><strong data-start=\"3975\" data-end=\"3988\">Caffeine:<\/strong> pal\u012bdz mazin\u0101t t\u016bskas paz\u012bmes un uzlabot \u0101das izskatu<\/p>\n<\/li>\n<li data-start=\"4045\" data-end=\"4115\">\n<p data-start=\"4047\" data-end=\"4115\"><strong data-start=\"4047\" data-end=\"4059\">Menthol:<\/strong> nodro\u0161ina izteiktu atv\u0113sino\u0161u un atsvaidzino\u0161u efektu<\/p>\n<\/li>\n<li data-start=\"4116\" data-end=\"4207\">\n<p data-start=\"4118\" data-end=\"4207\"><strong data-start=\"4118\" data-end=\"4148\">Fucus Vesiculosus Extract:<\/strong> pal\u012bdz uztur\u0113t \u0101das tonusu un uzlabot t\u0101s kop\u0113jo izskatu<\/p>\n<\/li>\n<\/ul>\n<p data-start=\"4209\" data-end=\"4318\">Piem\u0113rots visiem \u0101das tipiem, tostarp jut\u012bgai \u0101dai, \u012bpa\u0161i \u0101dai ar t\u016bsku, smaguma saj\u016btu un samazin\u0101tu tonusu.<\/p>\n<p data-start=\"4320\" data-end=\"4339\"><strong data-start=\"4320\" data-end=\"4332\">Tilpums:<\/strong> 200 ml<\/p>\n","protected":false},"excerpt":{"rendered":"<p data-start=\"4457\" data-end=\"4527\"><span style=\"color: #ff0000;\"><strong data-start=\"4457\" data-end=\"4527\">pHFormula produktu pieg\u0101de ir pieejama tikai Igaunijas teritorij\u0101.<\/strong><\/span><\/p>\n<p data-start=\"4529\" data-end=\"4708\"><span style=\"color: #ff0000;\">NB! Produktu var ieg\u0101d\u0101ties p\u0113c konsult\u0101cijas ar speci\u0101listu. Zvaniet +372 58 500 171 vai rakstiet uz <a class=\"decorated-link cursor-pointer\" style=\"color: #ff0000;\" href=\"mailto:info@skinstudio.ee\" rel=\"noopener\" data-start=\"4631\" data-end=\"4649\">info@skinstudio.ee<\/a>. M\u016bsu konsultanti pal\u012bdz\u0113s ieg\u0101d\u0101ties \u0161\u012b z\u012bmola produktus.<\/span><\/p>\n<p data-start=\"4710\" data-end=\"4767\">Atv\u0113sino\u0161s \u0137erme\u0146a gels ar dren\u0113jo\u0161u un model\u0113jo\u0161u efektu<\/p>\n<h2 data-start=\"4769\" data-end=\"4813\"><strong data-start=\"4769\" data-end=\"4813\">\u012apa\u0161\u012bbas pHformula &#8211; Body Contouring Gel<\/strong><\/h2>\n<p data-start=\"4815\" data-end=\"5023\">\u2714\ufe0f Uzreiz atsvaidzina un atv\u0113sina \u0101du<br data-start=\"4852\" data-end=\"4855\" \/>\u2714\ufe0f Pal\u012bdz mazin\u0101t t\u016bskas un smaguma saj\u016btu<br data-start=\"4897\" data-end=\"4900\" \/>\u2714\ufe0f Uzlabo \u0101das tonusu un tvirtumu<br data-start=\"4933\" data-end=\"4936\" \/>\u2714\ufe0f Padara \u0137erme\u0146a kont\u016bras vizu\u0101li izteikt\u0101kas<br data-start=\"4982\" data-end=\"4985\" \/>\u2714\ufe0f \u0100tri ies\u016bcas un neatst\u0101j lip\u012bgumu<\/p>\n","protected":false},"featured_media":64982,"template":"","meta":[],"pwb-brand":[778],"product_brand":[],"product_cat":[757,653],"product_tag":[],"giftcard-category":[],"class_list":{"0":"post-77612","1":"product","2":"type-product","3":"status-publish","4":"has-post-thumbnail","6":"pwb-brand-ph-formula","7":"product_cat-kermena-kopsana","8":"product_cat-ph-formula-lv","10":"first","11":"instock","12":"taxable","13":"shipping-taxable","14":"purchasable","15":"product-type-simple"},"acf":[],"brands":[{"id":778,"name":"pH Formula","slug":"ph-formula"}],"_links":{"self":[{"href":"https:\/\/skinstudio.ee\/lv\/wp-json\/wp\/v2\/product\/77612","targetHints":{"allow":["GET"]}}],"collection":[{"href":"https:\/\/skinstudio.ee\/lv\/wp-json\/wp\/v2\/product"}],"about":[{"href":"https:\/\/skinstudio.ee\/lv\/wp-json\/wp\/v2\/types\/product"}],"version-history":[{"count":1,"href":"https:\/\/skinstudio.ee\/lv\/wp-json\/wp\/v2\/product\/77612\/revisions"}],"predecessor-version":[{"id":77613,"href":"https:\/\/skinstudio.ee\/lv\/wp-json\/wp\/v2\/product\/77612\/revisions\/77613"}],"wp:featuredmedia":[{"embeddable":true,"href":"https:\/\/skinstudio.ee\/lv\/wp-json\/wp\/v2\/media\/64982"}],"wp:attachment":[{"href":"https:\/\/skinstudio.ee\/lv\/wp-json\/wp\/v2\/media?parent=77612"}],"wp:term":[{"taxonomy":"pwb-brand","embeddable":true,"href":"https:\/\/skinstudio.ee\/lv\/wp-json\/wp\/v2\/pwb-brand?post=77612"},{"taxonomy":"product_brand","embeddable":true,"href":"https:\/\/skinstudio.ee\/lv\/wp-json\/wp\/v2\/product_brand?post=77612"},{"taxonomy":"product_cat","embeddable":true,"href":"https:\/\/skinstudio.ee\/lv\/wp-json\/wp\/v2\/product_cat?post=77612"},{"taxonomy":"product_tag","embeddable":true,"href":"https:\/\/skinstudio.ee\/lv\/wp-json\/wp\/v2\/product_tag?post=77612"},{"taxonomy":"giftcard-category","embeddable":true,"href":"https:\/\/skinstudio.ee\/lv\/wp-json\/wp\/v2\/giftcard-category?post=77612"}],"curies":[{"name":"wp","href":"https:\/\/api.w.org\/{rel}","templated":true}]}}