{"id":77619,"date":"2025-07-06T11:36:35","date_gmt":"2025-07-06T11:36:35","guid":{"rendered":"https:\/\/skinstudio.ee\/?post_type=product&#038;p=77619"},"modified":"2026-02-13T15:28:15","modified_gmt":"2026-02-13T15:28:15","slug":"md-age-active-recovery","status":"publish","type":"product","link":"https:\/\/skinstudio.ee\/lv\/catalog\/ph-formula\/md-age-active-recovery\/","title":{"rendered":"MD AGE Active Recovery"},"content":{"rendered":"<p data-start=\"4249\" data-end=\"4517\"><strong data-start=\"4249\" data-end=\"4288\">MD AGE Active Recovery no pHformula<\/strong> ir intens\u012bvs atjaunojo\u0161s koncentr\u0101ts, kas paredz\u0113ts \u0101das atbalstam profesion\u0101lu \u0101das atjauno\u0161anas proced\u016bru laik\u0101 un atjauno\u0161an\u0101s period\u0101 p\u0113c t\u0101m. Tas pal\u012bdz redzami uzlabot \u0101das izskatu, padarot to glud\u0101ku, tvirt\u0101ku un kopt\u0101ku.<\/p>\n<p data-start=\"4519\" data-end=\"4785\">Formula ir izstr\u0101d\u0101ta visaptvero\u0161ai ar vecumu saist\u012bto izmai\u0146u korekcijai: t\u0101 atbalsta \u0101das atjauno\u0161anos, pal\u012bdz izl\u012bdzin\u0101t \u0101das toni, uzlabo tekst\u016bru un palielina tvirtumu. Koncentr\u0101ts ar\u012b pal\u012bdz stiprin\u0101t \u0101das barjeru un saglab\u0101t vesel\u012bg\u0101ku, svaig\u0101ku \u0101das izskatu.<\/p>\n<p data-start=\"4787\" data-end=\"4821\"><strong data-start=\"4787\" data-end=\"4819\">Galveno sast\u0101vda\u013cu iedarb\u012bba<\/strong><\/p>\n<ul data-start=\"4822\" data-end=\"5107\">\n<li data-start=\"4822\" data-end=\"4919\">\n<p data-start=\"4824\" data-end=\"4919\"><strong data-start=\"4824\" data-end=\"4836\">Retinol:<\/strong> atbalsta \u0101das atjauno\u0161anos, uzlabo tekst\u016bru un pal\u012bdz samazin\u0101t grumbu redzam\u012bbu<\/p>\n<\/li>\n<li data-start=\"4920\" data-end=\"5010\">\n<p data-start=\"4922\" data-end=\"5010\"><strong data-start=\"4922\" data-end=\"4938\">Niacinamide:<\/strong> pal\u012bdz izl\u012bdzin\u0101t \u0101das toni, stiprina \u0101das barjeru un mazina jut\u012bgumu<\/p>\n<\/li>\n<li data-start=\"5011\" data-end=\"5107\">\n<p data-start=\"5013\" data-end=\"5107\"><strong data-start=\"5013\" data-end=\"5028\">Pycnogenol:<\/strong> nodro\u0161ina sp\u0113c\u012bgu antioksidantu aizsardz\u012bbu un atbalsta \u0101das kop\u0113jo st\u0101vokli<\/p>\n<\/li>\n<\/ul>\n<p data-start=\"5109\" data-end=\"5249\">Piem\u0113rots visiem \u0101das tipiem, \u012bpa\u0161i \u0101dai ar redzam\u0101m noveco\u0161an\u0101s paz\u012bm\u0113m, nevienm\u0113r\u012bgu toni, samazin\u0101tu tvirtumu un fotonoveco\u0161an\u0101s paz\u012bm\u0113m.<\/p>\n<p data-start=\"5251\" data-end=\"5269\"><strong data-start=\"5251\" data-end=\"5263\">Tilpums:<\/strong> 50 ml<\/p>\n","protected":false},"excerpt":{"rendered":"<p data-start=\"5599\" data-end=\"5669\"><span style=\"color: #ff0000;\"><strong data-start=\"5599\" data-end=\"5669\">pHFormula produktu pieg\u0101de ir pieejama tikai Igaunijas teritorij\u0101.<\/strong><\/span><\/p>\n<p data-start=\"5671\" data-end=\"5850\"><span style=\"color: #ff0000;\">NB! Produktu var ieg\u0101d\u0101ties p\u0113c konsult\u0101cijas ar speci\u0101listu. Zvaniet +372 58 500 171 vai rakstiet uz <a class=\"decorated-link cursor-pointer\" style=\"color: #ff0000;\" href=\"mailto:info@skinstudio.ee\" rel=\"noopener\" data-start=\"5773\" data-end=\"5791\">info@skinstudio.ee<\/a>. M\u016bsu konsultanti pal\u012bdz\u0113s ieg\u0101d\u0101ties \u0161\u012b z\u012bmola produktus.<\/span><\/p>\n<p data-start=\"5852\" data-end=\"5912\">Koncentr\u0101ts nobriedu\u0161ai \u0101dai ar redzam\u0101m noveco\u0161an\u0101s paz\u012bm\u0113m<\/p>\n<h2 data-start=\"5914\" data-end=\"5961\"><strong data-start=\"5914\" data-end=\"5961\">\u012apa\u0161\u012bbas pHformula &#8211; MD AGE Active Recovery<\/strong><\/h2>\n<p data-start=\"5963\" data-end=\"6189\">\u2714\ufe0f Redzami samazina grumbu un nel\u012bdzenumu izskatu<br data-start=\"6012\" data-end=\"6015\" \/>\u2714\ufe0f Uzlabo \u0101das tvirtumu ja bl\u012bvumu<br data-start=\"6049\" data-end=\"6052\" \/>\u2714\ufe0f Uzlabo \u0101das tekst\u016bru un izl\u012bdzina toni<br data-start=\"6093\" data-end=\"6096\" \/>\u2714\ufe0f Atbalsta \u0101das atjauno\u0161anos un atjauno\u0161anos<br data-start=\"6141\" data-end=\"6144\" \/>\u2714\ufe0f Pie\u0161\u0137ir \u0101dai svaig\u0101ku un kopt\u0101ku izskatu<\/p>\n","protected":false},"featured_media":64759,"template":"","meta":[],"pwb-brand":[778],"product_brand":[],"product_cat":[749,653,723],"product_tag":[],"giftcard-category":[],"class_list":{"0":"post-77619","1":"product","2":"type-product","3":"status-publish","4":"has-post-thumbnail","6":"pwb-brand-ph-formula","7":"product_cat-novecojosa-ada","8":"product_cat-ph-formula-lv","9":"product_cat-serumi","11":"first","12":"instock","13":"taxable","14":"shipping-taxable","15":"purchasable","16":"product-type-simple"},"acf":[],"brands":[{"id":778,"name":"pH Formula","slug":"ph-formula"}],"_links":{"self":[{"href":"https:\/\/skinstudio.ee\/lv\/wp-json\/wp\/v2\/product\/77619","targetHints":{"allow":["GET"]}}],"collection":[{"href":"https:\/\/skinstudio.ee\/lv\/wp-json\/wp\/v2\/product"}],"about":[{"href":"https:\/\/skinstudio.ee\/lv\/wp-json\/wp\/v2\/types\/product"}],"version-history":[{"count":1,"href":"https:\/\/skinstudio.ee\/lv\/wp-json\/wp\/v2\/product\/77619\/revisions"}],"predecessor-version":[{"id":77621,"href":"https:\/\/skinstudio.ee\/lv\/wp-json\/wp\/v2\/product\/77619\/revisions\/77621"}],"wp:featuredmedia":[{"embeddable":true,"href":"https:\/\/skinstudio.ee\/lv\/wp-json\/wp\/v2\/media\/64759"}],"wp:attachment":[{"href":"https:\/\/skinstudio.ee\/lv\/wp-json\/wp\/v2\/media?parent=77619"}],"wp:term":[{"taxonomy":"pwb-brand","embeddable":true,"href":"https:\/\/skinstudio.ee\/lv\/wp-json\/wp\/v2\/pwb-brand?post=77619"},{"taxonomy":"product_brand","embeddable":true,"href":"https:\/\/skinstudio.ee\/lv\/wp-json\/wp\/v2\/product_brand?post=77619"},{"taxonomy":"product_cat","embeddable":true,"href":"https:\/\/skinstudio.ee\/lv\/wp-json\/wp\/v2\/product_cat?post=77619"},{"taxonomy":"product_tag","embeddable":true,"href":"https:\/\/skinstudio.ee\/lv\/wp-json\/wp\/v2\/product_tag?post=77619"},{"taxonomy":"giftcard-category","embeddable":true,"href":"https:\/\/skinstudio.ee\/lv\/wp-json\/wp\/v2\/giftcard-category?post=77619"}],"curies":[{"name":"wp","href":"https:\/\/api.w.org\/{rel}","templated":true}]}}