{"id":77629,"date":"2025-07-06T11:35:34","date_gmt":"2025-07-06T11:35:34","guid":{"rendered":"https:\/\/skinstudio.ee\/?post_type=product&#038;p=77629"},"modified":"2026-02-13T15:28:16","modified_gmt":"2026-02-13T15:28:16","slug":"md-mela-active-recovery","status":"publish","type":"product","link":"https:\/\/skinstudio.ee\/lv\/catalog\/ph-formula\/md-mela-active-recovery\/","title":{"rendered":"MD MELA Active Recovery"},"content":{"rendered":"<p data-start=\"3767\" data-end=\"4018\"><strong data-start=\"3767\" data-end=\"3807\">MD MELA Active Recovery no pHformula<\/strong> ir koncentr\u0113ts serums, kas paredz\u0113ts \u0101das atjauno\u0161anas un pigment\u0101cijas korekcijas atbalstam. Tas pal\u012bdz pa\u0101trin\u0101t \u0101das atjauno\u0161anos, uzlabot t\u0101s kop\u0113jo izskatu un padar\u012bt sejas toni vienm\u0113r\u012bg\u0101ku un mirdzo\u0161\u0101ku.<\/p>\n<p data-start=\"4020\" data-end=\"4280\">Formula iedarbojas kompleksi uz nevienm\u0113r\u012bgu \u0101das toni: t\u0101 pal\u012bdz izgaismot jau eso\u0161os pigment\u0101cijas plankumus, atbalsta \u0101das atjauno\u0161anos un samazina jaunas pigment\u0101cijas ra\u0161an\u0101s risku. Serumu var lietot gan profesion\u0101lu proced\u016bru ietvaros, gan m\u0101jas kop\u0161an\u0101.<\/p>\n<p data-start=\"4282\" data-end=\"4316\"><strong data-start=\"4282\" data-end=\"4314\">Galveno sast\u0101vda\u013cu iedarb\u012bba<\/strong><\/p>\n<ul data-start=\"4317\" data-end=\"4575\">\n<li data-start=\"4317\" data-end=\"4413\">\n<p data-start=\"4319\" data-end=\"4413\"><strong data-start=\"4319\" data-end=\"4339\">Tranexamic Acid:<\/strong> pal\u012bdz mazin\u0101t pigment\u0101cijas plankumu redzam\u012bbu un izl\u012bdzin\u0101t \u0101das toni<\/p>\n<\/li>\n<li data-start=\"4414\" data-end=\"4503\">\n<p data-start=\"4416\" data-end=\"4503\"><strong data-start=\"4416\" data-end=\"4432\">Niacinamide:<\/strong> pal\u012bdz uzlabot \u0101das toni, stiprina \u0101das barjeru un samazina jut\u012bgumu<\/p>\n<\/li>\n<li data-start=\"4504\" data-end=\"4575\">\n<p data-start=\"4506\" data-end=\"4575\"><strong data-start=\"4506\" data-end=\"4524\">Mandelic Acid:<\/strong> veicina \u0101das atjauno\u0161anos un uzlabo t\u0101s tekst\u016bru<\/p>\n<\/li>\n<\/ul>\n<p data-start=\"4577\" data-end=\"4686\">Piem\u0113rots visiem \u0101das tipiem, \u012bpa\u0161i \u0101dai ar nevienm\u0113r\u012bgu toni, pigment\u0101ciju, bl\u0101vu izskatu un p\u0113caknes p\u0113d\u0101m.<\/p>\n<p data-start=\"4688\" data-end=\"4706\"><strong data-start=\"4688\" data-end=\"4700\">Tilpums:<\/strong> 50 ml<\/p>\n","protected":false},"excerpt":{"rendered":"<p data-start=\"4886\" data-end=\"4956\"><span style=\"color: #ff0000;\"><strong data-start=\"4886\" data-end=\"4956\">pHFormula produktu pieg\u0101de ir pieejama tikai Igaunijas teritorij\u0101.<\/strong><\/span><\/p>\n<p data-start=\"4958\" data-end=\"5137\"><span style=\"color: #ff0000;\">NB! Produktu var ieg\u0101d\u0101ties p\u0113c konsult\u0101cijas ar speci\u0101listu. Zvaniet +372 58 500 171 vai rakstiet uz <a class=\"decorated-link cursor-pointer\" style=\"color: #ff0000;\" href=\"mailto:info@skinstudio.ee\" rel=\"noopener\" data-start=\"5060\" data-end=\"5078\">info@skinstudio.ee<\/a>. M\u016bsu konsultanti pal\u012bdz\u0113s ieg\u0101d\u0101ties \u0161\u012b z\u012bmola produktus.<\/span><\/p>\n<p data-start=\"5139\" data-end=\"5170\">Serums pigment\u0101cijas korekcijai<\/p>\n<h2 data-start=\"5172\" data-end=\"5220\"><strong data-start=\"5172\" data-end=\"5220\">\u012apa\u0161\u012bbas pHformula &#8211; MD MELA Active Recovery<\/strong><\/h2>\n<p data-start=\"5222\" data-end=\"5492\">\u2714\ufe0f Redzami izgaismo pigment\u0101cijas plankumus un izl\u012bdzina \u0101das toni<br data-start=\"5288\" data-end=\"5291\" \/>\u2714\ufe0f Pie\u0161\u0137ir \u0101dai vair\u0101k mirdzuma un svaiguma<br data-start=\"5334\" data-end=\"5337\" \/>\u2714\ufe0f Atbalsta \u0101das atjauno\u0161anos un uzlabo tekst\u016bru<br data-start=\"5385\" data-end=\"5388\" \/>\u2714\ufe0f Samazina pigment\u0101cijas atk\u0101rtotas par\u0101d\u012b\u0161an\u0101s risku<br data-start=\"5442\" data-end=\"5445\" \/>\u2714\ufe0f Uzlabo \u0101das kop\u0113jo vienm\u0113r\u012bgumu un izskatu<\/p>\n","protected":false},"featured_media":64764,"template":"","meta":[],"pwb-brand":[778],"product_brand":[],"product_cat":[653,751,723],"product_tag":[],"giftcard-category":[],"class_list":{"0":"post-77629","1":"product","2":"type-product","3":"status-publish","4":"has-post-thumbnail","6":"pwb-brand-ph-formula","7":"product_cat-ph-formula-lv","8":"product_cat-pigmentacija-lv","9":"product_cat-serumi","11":"first","12":"instock","13":"taxable","14":"shipping-taxable","15":"purchasable","16":"product-type-simple"},"acf":[],"brands":[{"id":778,"name":"pH Formula","slug":"ph-formula"}],"_links":{"self":[{"href":"https:\/\/skinstudio.ee\/lv\/wp-json\/wp\/v2\/product\/77629","targetHints":{"allow":["GET"]}}],"collection":[{"href":"https:\/\/skinstudio.ee\/lv\/wp-json\/wp\/v2\/product"}],"about":[{"href":"https:\/\/skinstudio.ee\/lv\/wp-json\/wp\/v2\/types\/product"}],"version-history":[{"count":1,"href":"https:\/\/skinstudio.ee\/lv\/wp-json\/wp\/v2\/product\/77629\/revisions"}],"predecessor-version":[{"id":77630,"href":"https:\/\/skinstudio.ee\/lv\/wp-json\/wp\/v2\/product\/77629\/revisions\/77630"}],"wp:featuredmedia":[{"embeddable":true,"href":"https:\/\/skinstudio.ee\/lv\/wp-json\/wp\/v2\/media\/64764"}],"wp:attachment":[{"href":"https:\/\/skinstudio.ee\/lv\/wp-json\/wp\/v2\/media?parent=77629"}],"wp:term":[{"taxonomy":"pwb-brand","embeddable":true,"href":"https:\/\/skinstudio.ee\/lv\/wp-json\/wp\/v2\/pwb-brand?post=77629"},{"taxonomy":"product_brand","embeddable":true,"href":"https:\/\/skinstudio.ee\/lv\/wp-json\/wp\/v2\/product_brand?post=77629"},{"taxonomy":"product_cat","embeddable":true,"href":"https:\/\/skinstudio.ee\/lv\/wp-json\/wp\/v2\/product_cat?post=77629"},{"taxonomy":"product_tag","embeddable":true,"href":"https:\/\/skinstudio.ee\/lv\/wp-json\/wp\/v2\/product_tag?post=77629"},{"taxonomy":"giftcard-category","embeddable":true,"href":"https:\/\/skinstudio.ee\/lv\/wp-json\/wp\/v2\/giftcard-category?post=77629"}],"curies":[{"name":"wp","href":"https:\/\/api.w.org\/{rel}","templated":true}]}}