{"id":77636,"date":"2025-07-06T11:34:28","date_gmt":"2025-07-06T11:34:28","guid":{"rendered":"https:\/\/skinstudio.ee\/?post_type=product&#038;p=77636"},"modified":"2026-02-13T15:28:16","modified_gmt":"2026-02-13T15:28:16","slug":"md-eye-recovery","status":"publish","type":"product","link":"https:\/\/skinstudio.ee\/lv\/catalog\/ph-formula\/md-eye-recovery\/","title":{"rendered":"MD Eye Recovery"},"content":{"rendered":"<p data-start=\"4476\" data-end=\"4720\"><strong data-start=\"4476\" data-end=\"4508\">MD Eye Recovery no pHformula<\/strong> ir daudzfunkcion\u0101ls l\u012bdzeklis acu zonas kop\u0161anai, kas paredz\u0113ts krunci\u0146u, tum\u0161o loku un t\u016bskas mazin\u0101\u0161anai. Formula apvieno augstu efektivit\u0101ti ar maigu iedarb\u012bbu, nodro\u0161inot redzamus rezult\u0101tus bez kairin\u0101juma.<\/p>\n<p data-start=\"4722\" data-end=\"4900\">L\u012bdzeklis pal\u012bdz nostiprin\u0101t \u0101du, uzlabot t\u0101s bl\u012bvumu un gludumu, k\u0101 ar\u012b sniedz vizu\u0101lu liftinga efektu, tostarp uzacu zon\u0101. Piem\u0113rots ikdienas lieto\u0161anai un ar\u012b proced\u016bru laik\u0101.<\/p>\n<p data-start=\"4902\" data-end=\"4936\"><strong data-start=\"4902\" data-end=\"4934\">Galveno sast\u0101vda\u013cu iedarb\u012bba<\/strong><\/p>\n<ul data-start=\"4937\" data-end=\"5219\">\n<li data-start=\"4937\" data-end=\"5070\">\n<p data-start=\"4939\" data-end=\"5070\"><strong data-start=\"4939\" data-end=\"4953\">Bakuchiol:<\/strong> augu izcelsmes alternat\u012bva retinolam, pal\u012bdz uzlabot \u0101das tekst\u016bru un samazin\u0101t krunci\u0146u redzam\u012bbu bez kairin\u0101juma<\/p>\n<\/li>\n<li data-start=\"5071\" data-end=\"5149\">\n<p data-start=\"5073\" data-end=\"5149\"><strong data-start=\"5073\" data-end=\"5093\">Peptide Complex:<\/strong> pal\u012bdz uztur\u0113t \u0101das tvirtumu un uzlabo \u0101das strukt\u016bru<\/p>\n<\/li>\n<li data-start=\"5150\" data-end=\"5219\">\n<p data-start=\"5152\" data-end=\"5219\"><strong data-start=\"5152\" data-end=\"5169\">Chrysinimide:<\/strong> pal\u012bdz mazin\u0101t tum\u0161os lokus un noguruma paz\u012bmes<\/p>\n<\/li>\n<\/ul>\n<p data-start=\"5221\" data-end=\"5353\">Piem\u0113rots visiem \u0101das tipiem, ar\u012b jut\u012bgai \u0101dai, \u012bpa\u0161i krunci\u0146u, t\u016bskas, tum\u0161o loku un \u0101das tvirtuma samazin\u0101\u0161an\u0101s gad\u012bjum\u0101 acu zon\u0101.<\/p>\n<p data-start=\"5355\" data-end=\"5373\"><strong data-start=\"5355\" data-end=\"5367\">Tilpums:<\/strong> 20 ml<\/p>\n","protected":false},"excerpt":{"rendered":"<p data-start=\"5810\" data-end=\"5880\"><span style=\"color: #ff0000;\"><strong data-start=\"5810\" data-end=\"5880\">pHFormula produktu pieg\u0101de ir pieejama tikai Igaunijas teritorij\u0101.<\/strong><\/span><\/p>\n<p data-start=\"5882\" data-end=\"6061\"><span style=\"color: #ff0000;\">NB! Produktu var ieg\u0101d\u0101ties p\u0113c konsult\u0101cijas ar speci\u0101listu. Zvaniet +372 58 500 171 vai rakstiet uz <a class=\"decorated-link cursor-pointer\" style=\"color: #ff0000;\" href=\"mailto:info@skinstudio.ee\" rel=\"noopener\" data-start=\"5984\" data-end=\"6002\">info@skinstudio.ee<\/a>. M\u016bsu konsultanti pal\u012bdz\u0113s ieg\u0101d\u0101ties \u0161\u012b z\u012bmola produktus.<\/span><\/p>\n<p data-start=\"6063\" data-end=\"6099\">Daudzfunkcion\u0101ls l\u012bdzeklis acu zonai<\/p>\n<h2 data-start=\"6101\" data-end=\"6141\"><strong data-start=\"6101\" data-end=\"6141\">\u012apa\u0161\u012bbas pHformula &#8211; MD Eye Recovery<\/strong><\/h2>\n<p data-start=\"6143\" data-end=\"6372\">\u2714\ufe0f Redzami samazina krunci\u0146u un smalko l\u012bniju izskatu<br data-start=\"6196\" data-end=\"6199\" \/>\u2714\ufe0f Pal\u012bdz mazin\u0101t tum\u0161os lokus un t\u016bsku<br data-start=\"6238\" data-end=\"6241\" \/>\u2714\ufe0f Uzlabo \u0101das tvirtumu un bl\u012bvumu acu zon\u0101<br data-start=\"6284\" data-end=\"6287\" \/>\u2714\ufe0f Padara \u0101du glud\u0101ku un kopt\u0101ku<br data-start=\"6319\" data-end=\"6322\" \/>\u2714\ufe0f Nodro\u0161ina redzamu liftinga un svaiguma efektu<\/p>\n","protected":false},"featured_media":64770,"template":"","meta":[],"pwb-brand":[778],"product_brand":[],"product_cat":[733,653],"product_tag":[],"giftcard-category":[],"class_list":{"0":"post-77636","1":"product","2":"type-product","3":"status-publish","4":"has-post-thumbnail","6":"pwb-brand-ph-formula","7":"product_cat-ada-ap-acim","8":"product_cat-ph-formula-lv","10":"first","11":"instock","12":"taxable","13":"shipping-taxable","14":"purchasable","15":"product-type-simple"},"acf":[],"brands":[{"id":778,"name":"pH Formula","slug":"ph-formula"}],"_links":{"self":[{"href":"https:\/\/skinstudio.ee\/lv\/wp-json\/wp\/v2\/product\/77636","targetHints":{"allow":["GET"]}}],"collection":[{"href":"https:\/\/skinstudio.ee\/lv\/wp-json\/wp\/v2\/product"}],"about":[{"href":"https:\/\/skinstudio.ee\/lv\/wp-json\/wp\/v2\/types\/product"}],"version-history":[{"count":1,"href":"https:\/\/skinstudio.ee\/lv\/wp-json\/wp\/v2\/product\/77636\/revisions"}],"predecessor-version":[{"id":77637,"href":"https:\/\/skinstudio.ee\/lv\/wp-json\/wp\/v2\/product\/77636\/revisions\/77637"}],"wp:featuredmedia":[{"embeddable":true,"href":"https:\/\/skinstudio.ee\/lv\/wp-json\/wp\/v2\/media\/64770"}],"wp:attachment":[{"href":"https:\/\/skinstudio.ee\/lv\/wp-json\/wp\/v2\/media?parent=77636"}],"wp:term":[{"taxonomy":"pwb-brand","embeddable":true,"href":"https:\/\/skinstudio.ee\/lv\/wp-json\/wp\/v2\/pwb-brand?post=77636"},{"taxonomy":"product_brand","embeddable":true,"href":"https:\/\/skinstudio.ee\/lv\/wp-json\/wp\/v2\/product_brand?post=77636"},{"taxonomy":"product_cat","embeddable":true,"href":"https:\/\/skinstudio.ee\/lv\/wp-json\/wp\/v2\/product_cat?post=77636"},{"taxonomy":"product_tag","embeddable":true,"href":"https:\/\/skinstudio.ee\/lv\/wp-json\/wp\/v2\/product_tag?post=77636"},{"taxonomy":"giftcard-category","embeddable":true,"href":"https:\/\/skinstudio.ee\/lv\/wp-json\/wp\/v2\/giftcard-category?post=77636"}],"curies":[{"name":"wp","href":"https:\/\/api.w.org\/{rel}","templated":true}]}}