{"id":77643,"date":"2025-07-06T11:33:34","date_gmt":"2025-07-06T11:33:34","guid":{"rendered":"https:\/\/skinstudio.ee\/?post_type=product&#038;p=77643"},"modified":"2026-02-13T15:28:18","modified_gmt":"2026-02-13T15:28:18","slug":"md-txn-serum","status":"publish","type":"product","link":"https:\/\/skinstudio.ee\/lv\/catalog\/ph-formula\/md-txn-serum\/","title":{"rendered":"MD TXN Serum"},"content":{"rendered":"<p data-start=\"3854\" data-end=\"4139\"><strong data-start=\"3854\" data-end=\"3883\">MD TXN Serum no pHformula<\/strong> ir inovat\u012bvs koncentr\u0113ts serums, kas paredz\u0113ts pigment\u0101cijas korekcijai un \u0101das to\u0146a uzlabo\u0161anai. Formula iedarbojas uz galvenajiem pigmenta veido\u0161an\u0101s posmiem, pal\u012bdzot redzami samazin\u0101t tum\u0161os plankumus un padar\u012bt \u0101du t\u012br\u0101ku, vienm\u0113r\u012bg\u0101ku un mirdzo\u0161\u0101ku.<\/p>\n<p data-start=\"4141\" data-end=\"4314\">Serums pal\u012bdz uztur\u0113t optim\u0101lu \u0101das mitruma l\u012bmeni, atbalsta \u0101das aizsardz\u012bbu pret oksidat\u012bvo stresu un pie\u0161\u0137ir \u0101dai svaig\u0101ku izskatu. \u0100tri ies\u016bcas un ir pat\u012bkams lieto\u0161an\u0101.<\/p>\n<p data-start=\"4316\" data-end=\"4350\"><strong data-start=\"4316\" data-end=\"4348\">Galveno sast\u0101vda\u013cu iedarb\u012bba<\/strong><\/p>\n<ul data-start=\"4351\" data-end=\"4609\">\n<li data-start=\"4351\" data-end=\"4447\">\n<p data-start=\"4353\" data-end=\"4447\"><strong data-start=\"4353\" data-end=\"4373\">Tranexamic Acid:<\/strong> pal\u012bdz mazin\u0101t pigment\u0101cijas plankumu redzam\u012bbu un izl\u012bdzin\u0101t \u0101das toni<\/p>\n<\/li>\n<li data-start=\"4448\" data-end=\"4516\">\n<p data-start=\"4450\" data-end=\"4516\"><strong data-start=\"4450\" data-end=\"4466\">Niacinamide:<\/strong> pal\u012bdz uzlabot \u0101das toni, stiprina \u0101das barjeru<\/p>\n<\/li>\n<li data-start=\"4517\" data-end=\"4609\">\n<p data-start=\"4519\" data-end=\"4609\"><strong data-start=\"4519\" data-end=\"4541\">4-Butylresorcinol:<\/strong> pal\u012bdz uzlabot \u0101das mirdzumu un kori\u0123\u0113t nevienm\u0113r\u012bgu pigment\u0101ciju<\/p>\n<\/li>\n<\/ul>\n<p data-start=\"4611\" data-end=\"4720\">Piem\u0113rots visiem \u0101das tipiem, \u012bpa\u0161i \u0101dai ar pigment\u0101ciju, nevienm\u0113r\u012bgu toni, bl\u0101vu izskatu un p\u0113caknes p\u0113d\u0101m.<\/p>\n<p data-start=\"4722\" data-end=\"4740\"><strong data-start=\"4722\" data-end=\"4734\">Tilpums:<\/strong> 30 ml<\/p>\n","protected":false},"excerpt":{"rendered":"<p data-start=\"4989\" data-end=\"5059\"><span style=\"color: #ff0000;\"><strong data-start=\"4989\" data-end=\"5059\">pHFormula produktu pieg\u0101de ir pieejama tikai Igaunijas teritorij\u0101.<\/strong><\/span><\/p>\n<p data-start=\"5061\" data-end=\"5240\"><span style=\"color: #ff0000;\">NB! Produktu var ieg\u0101d\u0101ties p\u0113c konsult\u0101cijas ar speci\u0101listu. Zvaniet +372 58 500 171 vai rakstiet uz <a class=\"decorated-link cursor-pointer\" style=\"color: #ff0000;\" href=\"mailto:info@skinstudio.ee\" rel=\"noopener\" data-start=\"5163\" data-end=\"5181\">info@skinstudio.ee<\/a>. M\u016bsu konsultanti pal\u012bdz\u0113s ieg\u0101d\u0101ties \u0161\u012b z\u012bmola produktus.<\/span><\/p>\n<p data-start=\"5242\" data-end=\"5283\">Inovat\u012bvs serums pigment\u0101cijas korekcijai<\/p>\n<h2 data-start=\"5285\" data-end=\"5322\"><strong data-start=\"5285\" data-end=\"5322\">\u012apa\u0161\u012bbas pHformula &#8211; MD TXN Serum<\/strong><\/h2>\n<p data-start=\"5324\" data-end=\"5562\">\u2714\ufe0f Redzami izgaismo pigment\u0101cijas plankumus un p\u0113caknes p\u0113das<br data-start=\"5385\" data-end=\"5388\" \/>\u2714\ufe0f Izl\u012bdzina \u0101das toni un pie\u0161\u0137ir mirdzumu<br data-start=\"5430\" data-end=\"5433\" \/>\u2714\ufe0f Uzlabo \u0101das kop\u0113jo vienm\u0113r\u012bgumu<br data-start=\"5467\" data-end=\"5470\" \/>\u2714\ufe0f Pal\u012bdz uztur\u0113t optim\u0101lu mitruma l\u012bmeni<br data-start=\"5511\" data-end=\"5514\" \/>\u2714\ufe0f Padara \u0101du svaig\u0101ku, glud\u0101ku un starojo\u0161\u0101ku<\/p>\n","protected":false},"featured_media":65002,"template":"","meta":[],"pwb-brand":[778],"product_brand":[],"product_cat":[749,653,723],"product_tag":[],"giftcard-category":[],"class_list":{"0":"post-77643","1":"product","2":"type-product","3":"status-publish","4":"has-post-thumbnail","6":"pwb-brand-ph-formula","7":"product_cat-novecojosa-ada","8":"product_cat-ph-formula-lv","9":"product_cat-serumi","11":"first","12":"instock","13":"taxable","14":"shipping-taxable","15":"purchasable","16":"product-type-simple"},"acf":[],"brands":[{"id":778,"name":"pH Formula","slug":"ph-formula"}],"_links":{"self":[{"href":"https:\/\/skinstudio.ee\/lv\/wp-json\/wp\/v2\/product\/77643","targetHints":{"allow":["GET"]}}],"collection":[{"href":"https:\/\/skinstudio.ee\/lv\/wp-json\/wp\/v2\/product"}],"about":[{"href":"https:\/\/skinstudio.ee\/lv\/wp-json\/wp\/v2\/types\/product"}],"version-history":[{"count":1,"href":"https:\/\/skinstudio.ee\/lv\/wp-json\/wp\/v2\/product\/77643\/revisions"}],"predecessor-version":[{"id":77644,"href":"https:\/\/skinstudio.ee\/lv\/wp-json\/wp\/v2\/product\/77643\/revisions\/77644"}],"wp:featuredmedia":[{"embeddable":true,"href":"https:\/\/skinstudio.ee\/lv\/wp-json\/wp\/v2\/media\/65002"}],"wp:attachment":[{"href":"https:\/\/skinstudio.ee\/lv\/wp-json\/wp\/v2\/media?parent=77643"}],"wp:term":[{"taxonomy":"pwb-brand","embeddable":true,"href":"https:\/\/skinstudio.ee\/lv\/wp-json\/wp\/v2\/pwb-brand?post=77643"},{"taxonomy":"product_brand","embeddable":true,"href":"https:\/\/skinstudio.ee\/lv\/wp-json\/wp\/v2\/product_brand?post=77643"},{"taxonomy":"product_cat","embeddable":true,"href":"https:\/\/skinstudio.ee\/lv\/wp-json\/wp\/v2\/product_cat?post=77643"},{"taxonomy":"product_tag","embeddable":true,"href":"https:\/\/skinstudio.ee\/lv\/wp-json\/wp\/v2\/product_tag?post=77643"},{"taxonomy":"giftcard-category","embeddable":true,"href":"https:\/\/skinstudio.ee\/lv\/wp-json\/wp\/v2\/giftcard-category?post=77643"}],"curies":[{"name":"wp","href":"https:\/\/api.w.org\/{rel}","templated":true}]}}