{"id":77652,"date":"2025-07-06T11:29:48","date_gmt":"2025-07-06T11:29:48","guid":{"rendered":"https:\/\/skinstudio.ee\/?post_type=product&#038;p=77652"},"modified":"2026-02-13T15:28:15","modified_gmt":"2026-02-13T15:28:15","slug":"md-exfo-cleanse","status":"publish","type":"product","link":"https:\/\/skinstudio.ee\/lv\/catalog\/ph-formula\/md-exfo-cleanse\/","title":{"rendered":"MD Exfo Cleanse"},"content":{"rendered":"<p data-start=\"4296\" data-end=\"4586\"><strong data-start=\"4296\" data-end=\"4328\">MD EXFO Cleanse no pHformula<\/strong> ir maigs att\u012bro\u0161s l\u012bdzeklis ar eksfoli\u0113jo\u0161u iedarb\u012bbu, kas paredz\u0113ts kosm\u0113tikas, net\u012brumu un liek\u0101 sebuma efekt\u012bvai no\u0146em\u0161anai bez sausuma vai savilkuma saj\u016btas. Produkts att\u012bra \u0101du un vienlaikus pal\u012bdz uzlabot t\u0101s izskatu, padarot to glud\u0101ku un mirdzo\u0161\u0101ku.<\/p>\n<p data-start=\"4588\" data-end=\"4769\">Formula maigi m\u012bkstina atmiru\u0161\u0101s \u0101das \u0161\u016bnas, atbalsta \u0101das atjauno\u0161anos un sagatavo \u0101du turpm\u0101ko kop\u0161anas l\u012bdzek\u013cu lieto\u0161anai. Var lietot k\u0101 ikdienas att\u012bro\u0161u l\u012bdzekli vai k\u0101 masku.<\/p>\n<p data-start=\"4771\" data-end=\"4805\"><strong data-start=\"4771\" data-end=\"4803\">Galveno sast\u0101vda\u013cu iedarb\u012bba<\/strong><\/p>\n<ul data-start=\"4806\" data-end=\"5073\">\n<li data-start=\"4806\" data-end=\"4901\">\n<p data-start=\"4808\" data-end=\"4901\"><strong data-start=\"4808\" data-end=\"4829\">Lactobionic Acid:<\/strong> maigi eksfoli\u0113 un atbalsta \u0101das atjauno\u0161anos, uzlabojot \u0101das tekst\u016bru<\/p>\n<\/li>\n<li data-start=\"4902\" data-end=\"4994\">\n<p data-start=\"4904\" data-end=\"4994\"><strong data-start=\"4904\" data-end=\"4922\">Papain Enzyme:<\/strong> pal\u012bdz saudz\u012bgi no\u0146emt atmiru\u0161\u0101s \u0101das \u0161\u016bnas un izl\u012bdzin\u0101t \u0101das virsmu<\/p>\n<\/li>\n<li data-start=\"4995\" data-end=\"5073\">\n<p data-start=\"4997\" data-end=\"5073\"><strong data-start=\"4997\" data-end=\"5024\">Panthenol (Vitamin B5):<\/strong> nomierina \u0101du un pal\u012bdz uztur\u0113t mitruma l\u012bmeni<\/p>\n<\/li>\n<\/ul>\n<p data-start=\"5075\" data-end=\"5170\">Piem\u0113rots visiem \u0101das tipiem, tostarp jut\u012bgai \u0101dai un \u0101dai atjauno\u0161an\u0101s period\u0101 p\u0113c proced\u016br\u0101m.<\/p>\n<p data-start=\"5172\" data-end=\"5191\"><strong data-start=\"5172\" data-end=\"5184\">Tilpums:<\/strong> 100 ml<\/p>\n","protected":false},"excerpt":{"rendered":"<p data-start=\"5515\" data-end=\"5585\"><span style=\"color: #ff0000;\"><strong data-start=\"5515\" data-end=\"5585\">pHFormula produktu pieg\u0101de ir pieejama tikai Igaunijas teritorij\u0101.<\/strong><\/span><\/p>\n<p data-start=\"5587\" data-end=\"5766\"><span style=\"color: #ff0000;\">NB! Produktu var ieg\u0101d\u0101ties p\u0113c konsult\u0101cijas ar speci\u0101listu. Zvaniet +372 58 500 171 vai rakstiet uz <a class=\"decorated-link cursor-pointer\" style=\"color: #ff0000;\" href=\"mailto:info@skinstudio.ee\" rel=\"noopener\" data-start=\"5689\" data-end=\"5707\">info@skinstudio.ee<\/a>. M\u016bsu konsultanti pal\u012bdz\u0113s ieg\u0101d\u0101ties \u0161\u012b z\u012bmola produktus.<\/span><\/p>\n<p data-start=\"5768\" data-end=\"5818\">Maigs att\u012bro\u0161s l\u012bdzeklis ar eksfoli\u0113jo\u0161u iedarb\u012bbu<\/p>\n<h2 data-start=\"5820\" data-end=\"5860\"><strong data-start=\"5820\" data-end=\"5860\">\u012apa\u0161\u012bbas pHformula &#8211; MD EXFO Cleanse<\/strong><\/h2>\n<p data-start=\"5862\" data-end=\"6184\">\u2714\ufe0f Att\u012bra \u0101du l\u012bdz absol\u016btas t\u012br\u012bbas un svaiguma saj\u016btai<br data-start=\"5918\" data-end=\"5921\" \/>\u2714\ufe0f Redzami izl\u012bdzina \u0101das tekst\u016bru un padara \u0101du glud\u0101ku<br data-start=\"5977\" data-end=\"5980\" \/>\u2714\ufe0f Padara \u0101du mirdzo\u0161\u0101ku un kopt\u0101ku jau p\u0113c att\u012br\u012b\u0161anas<br data-start=\"6035\" data-end=\"6038\" \/>\u2714\ufe0f Nesausina un nerada savilkuma saj\u016btu pat ikdienas lieto\u0161anas laik\u0101<br data-start=\"6107\" data-end=\"6110\" \/>\u2714\ufe0f Darbojas k\u0101 att\u012bro\u0161s l\u012bdzeklis, maigs p\u012blings un maska vien\u0101 produkt\u0101<\/p>\n","protected":false},"featured_media":64782,"template":"","meta":[],"pwb-brand":[778],"product_brand":[],"product_cat":[715,653,739],"product_tag":[],"giftcard-category":[],"class_list":{"0":"post-77652","1":"product","2":"type-product","3":"status-publish","4":"has-post-thumbnail","6":"pwb-brand-ph-formula","7":"product_cat-attirisana","8":"product_cat-ph-formula-lv","9":"product_cat-sausai-adai","11":"first","12":"instock","13":"taxable","14":"shipping-taxable","15":"purchasable","16":"product-type-simple"},"acf":[],"brands":[{"id":778,"name":"pH Formula","slug":"ph-formula"}],"_links":{"self":[{"href":"https:\/\/skinstudio.ee\/lv\/wp-json\/wp\/v2\/product\/77652","targetHints":{"allow":["GET"]}}],"collection":[{"href":"https:\/\/skinstudio.ee\/lv\/wp-json\/wp\/v2\/product"}],"about":[{"href":"https:\/\/skinstudio.ee\/lv\/wp-json\/wp\/v2\/types\/product"}],"version-history":[{"count":1,"href":"https:\/\/skinstudio.ee\/lv\/wp-json\/wp\/v2\/product\/77652\/revisions"}],"predecessor-version":[{"id":77653,"href":"https:\/\/skinstudio.ee\/lv\/wp-json\/wp\/v2\/product\/77652\/revisions\/77653"}],"wp:featuredmedia":[{"embeddable":true,"href":"https:\/\/skinstudio.ee\/lv\/wp-json\/wp\/v2\/media\/64782"}],"wp:attachment":[{"href":"https:\/\/skinstudio.ee\/lv\/wp-json\/wp\/v2\/media?parent=77652"}],"wp:term":[{"taxonomy":"pwb-brand","embeddable":true,"href":"https:\/\/skinstudio.ee\/lv\/wp-json\/wp\/v2\/pwb-brand?post=77652"},{"taxonomy":"product_brand","embeddable":true,"href":"https:\/\/skinstudio.ee\/lv\/wp-json\/wp\/v2\/product_brand?post=77652"},{"taxonomy":"product_cat","embeddable":true,"href":"https:\/\/skinstudio.ee\/lv\/wp-json\/wp\/v2\/product_cat?post=77652"},{"taxonomy":"product_tag","embeddable":true,"href":"https:\/\/skinstudio.ee\/lv\/wp-json\/wp\/v2\/product_tag?post=77652"},{"taxonomy":"giftcard-category","embeddable":true,"href":"https:\/\/skinstudio.ee\/lv\/wp-json\/wp\/v2\/giftcard-category?post=77652"}],"curies":[{"name":"wp","href":"https:\/\/api.w.org\/{rel}","templated":true}]}}