{"id":77659,"date":"2025-07-06T11:09:44","date_gmt":"2025-07-06T11:09:44","guid":{"rendered":"https:\/\/skinstudio.ee\/?post_type=product&#038;p=77659"},"modified":"2026-02-13T15:28:21","modified_gmt":"2026-02-13T15:28:21","slug":"p-o-w-e-r-essence-tonic","status":"publish","type":"product","link":"https:\/\/skinstudio.ee\/lv\/catalog\/ph-formula\/p-o-w-e-r-essence-tonic\/","title":{"rendered":"P.O.W.E.R. Essence Tonic"},"content":{"rendered":"<p data-start=\"3486\" data-end=\"3750\"><strong data-start=\"3486\" data-end=\"3527\">P.O.W.E.R. Essence Tonic no pHformula<\/strong> ir toniks\u2013sprejs ar koncentr\u0113tu formulu, kas paredz\u0113ts intens\u012bvai \u0101das mitrin\u0101\u0161anai, tvirtuma uzlabo\u0161anai un svaiguma saj\u016btas pie\u0161\u0137ir\u0161anai. L\u012bdzeklis pal\u012bdz uzlabot \u0101das tekst\u016bru, padarot to glud\u0101ku, maig\u0101ku un mirdzo\u0161\u0101ku.<\/p>\n<p data-start=\"3752\" data-end=\"3929\">Toniks uzs\u016bcas uzreiz un sagatavo \u0101du turpm\u0101ko kop\u0161anas l\u012bdzek\u013cu, piem\u0113ram, serumu un kr\u0113mu, efekt\u012bv\u0101kai iedarb\u012bbai, k\u0101 ar\u012b pal\u012bdz saglab\u0101t \u0101das aizsardz\u012bbu visas dienas garum\u0101.<\/p>\n<p data-start=\"3931\" data-end=\"4176\"><strong data-start=\"3931\" data-end=\"3963\">Galveno sast\u0101vda\u013cu iedarb\u012bba<\/strong><\/p>\n<ul>\n<li data-start=\"3931\" data-end=\"4176\"><strong data-start=\"3966\" data-end=\"3982\">Niacinamide:<\/strong> pal\u012bdz izl\u012bdzin\u0101t \u0101das toni un uzlabot \u0101das visp\u0101r\u0113jo st\u0101vokli<\/li>\n<li data-start=\"3931\" data-end=\"4176\"><strong data-start=\"4048\" data-end=\"4071\">Sodium Hyaluronate:<\/strong> nodro\u0161ina dzi\u013cu un ilgsto\u0161u mitrin\u0101\u0161anu<\/li>\n<li data-start=\"3931\" data-end=\"4176\"><strong data-start=\"4114\" data-end=\"4128\">Panthenol:<\/strong> nomierina \u0101du un pal\u012bdz uztur\u0113t \u0101das komfortu<\/li>\n<\/ul>\n<p data-start=\"4178\" data-end=\"4302\">Piem\u0113rots visiem \u0101das tipiem, tostarp jut\u012bgai un dehidr\u0113tai \u0101dai, \u012bpa\u0161i, ja ir savilkuma saj\u016bta, bl\u0101vums un svaiguma zudums.<\/p>\n<p data-start=\"4304\" data-end=\"4322\"><strong data-start=\"4304\" data-end=\"4316\">Tilpums:<\/strong> 75 ml<\/p>\n","protected":false},"excerpt":{"rendered":"<p data-start=\"4512\" data-end=\"4582\"><span style=\"color: #ff0000;\"><strong data-start=\"4512\" data-end=\"4582\">pHFormula produktu pieg\u0101de ir pieejama tikai Igaunijas teritorij\u0101.<\/strong><\/span><\/p>\n<p data-start=\"4584\" data-end=\"4763\"><span style=\"color: #ff0000;\">NB! Produktu var ieg\u0101d\u0101ties p\u0113c konsult\u0101cijas ar speci\u0101listu. Zvaniet +372 58 500 171 vai rakstiet uz <a class=\"decorated-link cursor-pointer\" style=\"color: #ff0000;\" href=\"mailto:info@skinstudio.ee\" rel=\"noopener\" data-start=\"4686\" data-end=\"4704\">info@skinstudio.ee<\/a>. M\u016bsu konsultanti pal\u012bdz\u0113s ieg\u0101d\u0101ties \u0161\u012b z\u012bmola produktus.<\/span><\/p>\n<p data-start=\"4765\" data-end=\"4778\">Toniks\u2013sprejs<\/p>\n<h2 data-start=\"4780\" data-end=\"4829\"><strong data-start=\"4780\" data-end=\"4829\">\u012apa\u0161\u012bbas pHformula &#8211; P.O.W.E.R. Essence Tonic<\/strong><\/h2>\n<p data-start=\"4831\" data-end=\"5086\">\u2714\ufe0f Intens\u012bvi mitrina un sniedz \u0101dai komforta saj\u016btu<br data-start=\"4882\" data-end=\"4885\" \/>\u2714\ufe0f Uzlabo \u0101das toni un pie\u0161\u0137ir svaigu, koptu izskatu<br data-start=\"4937\" data-end=\"4940\" \/>\u2714\ufe0f Padara \u0101du glud\u0101ku un maig\u0101ku piesk\u0101rienam<br data-start=\"4985\" data-end=\"4988\" \/>\u2714\ufe0f Pal\u012bdz aizsarg\u0101t \u0101du no \u0101r\u0113j\u0101s vides ietekmes<br data-start=\"5036\" data-end=\"5039\" \/>\u2714\ufe0f Pastiprina turpm\u0101k\u0101s kop\u0161anas efektivit\u0101ti<\/p>\n","protected":false},"featured_media":64788,"template":"","meta":[],"pwb-brand":[778],"product_brand":[],"product_cat":[653,721],"product_tag":[],"giftcard-category":[],"class_list":{"0":"post-77659","1":"product","2":"type-product","3":"status-publish","4":"has-post-thumbnail","6":"pwb-brand-ph-formula","7":"product_cat-ph-formula-lv","8":"product_cat-toniki-lv","10":"first","11":"instock","12":"taxable","13":"shipping-taxable","14":"purchasable","15":"product-type-simple"},"acf":[],"brands":[{"id":778,"name":"pH Formula","slug":"ph-formula"}],"_links":{"self":[{"href":"https:\/\/skinstudio.ee\/lv\/wp-json\/wp\/v2\/product\/77659","targetHints":{"allow":["GET"]}}],"collection":[{"href":"https:\/\/skinstudio.ee\/lv\/wp-json\/wp\/v2\/product"}],"about":[{"href":"https:\/\/skinstudio.ee\/lv\/wp-json\/wp\/v2\/types\/product"}],"version-history":[{"count":1,"href":"https:\/\/skinstudio.ee\/lv\/wp-json\/wp\/v2\/product\/77659\/revisions"}],"predecessor-version":[{"id":77660,"href":"https:\/\/skinstudio.ee\/lv\/wp-json\/wp\/v2\/product\/77659\/revisions\/77660"}],"wp:featuredmedia":[{"embeddable":true,"href":"https:\/\/skinstudio.ee\/lv\/wp-json\/wp\/v2\/media\/64788"}],"wp:attachment":[{"href":"https:\/\/skinstudio.ee\/lv\/wp-json\/wp\/v2\/media?parent=77659"}],"wp:term":[{"taxonomy":"pwb-brand","embeddable":true,"href":"https:\/\/skinstudio.ee\/lv\/wp-json\/wp\/v2\/pwb-brand?post=77659"},{"taxonomy":"product_brand","embeddable":true,"href":"https:\/\/skinstudio.ee\/lv\/wp-json\/wp\/v2\/product_brand?post=77659"},{"taxonomy":"product_cat","embeddable":true,"href":"https:\/\/skinstudio.ee\/lv\/wp-json\/wp\/v2\/product_cat?post=77659"},{"taxonomy":"product_tag","embeddable":true,"href":"https:\/\/skinstudio.ee\/lv\/wp-json\/wp\/v2\/product_tag?post=77659"},{"taxonomy":"giftcard-category","embeddable":true,"href":"https:\/\/skinstudio.ee\/lv\/wp-json\/wp\/v2\/giftcard-category?post=77659"}],"curies":[{"name":"wp","href":"https:\/\/api.w.org\/{rel}","templated":true}]}}