{"id":77667,"date":"2025-07-06T10:45:35","date_gmt":"2025-07-06T10:45:35","guid":{"rendered":"https:\/\/skinstudio.ee\/?post_type=product&#038;p=77667"},"modified":"2026-02-13T15:28:14","modified_gmt":"2026-02-13T15:28:14","slug":"l-i-p-hydrate-spf15","status":"publish","type":"product","link":"https:\/\/skinstudio.ee\/lv\/catalog\/ph-formula\/l-i-p-hydrate-spf15\/","title":{"rendered":"L.I.P. Hydrate SPF15"},"content":{"rendered":"<p data-start=\"3934\" data-end=\"4171\"><strong data-start=\"3934\" data-end=\"3971\">L.I.P. Hydrate SPF15 no pHformula<\/strong> ir veg\u0101ns l\u016bpu balzams, kas izgatavots no augstas kvalit\u0101tes sast\u0101vda\u013c\u0101m un piem\u0113rots visai \u0123imenei. Tas intens\u012bvi mitrina, nomierina un kopj l\u016bpas, atjaunojot to vesel\u012bgu izskatu un komforta saj\u016btu.<\/p>\n<p data-start=\"4173\" data-end=\"4411\">L\u016bpu balzams ar SPF15 aizsarg\u0101 l\u016bpas no saules kait\u012bg\u0101s ietekmes. \u0160\u012b sviests pal\u012bdz aizsarg\u0101t \u0101du no \u0101r\u0113jiem faktoriem (UV starojuma un v\u0113ja) un satur daudz antioksidantu (A, E un F vitam\u012bnus), kas pal\u012bdz c\u012bn\u012bties ar br\u012bvajiem radik\u0101\u013ciem.<\/p>\n<p data-start=\"4413\" data-end=\"4447\"><strong data-start=\"4413\" data-end=\"4445\">Galveno sast\u0101vda\u013cu iedarb\u012bba<\/strong><\/p>\n<ul data-start=\"4448\" data-end=\"4896\">\n<li data-start=\"4448\" data-end=\"4618\">\n<p data-start=\"4450\" data-end=\"4618\"><strong data-start=\"4450\" data-end=\"4465\">\u0160\u012b sviests:<\/strong> bag\u0101t\u012bgs m\u012bkstino\u0161s komponents, kas galvenok\u0101rt sast\u0101v no ole\u012bnsk\u0101bes un stear\u012bnsk\u0101bes, pal\u012bdz saglab\u0101t \u0101das mitrumu un piem\u012bt pretiekaisuma \u012bpa\u0161\u012bbas.<\/p>\n<\/li>\n<li data-start=\"4619\" data-end=\"4791\">\n<p data-start=\"4621\" data-end=\"4791\"><strong data-start=\"4621\" data-end=\"4654\">Caprylic\/Capric Triglyceride:<\/strong> ieg\u016bts no kokosriekstu e\u013c\u013cas un glicer\u012bna \u2013 efekt\u012bvi m\u012bkstino\u0161i un barojo\u0161i komponenti, kas \u0101tri ies\u016bcas un atbalsta \u0101das mitrin\u0101\u0161anu.<\/p>\n<\/li>\n<li data-start=\"4792\" data-end=\"4896\">\n<p data-start=\"4794\" data-end=\"4896\"><strong data-start=\"4794\" data-end=\"4816\">UVA un UVB filtri:<\/strong> nepiecie\u0161ami uzticamas un pla\u0161a spektra aizsardz\u012bbas nodro\u0161in\u0101\u0161anai pret sauli.<\/p>\n<\/li>\n<\/ul>\n<p data-start=\"4898\" data-end=\"5004\">Piem\u0113rots ikdienas lieto\u0161anai visai \u0123imenei, \u012bpa\u0161i sausuma, jut\u012bguma un saules vai v\u0113ja ietekmes gad\u012bjum\u0101.<\/p>\n<p data-start=\"5006\" data-end=\"5024\"><strong data-start=\"5006\" data-end=\"5018\">Tilpums:<\/strong> 15 ml<\/p>\n","protected":false},"excerpt":{"rendered":"<p data-start=\"5131\" data-end=\"5201\"><span style=\"color: #ff0000;\"><strong data-start=\"5131\" data-end=\"5201\">pHFormula produktu pieg\u0101de ir pieejama tikai Igaunijas teritorij\u0101.<\/strong><\/span><\/p>\n<p data-start=\"5203\" data-end=\"5382\"><span style=\"color: #ff0000;\">NB! Produktu var ieg\u0101d\u0101ties p\u0113c konsult\u0101cijas ar speci\u0101listu. Zvaniet +372 58 500 171 vai rakstiet uz <a class=\"decorated-link cursor-pointer\" style=\"color: #ff0000;\" href=\"mailto:info@skinstudio.ee\" rel=\"noopener\" data-start=\"5305\" data-end=\"5323\">info@skinstudio.ee<\/a>. M\u016bsu konsultanti pal\u012bdz\u0113s ieg\u0101d\u0101ties \u0161\u012b z\u012bmola produktus.<\/span><\/p>\n<p data-start=\"5384\" data-end=\"5425\">Mitrino\u0161s l\u016bpu balzams ar SPF aizsardz\u012bbu<\/p>\n<h2 data-start=\"5427\" data-end=\"5472\"><strong data-start=\"5427\" data-end=\"5472\">\u012apa\u0161\u012bbas pHformula &#8211; L.I.P. Hydrate SPF15<\/strong><\/h2>\n<p data-start=\"5474\" data-end=\"5710\">\u2714\ufe0f Intens\u012bvi mitrina un baro l\u016bpas<br data-start=\"5508\" data-end=\"5511\" \/>\u2714\ufe0f Aizsarg\u0101 no saules kait\u012bg\u0101s ietekmes (SPF15)<br data-start=\"5558\" data-end=\"5561\" \/>\u2714\ufe0f M\u012bkstina un pal\u012bdz nov\u0113rst sausumu un plais\u0101\u0161anu<br data-start=\"5612\" data-end=\"5615\" \/>\u2714\ufe0f Nodro\u0161ina komfortu un gludumu l\u016bp\u0101m<br data-start=\"5653\" data-end=\"5656\" \/>\u2714\ufe0f Viegl\u0101 tekst\u016bra \u0101tri ies\u016bcas un neatst\u0101j lip\u012bgumu<\/p>\n","protected":false},"featured_media":64793,"template":"","meta":[],"pwb-brand":[778],"product_brand":[],"product_cat":[759,653,731],"product_tag":[],"giftcard-category":[],"class_list":{"0":"post-77667","1":"product","2":"type-product","3":"status-publish","4":"has-post-thumbnail","6":"pwb-brand-ph-formula","7":"product_cat-lupu-kopsana","8":"product_cat-ph-formula-lv","9":"product_cat-spf-aizsardziba","11":"first","12":"instock","13":"taxable","14":"shipping-taxable","15":"purchasable","16":"product-type-simple"},"acf":[],"brands":[{"id":778,"name":"pH Formula","slug":"ph-formula"}],"_links":{"self":[{"href":"https:\/\/skinstudio.ee\/lv\/wp-json\/wp\/v2\/product\/77667","targetHints":{"allow":["GET"]}}],"collection":[{"href":"https:\/\/skinstudio.ee\/lv\/wp-json\/wp\/v2\/product"}],"about":[{"href":"https:\/\/skinstudio.ee\/lv\/wp-json\/wp\/v2\/types\/product"}],"version-history":[{"count":1,"href":"https:\/\/skinstudio.ee\/lv\/wp-json\/wp\/v2\/product\/77667\/revisions"}],"predecessor-version":[{"id":77668,"href":"https:\/\/skinstudio.ee\/lv\/wp-json\/wp\/v2\/product\/77667\/revisions\/77668"}],"wp:featuredmedia":[{"embeddable":true,"href":"https:\/\/skinstudio.ee\/lv\/wp-json\/wp\/v2\/media\/64793"}],"wp:attachment":[{"href":"https:\/\/skinstudio.ee\/lv\/wp-json\/wp\/v2\/media?parent=77667"}],"wp:term":[{"taxonomy":"pwb-brand","embeddable":true,"href":"https:\/\/skinstudio.ee\/lv\/wp-json\/wp\/v2\/pwb-brand?post=77667"},{"taxonomy":"product_brand","embeddable":true,"href":"https:\/\/skinstudio.ee\/lv\/wp-json\/wp\/v2\/product_brand?post=77667"},{"taxonomy":"product_cat","embeddable":true,"href":"https:\/\/skinstudio.ee\/lv\/wp-json\/wp\/v2\/product_cat?post=77667"},{"taxonomy":"product_tag","embeddable":true,"href":"https:\/\/skinstudio.ee\/lv\/wp-json\/wp\/v2\/product_tag?post=77667"},{"taxonomy":"giftcard-category","embeddable":true,"href":"https:\/\/skinstudio.ee\/lv\/wp-json\/wp\/v2\/giftcard-category?post=77667"}],"curies":[{"name":"wp","href":"https:\/\/api.w.org\/{rel}","templated":true}]}}