{"id":77674,"date":"2025-07-06T10:21:35","date_gmt":"2025-07-06T10:21:35","guid":{"rendered":"https:\/\/skinstudio.ee\/?post_type=product&#038;p=77674"},"modified":"2026-02-13T15:28:25","modified_gmt":"2026-02-13T15:28:25","slug":"sos-hydra-gel-mask","status":"publish","type":"product","link":"https:\/\/skinstudio.ee\/lv\/catalog\/ph-formula\/sos-hydra-gel-mask\/","title":{"rendered":"SOS Hydra Gel Mask"},"content":{"rendered":"<p data-start=\"3477\" data-end=\"3742\"><strong data-start=\"3477\" data-end=\"3512\">SOS Hydra Gel Mask no pHformula<\/strong> ir g\u0113la maska ar hialuronsk\u0101bi, alveju un pantenolu, kas intens\u012bvi mitrina \u0101du un nekav\u0113joties nomierina kairin\u0101jumu. T\u0101 atjauno komforta saj\u016btu, uzlabo \u0101das tekst\u016bru un pal\u012bdz \u0101dai \u0101tr\u0101k atjaunoties p\u0113c \u0101r\u0113jiem stresa faktoriem.<\/p>\n<p data-start=\"3744\" data-end=\"3919\">Maska ir \u012bpa\u0161i piem\u0113rota jut\u012bgai, dehidr\u0113tai un noguru\u0161ai \u0101dai. To var lietot gan k\u0101 SOS l\u012bdzekli kairin\u0101juma un sausuma gad\u012bjum\u0101, gan k\u0101 regul\u0101ru mitrino\u0161u kop\u0161anas l\u012bdzekli.<\/p>\n<p data-start=\"3921\" data-end=\"3955\"><strong data-start=\"3921\" data-end=\"3953\">Galveno sast\u0101vda\u013cu iedarb\u012bba<\/strong><\/p>\n<ul data-start=\"3956\" data-end=\"4227\">\n<li data-start=\"3956\" data-end=\"4057\">\n<p data-start=\"3958\" data-end=\"4057\"><strong data-start=\"3958\" data-end=\"3978\">Hyaluronic Acid:<\/strong> intens\u012bvi mitrina \u0101du un pal\u012bdz saglab\u0101t mitrumu, nov\u0113r\u0161ot savilkuma saj\u016btu.<\/p>\n<\/li>\n<li data-start=\"4058\" data-end=\"4133\">\n<p data-start=\"4060\" data-end=\"4133\"><strong data-start=\"4060\" data-end=\"4074\">Aloe Vera:<\/strong> nomierina \u0101du, mazina aps\u0101rtumu un veicina atjauno\u0161anos.<\/p>\n<\/li>\n<li data-start=\"4134\" data-end=\"4227\">\n<p data-start=\"4136\" data-end=\"4227\"><strong data-start=\"4136\" data-end=\"4150\">Panthenol:<\/strong> atbalsta \u0101das re\u0123ener\u0101ciju, mazina kairin\u0101jumu un palielina komforta saj\u016btu.<\/p>\n<\/li>\n<\/ul>\n<p data-start=\"4229\" data-end=\"4348\">Piem\u0113rota sausai, jut\u012bgai, dehidr\u0113tai un noguru\u0161ai \u0101dai, \u012bpa\u0161i p\u0113c saules, v\u0113ja, proced\u016br\u0101m un citiem stresa faktoriem.<\/p>\n<p data-start=\"4350\" data-end=\"4368\"><strong data-start=\"4350\" data-end=\"4362\">Tilpums:<\/strong> 50 ml<\/p>\n","protected":false},"excerpt":{"rendered":"<p data-start=\"4459\" data-end=\"4529\"><span style=\"color: #ff0000;\"><strong data-start=\"4459\" data-end=\"4529\">pHFormula produktu pieg\u0101de ir pieejama tikai Igaunijas teritorij\u0101.<\/strong><\/span><\/p>\n<p data-start=\"4531\" data-end=\"4710\"><span style=\"color: #ff0000;\">NB! Produktu var ieg\u0101d\u0101ties p\u0113c konsult\u0101cijas ar speci\u0101listu. Zvaniet +372 58 500 171 vai rakstiet uz <a class=\"decorated-link cursor-pointer\" style=\"color: #ff0000;\" href=\"mailto:info@skinstudio.ee\" rel=\"noopener\" data-start=\"4633\" data-end=\"4651\">info@skinstudio.ee<\/a>. M\u016bsu konsultanti pal\u012bdz\u0113s ieg\u0101d\u0101ties \u0161\u012b z\u012bmola produktus.<\/span><\/p>\n<p data-start=\"4712\" data-end=\"4736\">Atsvaidzino\u0161a g\u0113la maska<\/p>\n<h2 data-start=\"4738\" data-end=\"4781\"><strong data-start=\"4738\" data-end=\"4781\">\u012apa\u0161\u012bbas pHformula &#8211; SOS Hydra Gel Mask<\/strong><\/h2>\n<p data-start=\"4783\" data-end=\"5026\">\u2714\ufe0f \u0100tri nov\u0113r\u0161 sausumu un savilkuma saj\u016btu<br data-start=\"4825\" data-end=\"4828\" \/>\u2714\ufe0f Intens\u012bvi mitrina un atjauno \u0101das mitruma l\u012bdzsvaru<br data-start=\"4882\" data-end=\"4885\" \/>\u2714\ufe0f Nomierina \u0101du un samazina jut\u012bgumu<br data-start=\"4922\" data-end=\"4925\" \/>\u2714\ufe0f Padara \u0101du maig\u0101ku, svaig\u0101ku un glud\u0101ku<br data-start=\"4967\" data-end=\"4970\" \/>\u2714\ufe0f Ide\u0101la p\u0113c saules, v\u0113ja un kosm\u0113tiskaj\u0101m proced\u016br\u0101m<\/p>\n","protected":false},"featured_media":36107,"template":"","meta":[],"pwb-brand":[778],"product_brand":[],"product_cat":[725,653],"product_tag":[],"giftcard-category":[],"class_list":{"0":"post-77674","1":"product","2":"type-product","3":"status-publish","4":"has-post-thumbnail","6":"pwb-brand-ph-formula","7":"product_cat-maskas","8":"product_cat-ph-formula-lv","10":"first","11":"instock","12":"taxable","13":"shipping-taxable","14":"purchasable","15":"product-type-simple"},"acf":[],"brands":[{"id":778,"name":"pH Formula","slug":"ph-formula"}],"_links":{"self":[{"href":"https:\/\/skinstudio.ee\/lv\/wp-json\/wp\/v2\/product\/77674","targetHints":{"allow":["GET"]}}],"collection":[{"href":"https:\/\/skinstudio.ee\/lv\/wp-json\/wp\/v2\/product"}],"about":[{"href":"https:\/\/skinstudio.ee\/lv\/wp-json\/wp\/v2\/types\/product"}],"version-history":[{"count":1,"href":"https:\/\/skinstudio.ee\/lv\/wp-json\/wp\/v2\/product\/77674\/revisions"}],"predecessor-version":[{"id":77675,"href":"https:\/\/skinstudio.ee\/lv\/wp-json\/wp\/v2\/product\/77674\/revisions\/77675"}],"wp:featuredmedia":[{"embeddable":true,"href":"https:\/\/skinstudio.ee\/lv\/wp-json\/wp\/v2\/media\/36107"}],"wp:attachment":[{"href":"https:\/\/skinstudio.ee\/lv\/wp-json\/wp\/v2\/media?parent=77674"}],"wp:term":[{"taxonomy":"pwb-brand","embeddable":true,"href":"https:\/\/skinstudio.ee\/lv\/wp-json\/wp\/v2\/pwb-brand?post=77674"},{"taxonomy":"product_brand","embeddable":true,"href":"https:\/\/skinstudio.ee\/lv\/wp-json\/wp\/v2\/product_brand?post=77674"},{"taxonomy":"product_cat","embeddable":true,"href":"https:\/\/skinstudio.ee\/lv\/wp-json\/wp\/v2\/product_cat?post=77674"},{"taxonomy":"product_tag","embeddable":true,"href":"https:\/\/skinstudio.ee\/lv\/wp-json\/wp\/v2\/product_tag?post=77674"},{"taxonomy":"giftcard-category","embeddable":true,"href":"https:\/\/skinstudio.ee\/lv\/wp-json\/wp\/v2\/giftcard-category?post=77674"}],"curies":[{"name":"wp","href":"https:\/\/api.w.org\/{rel}","templated":true}]}}